{"id":2553,"date":"2023-05-23T09:12:13","date_gmt":"2023-05-23T07:12:13","guid":{"rendered":"https:\/\/www.campingtropical.com\/unsere-geschichte\/"},"modified":"2023-05-23T09:12:18","modified_gmt":"2023-05-23T07:12:18","slug":"unsere-geschichte","status":"publish","type":"page","link":"https:\/\/www.campingtropical.com\/de\/unsere-geschichte\/","title":{"rendered":"Unsere Geschichte"},"content":{"rendered":"<div  class=\"grids-section four-servces-boxes grids-is-advanced alignwide\" style=\"--_gs-gap-desktop:0px 0px;--_gs-m-desktop:0 0 0 0;--_gs-p-desktop:0 0 0 0;--_gs-bg-desktop:transparent none;--_gs-bg-xp-desktop:0px;--_gs-zi-desktop:auto;--_gs-d-desktop:block;--_gs-mw-desktop:calc(100% - 0 - 0);--_gs-gap-tablet:0px 0px;--_gs-m-tablet:0 0 0 0;--_gs-p-tablet:0 0 0 0;--_gs-bg-tablet:transparent none;--_gs-bg-xp-tablet:0px;--_gs-zi-tablet:auto;--_gs-d-tablet:block;--_gs-mw-tablet:calc(100% - 0 - 0);--_gs-gap-mobile:0px 0px;--_gs-m-mobile:0 0 0 0;--_gs-p-mobile:0 0 0 0;--_gs-bg-mobile:transparent none;--_gs-bg-xp-mobile:0px;--_gs-zi-mobile:auto;--_gs-d-mobile:block;--_gs-mw-mobile:calc(100% - 0 - 0);--_gs-columns:12;--_gs-rows:6\"><div class=\"grids-s-w_i\">\n<div class=\"grids-area\" style=\"--_ga-column:1\/13;--_ga-row:1\/4;--_ga-m-desktop:0 0 0 0;--_ga-p-desktop:0 0 0 0;--_ga-bg-desktop:transparent none;--_ga-zi-desktop:auto;--_ga-d-desktop:flex;--_ga-mw-desktop:calc(100% - 0 - 0);--_ga-m-tablet:0 0 0 0;--_ga-p-tablet:0 0 0 0;--_ga-bg-tablet:transparent none;--_ga-zi-tablet:auto;--_ga-d-tablet:flex;--_ga-mw-tablet:calc(100% - 0 - 0);--_ga-m-mobile:0 0 0 0;--_ga-p-mobile:0 0 0 0;--_ga-bg-mobile:transparent none;--_ga-zi-mobile:auto;--_ga-d-mobile:flex;--_ga-mw-mobile:calc(100% - 0 - 0)\">\n\n<h1 class=\"wp-block-heading has-text-align-center has-text-color advgb-dyn-dfb1f074\" style=\"color:#06485b\">Die Geschichte des Camping Tropical\n        <\/h1>\n\n\n\n<h2 class=\"wp-block-heading has-text-align-center advgb-dyn-265c3b03\">Gestern, Ezio und Rossana\n        <\/h2>\n\n\n\n<h4 class=\"wp-block-heading has-text-align-center\">Sie sind diejenigen, die alles ins Rollen gebracht haben\n        <\/h4>\n\n\n\n<p class=\"has-text-align-center\">Das Camping Tropical wurde <strong>1995<\/strong> als Erf\u00fcllung <strong>eines Lebenstraums von Ezio und Rossana<\/strong> gegr\u00fcndet und wird seit Beginn mit Leidenschaft und Hingabe von der Familie gef\u00fchrt.\n        <\/p>\n\n\n\n<p class=\"has-text-align-center\">Ein <strong>ruhiger und gem\u00fctlicher Ort<\/strong> f\u00fcr Sommerferien in Sottomarina, der schnell begann sich zu vergr\u00f6\u00dfern.\n         Die G\u00e4ste wurden von der <strong>famili\u00e4ren Atmosph\u00e4re und der nat\u00fcrlichen Sch\u00f6nheit der Gegend angezogen<\/strong>.\n        <\/p>\n\n\n\n<p class=\"has-text-align-center\">In den folgenden Jahren wurde der <strong>Campingplatz nach und nach erweitert<\/strong>, mit neuen Unterk\u00fcnften und immer moderneren Einrichtungen.\n         Die Familie hat kontinuierlich in die <strong>Instandhaltung und Erweiterung<\/strong> des Campingplatzes investiert und bietet immer <strong>mehr Ausstattungen und Services<\/strong>, um den Urlaub ihrer G\u00e4ste so angenehm wie m\u00f6glich zu gestalten.\n        <\/p>\n\n<\/div>\n<\/div><\/div><div  class=\"grids-section grids-is-advanced alignwide\" style=\"--_gs-gap-desktop:0px 0px;--_gs-m-desktop:-90px 0 30px 0;--_gs-p-desktop:0 0 0 0;--_gs-bg-desktop:transparent none;--_gs-bg-xp-desktop:0px;--_gs-zi-desktop:auto;--_gs-d-desktop:block;--_gs-mw-desktop:calc(100% - 0 - 0);--_gs-gap-tablet:0px 0px;--_gs-m-tablet:-90px 0 30px 0;--_gs-p-tablet:0 0 0 0;--_gs-bg-tablet:transparent none;--_gs-bg-xp-tablet:0px;--_gs-zi-tablet:auto;--_gs-d-tablet:block;--_gs-mw-tablet:calc(100% - 0 - 0);--_gs-gap-mobile:0px 0px;--_gs-m-mobile:0px 0 0px 0;--_gs-p-mobile:0 0 0 0;--_gs-bg-mobile:transparent none;--_gs-bg-xp-mobile:0px;--_gs-zi-mobile:auto;--_gs-d-mobile:none;--_gs-mw-mobile:calc(100% - 0 - 0);--_gs-columns:12;--_gs-rows:6\"><div class=\"grids-s-w_i\">\n<div class=\"grids-area\" style=\"--_ga-column:1\/13;--_ga-row:1\/7;--_ga-m-desktop:0 0 0 0;--_ga-p-desktop:0 0 0 0;--_ga-bg-desktop:transparent none;--_ga-zi-desktop:auto;--_ga-d-desktop:flex;--_ga-mw-desktop:calc(100% - 0 - 0);--_ga-m-tablet:0 0 0 0;--_ga-p-tablet:0 0 0 0;--_ga-bg-tablet:transparent none;--_ga-zi-tablet:auto;--_ga-d-tablet:flex;--_ga-mw-tablet:calc(100% - 0 - 0);--_ga-m-mobile:0 0 0 0;--_ga-p-mobile:0 0 0 0;--_ga-bg-mobile:transparent none;--_ga-zi-mobile:auto;--_ga-d-mobile:flex;--_ga-mw-mobile:calc(100% - 0 - 0)\">\n\n<h2 class=\"wp-block-heading has-text-align-center palm-before palm-after has-text-color advgb-dyn-bb4fcd79\" style=\"color:#004f6c\">Camping Tropical heute\n        <\/h2>\n\n\n\n<p class=\"has-text-align-center\">Dauerhafter Fokus auf Verbesserung\n        <\/p>\n\n<\/div>\n<\/div><\/div><div  class=\"grids-section image-wave-row grids-is-advanced alignfull\" style=\"--_gs-gap-desktop:0px 0px;--_gs-m-desktop:0 0 0 0;--_gs-p-desktop:0 0 0 0;--_gs-bg-desktop:transparent none;--_gs-bg-xp-desktop:0px;--_gs-zi-desktop:auto;--_gs-d-desktop:block;--_gs-mw-desktop:calc(100% - 0 - 0);--_gs-gap-tablet:0px 0px;--_gs-m-tablet:0 0 0 0;--_gs-p-tablet:0 0 0 0;--_gs-bg-tablet:transparent none;--_gs-bg-xp-tablet:0px;--_gs-zi-tablet:auto;--_gs-d-tablet:block;--_gs-mw-tablet:calc(100% - 0 - 0);--_gs-gap-mobile:0px 0px;--_gs-m-mobile:0 0 0 0;--_gs-p-mobile:0 0 0 0;--_gs-bg-mobile:transparent none;--_gs-bg-xp-mobile:0px;--_gs-zi-mobile:auto;--_gs-d-mobile:block;--_gs-mw-mobile:calc(100% - 0 - 0);--_gs-columns:12;--_gs-rows:6\"><div class=\"grids-s-w_i\">\n<div class=\"grids-area column-text\" style=\"--_ga-column:7\/13;--_ga-row:1\/7;--_ga-m-desktop:0 0 0 0;--_ga-p-desktop:0 0 0 0;--_ga-bg-desktop:transparent url(https:\/\/www.campingtropical.com\/wp-content\/uploads\/2023\/03\/onda-singola-azzurro.png) no-repeat 50% 100%  \/ contain;--_ga-zi-desktop:auto;--_ga-d-desktop:flex;--_ga-mw-desktop:calc(100% - 0 - 0);--_ga-m-tablet:0 0 0 0;--_ga-p-tablet:0 0 0 0;--_ga-bg-tablet:transparent url(https:\/\/www.campingtropical.com\/wp-content\/uploads\/2023\/03\/onda-singola-azzurro.png) no-repeat 50% 100%  \/ contain;--_ga-zi-tablet:auto;--_ga-d-tablet:flex;--_ga-mw-tablet:calc(100% - 0 - 0);--_ga-m-mobile:0 0 0 0;--_ga-p-mobile:0 0 0 0;--_ga-bg-mobile:transparent url(https:\/\/www.campingtropical.com\/wp-content\/uploads\/2023\/03\/onda-singola-azzurro.png) no-repeat 50% 100%  \/ contain;--_ga-zi-mobile:auto;--_ga-d-mobile:flex;--_ga-mw-mobile:calc(100% - 0 - 0)\">\n\n<h2 class=\"wp-block-heading palm-before has-text-color advgb-dyn-4b9598b4\" style=\"color:#004f6c\">Ein moderner und eleganter Campingplatz\n        <\/h2>\n\n\n\n<h4 class=\"wp-block-heading advgb-dyn-6d3b5bc8\">Direkter Meereszugang \n        <\/h4>\n\n\n\n<p>Heute ist Camping Tropical ein <strong>moderner und eleganter Campingplatz<\/strong>  mit <strong>direktem Zugang zum Meer<\/strong> und einem gro\u00dfen <strong>Privatstrand<\/strong>, der mit einer Vielzahl von <strong>Services<\/strong> ausgestattet ist.\n        <\/p>\n\n\n\n<p>Es gibt gro\u00dfz\u00fcgige Stellpl\u00e4tze f\u00fcr Zelte und Wohnmobile sowie moderne Unterk\u00fcnfte und Luxusapartments mit hohem Komfort.\n         Der Campingplatz umfasst auch einen <strong>gro\u00dfen Spielplatz f\u00fcr Kinder<\/strong>, ein <strong>Restaurant &amp; Bar\/Cafeteria<\/strong> und ein <strong>Kiosk<\/strong> am Strand.\n        <\/p>\n\n<\/div>\n\n<div class=\"grids-area column-image\" style=\"--_ga-column:1\/7;--_ga-row:1\/7;--_ga-va:center;--_ga-m-desktop:0 0 0 0;--_ga-p-desktop:0 0 0 0;--_ga-bg-desktop:transparent url(https:\/\/www.campingtropical.com\/wp-content\/uploads\/2023\/04\/camping-tropical-giochi-spiaggia-01.jpg) no-repeat 50% 50%  \/ cover;--_ga-zi-desktop:auto;--_ga-d-desktop:flex;--_ga-mw-desktop:calc(100% - 0 - 0);--_ga-m-tablet:0 0 0 0;--_ga-p-tablet:0 0 0 0;--_ga-bg-tablet:transparent url(https:\/\/www.campingtropical.com\/wp-content\/uploads\/2023\/04\/camping-tropical-giochi-spiaggia-01.jpg) no-repeat 50% 50%  \/ cover;--_ga-zi-tablet:auto;--_ga-d-tablet:flex;--_ga-mw-tablet:calc(100% - 0 - 0);--_ga-m-mobile:0 0 0 0;--_ga-p-mobile:0 0 0 0;--_ga-bg-mobile:transparent url(https:\/\/www.campingtropical.com\/wp-content\/uploads\/2023\/04\/camping-tropical-giochi-spiaggia-01.jpg) no-repeat 50% 50%  \/ cover;--_ga-zi-mobile:auto;--_ga-d-mobile:flex;--_ga-mw-mobile:calc(100% - 0 - 0)\"><\/div>\n<\/div><\/div><div  class=\"grids-section image-wave-row grids-is-advanced alignfull\" style=\"--_gs-gap-desktop:0px 0px;--_gs-m-desktop:0 0 0 0;--_gs-p-desktop:0 0 0 0;--_gs-bg-desktop:transparent none;--_gs-bg-xp-desktop:0px;--_gs-zi-desktop:auto;--_gs-d-desktop:block;--_gs-mw-desktop:calc(100% - 0 - 0);--_gs-gap-tablet:0px 0px;--_gs-m-tablet:0 0 0 0;--_gs-p-tablet:0 0 0 0;--_gs-bg-tablet:transparent none;--_gs-bg-xp-tablet:0px;--_gs-zi-tablet:auto;--_gs-d-tablet:block;--_gs-mw-tablet:calc(100% - 0 - 0);--_gs-gap-mobile:0px 0px;--_gs-m-mobile:0 0 0 0;--_gs-p-mobile:0 0 0 0;--_gs-bg-mobile:transparent none;--_gs-bg-xp-mobile:0px;--_gs-zi-mobile:auto;--_gs-d-mobile:block;--_gs-mw-mobile:calc(100% - 0 - 0);--_gs-columns:12;--_gs-rows:6\"><div class=\"grids-s-w_i\">\n<div class=\"grids-area column-text\" style=\"--_ga-column:1\/7;--_ga-row:1\/7;--_ga-m-desktop:0 0 0 0;--_ga-p-desktop:0 0 0 0;--_ga-bg-desktop:transparent url(https:\/\/www.campingtropical.com\/wp-content\/uploads\/2023\/03\/onda-singola.png) no-repeat 50% 100%  \/ contain;--_ga-zi-desktop:auto;--_ga-d-desktop:flex;--_ga-mw-desktop:calc(100% - 0 - 0);--_ga-m-tablet:0 0 0 0;--_ga-p-tablet:0 0 0 0;--_ga-bg-tablet:transparent url(https:\/\/www.campingtropical.com\/wp-content\/uploads\/2023\/03\/onda-singola.png) no-repeat 50% 100%  \/ contain;--_ga-zi-tablet:auto;--_ga-d-tablet:flex;--_ga-mw-tablet:calc(100% - 0 - 0);--_ga-m-mobile:0 0 0 0;--_ga-p-mobile:0 0 0 0;--_ga-bg-mobile:transparent url(https:\/\/www.campingtropical.com\/wp-content\/uploads\/2023\/03\/onda-singola.png) no-repeat 50% 100%  \/ contain;--_ga-zi-mobile:auto;--_ga-d-mobile:flex;--_ga-mw-mobile:calc(100% - 0 - 0)\">\n\n<h2 class=\"wp-block-heading palm-before has-text-color advgb-dyn-5837bd09\" style=\"color:#004f6c\">Dauerhafter Fokus auf Verbesserung\n        <\/h2>\n\n\n\n<h4 class=\"wp-block-heading advgb-dyn-9a7582f4\">Das Engagement der Familie\n        <\/h4>\n\n\n\n<p>Das fortlaufende Streben nach Verbesserung und das Engagement der Familie haben das Camping Tropical zum <strong>besten Reiseziel f\u00fcr Familien und Reisende jeden Alters gemacht<\/strong>.\n         Renommiert und respektiert f\u00fcr seine Gastfreundschaft und <strong>Liebe zum Detail<\/strong>, k\u00f6nnen G\u00e4ste hier einen unvergesslichen Urlaub in der Sch\u00f6nheit der venetischen Landschaft genie\u00dfen.\n        <\/p>\n\n<\/div>\n\n<div class=\"grids-area column-image\" style=\"--_ga-column:7\/13;--_ga-row:1\/7;--_ga-va:center;--_ga-m-desktop:0 0 0 0;--_ga-p-desktop:0 0 0 0;--_ga-bg-desktop:transparent url(https:\/\/www.campingtropical.com\/wp-content\/uploads\/2023\/04\/camping-tropical-sottomarina-famiglia.jpg) no-repeat 50% 50%  \/ cover;--_ga-zi-desktop:auto;--_ga-d-desktop:flex;--_ga-mw-desktop:calc(100% - 0 - 0);--_ga-m-tablet:0 0 0 0;--_ga-p-tablet:0 0 0 0;--_ga-bg-tablet:transparent url(https:\/\/www.campingtropical.com\/wp-content\/uploads\/2023\/04\/camping-tropical-sottomarina-famiglia.jpg) no-repeat 50% 50%  \/ cover;--_ga-zi-tablet:auto;--_ga-d-tablet:flex;--_ga-mw-tablet:calc(100% - 0 - 0);--_ga-m-mobile:0 0 0 0;--_ga-p-mobile:0 0 0 0;--_ga-bg-mobile:transparent url(https:\/\/www.campingtropical.com\/wp-content\/uploads\/2023\/04\/camping-tropical-sottomarina-famiglia.jpg) no-repeat 50% 50%  \/ cover;--_ga-zi-mobile:auto;--_ga-d-mobile:flex;--_ga-mw-mobile:calc(100% - 0 - 0)\"><\/div>\n<\/div><\/div>","protected":false},"excerpt":{"rendered":"","protected":false},"author":6,"featured_media":2067,"parent":0,"menu_order":0,"comment_status":"closed","ping_status":"closed","template":"","meta":{"_acf_changed":false,"_seopress_robots_primary_cat":"","_seopress_titles_title":" %%post_title%% %%sep%% %%sitetitle%%\n        ","_seopress_titles_desc":"Entdecke die Geschichte des Camping Tropical\n         Ein moderner Campingplatz mit allen Ausstattungen, direktem Zugang zum Meer und einem gro\u00dfen Privatstrand.\n        ","_seopress_robots_index":"","advgb_blocks_editor_width":"","advgb_blocks_columns_visual_guide":"","footnotes":""},"class_list":["post-2553","page","type-page","status-publish","has-post-thumbnail","hentry","entry"],"acf":[],"coauthors":[],"author_meta":{"author_link":"https:\/\/www.campingtropical.com\/de\/author\/federica-o8y61tra\/","display_name":"federica.o8y61tra"},"relative_dates":{"created":"Posted 3\u00a0Jahren ago","modified":"Updated 3\u00a0Jahren ago"},"absolute_dates":{"created":"Posted on Mai 23, 2023","modified":"Updated on Mai 23, 2023"},"absolute_dates_time":{"created":"Posted on Mai 23, 2023 9:12 a.m.","modified":"Updated on Mai 23, 2023 9:12 a.m."},"featured_img_caption":"","featured_img":"https:\/\/www.campingtropical.com\/wp-content\/uploads\/2023\/04\/camping-tropical-sottomarina-offerte-banner-1568x784.jpg","series_order":"","_links":{"self":[{"href":"https:\/\/www.campingtropical.com\/de\/wp-json\/wp\/v2\/pages\/2553","targetHints":{"allow":["GET"]}}],"collection":[{"href":"https:\/\/www.campingtropical.com\/de\/wp-json\/wp\/v2\/pages"}],"about":[{"href":"https:\/\/www.campingtropical.com\/de\/wp-json\/wp\/v2\/types\/page"}],"author":[{"embeddable":true,"href":"https:\/\/www.campingtropical.com\/de\/wp-json\/wp\/v2\/users\/6"}],"replies":[{"embeddable":true,"href":"https:\/\/www.campingtropical.com\/de\/wp-json\/wp\/v2\/comments?post=2553"}],"version-history":[{"count":1,"href":"https:\/\/www.campingtropical.com\/de\/wp-json\/wp\/v2\/pages\/2553\/revisions"}],"predecessor-version":[{"id":2555,"href":"https:\/\/www.campingtropical.com\/de\/wp-json\/wp\/v2\/pages\/2553\/revisions\/2555"}],"wp:featuredmedia":[{"embeddable":true,"href":"https:\/\/www.campingtropical.com\/de\/wp-json\/wp\/v2\/media\/2067"}],"wp:attachment":[{"href":"https:\/\/www.campingtropical.com\/de\/wp-json\/wp\/v2\/media?parent=2553"}],"curies":[{"name":"wp","href":"https:\/\/api.w.org\/{rel}","templated":true}]}}