{"id":2715,"date":"2023-05-23T09:12:36","date_gmt":"2023-05-23T07:12:36","guid":{"rendered":"https:\/\/www.campingtropical.com\/regelungen\/"},"modified":"2024-12-03T08:38:37","modified_gmt":"2024-12-03T07:38:37","slug":"regelungen","status":"publish","type":"page","link":"https:\/\/www.campingtropical.com\/de\/regelungen\/","title":{"rendered":"Regelungen"},"content":{"rendered":"<div  class=\"grids-section four-servces-boxes grids-is-advanced alignwide\" style=\"--_gs-gap-desktop:0px 0px;--_gs-m-desktop:0 0 0 0;--_gs-p-desktop:0 0 0 0;--_gs-bg-desktop:transparent none;--_gs-bg-xp-desktop:0px;--_gs-zi-desktop:auto;--_gs-d-desktop:block;--_gs-mw-desktop:calc(100% - 0 - 0);--_gs-gap-tablet:0px 0px;--_gs-m-tablet:0 0 0 0;--_gs-p-tablet:0 0 0 0;--_gs-bg-tablet:transparent none;--_gs-bg-xp-tablet:0px;--_gs-zi-tablet:auto;--_gs-d-tablet:block;--_gs-mw-tablet:calc(100% - 0 - 0);--_gs-gap-mobile:0px 0px;--_gs-m-mobile:0 0 0 0;--_gs-p-mobile:0 0 0 0;--_gs-bg-mobile:transparent none;--_gs-bg-xp-mobile:0px;--_gs-zi-mobile:auto;--_gs-d-mobile:block;--_gs-mw-mobile:calc(100% - 0 - 0);--_gs-columns:12;--_gs-rows:6\"><div class=\"grids-s-w_i\">\n<div class=\"grids-area\" style=\"--_ga-column:1\/13;--_ga-row:1\/4;--_ga-m-desktop:0 0 0 0;--_ga-p-desktop:0 0 0 0;--_ga-bg-desktop:transparent none;--_ga-zi-desktop:auto;--_ga-d-desktop:flex;--_ga-mw-desktop:calc(100% - 0 - 0);--_ga-m-tablet:0 0 0 0;--_ga-p-tablet:0 0 0 0;--_ga-bg-tablet:transparent none;--_ga-zi-tablet:auto;--_ga-d-tablet:flex;--_ga-mw-tablet:calc(100% - 0 - 0);--_ga-m-mobile:0 0 0 0;--_ga-p-mobile:0 0 0 0;--_ga-bg-mobile:transparent none;--_ga-zi-mobile:auto;--_ga-d-mobile:flex;--_ga-mw-mobile:calc(100% - 0 - 0)\">\n\n<h1 class=\"wp-block-heading has-text-align-center has-text-color\" style=\"color:#06485b\">Regelungen des Camping Tropical\n        <\/h1>\n\n\n\n<h2 class=\"wp-block-heading has-text-align-center\">F\u00fcr einen sicheren und friedlichen Aufenthalt\n        <\/h2>\n\n\n\n<p class=\"has-text-align-center\">Die Gesch\u00e4ftsleitung l\u00e4dt dazu ein, die folgenden Regeln strikt einzuhalten, um allen einen friedlichen Aufenthalt zu garantieren.\n        <\/p>\n\n\n\n<p class=\"has-text-align-center\">Diese Regelungen werden bei der Ankunft verteilt und sowohl am Eingang als auch innerhalb des Unterkunftskomplexes ausgelegt.\n         Sie werden daher beim Betreten ohne Vorbehalt akzeptiert.\n        <\/p>\n\n\n\n<ul class=\"wp-block-list\">\n<li><a href=\"#informazioni\">Allgemeine Informationen\n        <\/a><\/li>\n\n\n\n<li><a href=\"#accesso\">Zugang und t\u00e4gliche Besuche\n        <\/a><\/li>\n\n\n\n<li><a href=\"#soggiorno\">W\u00e4hrend Ihres Aufenthalts\n        <\/a><\/li>\n\n\n\n<li><a href=\"#camping\">Camping\n        <\/a><\/li>\n\n\n\n<li><a href=\"#alloggi\">Unterkunft\n        <\/a><\/li>\n\n\n\n<li><a href=\"#check-in\">Check-in \/ Check-out\n        <\/a><\/li>\n<\/ul>\n\n<\/div>\n<\/div><\/div>\n\n<div  id=\"informazioni\" class=\"grids-section grids-is-advanced alignwide\" style=\"--_gs-gap-desktop:0px 0px;--_gs-m-desktop:0 0 0 0;--_gs-p-desktop:0 0 0 0;--_gs-bg-desktop:transparent none;--_gs-bg-xp-desktop:0px;--_gs-zi-desktop:auto;--_gs-d-desktop:block;--_gs-mw-desktop:calc(100% - 0 - 0);--_gs-gap-tablet:0px 0px;--_gs-m-tablet:0 0 0 0;--_gs-p-tablet:0 0 0 0;--_gs-bg-tablet:transparent none;--_gs-bg-xp-tablet:0px;--_gs-zi-tablet:auto;--_gs-d-tablet:block;--_gs-mw-tablet:calc(100% - 0 - 0);--_gs-gap-mobile:0px 0px;--_gs-m-mobile:20px 0 0 0;--_gs-p-mobile:0 0 0 0;--_gs-bg-mobile:transparent none;--_gs-bg-xp-mobile:0px;--_gs-zi-mobile:auto;--_gs-d-mobile:block;--_gs-mw-mobile:calc(100% - 0 - 0);--_gs-columns:12;--_gs-rows:6\"><div class=\"grids-s-w_i\">\n<div class=\"grids-area\" style=\"--_ga-column:1\/13;--_ga-row:1\/7;--_ga-m-desktop:0 0 0 0;--_ga-p-desktop:0 0 0 0;--_ga-bg-desktop:transparent none;--_ga-zi-desktop:auto;--_ga-d-desktop:flex;--_ga-mw-desktop:calc(100% - 0 - 0);--_ga-m-tablet:0 0 0 0;--_ga-p-tablet:0 0 0 0;--_ga-bg-tablet:transparent none;--_ga-zi-tablet:auto;--_ga-d-tablet:flex;--_ga-mw-tablet:calc(100% - 0 - 0);--_ga-m-mobile:0 0 0 0;--_ga-p-mobile:0 0 0 0;--_ga-bg-mobile:transparent none;--_ga-zi-mobile:auto;--_ga-d-mobile:flex;--_ga-mw-mobile:calc(100% - 0 - 0)\">\n\n<h2 class=\"wp-block-heading has-text-align-center palm-before palm-after has-text-color\" style=\"color:#004f6c\">Allgemeine Informationen\n        <\/h2>\n\n\n\n<h3 class=\"wp-block-heading has-text-align-left\">Allgemeine Regeln\n        <\/h3>\n\n\n\n<p>Es ist strengstens verboten, Gr\u00e4ben in den Boden zu graben, Pflanzen zu besch\u00e4digen, Feuer zu entfachen, das nicht f\u00fcr Grillzwecke vorgesehen ist, mit B\u00e4llen oder Spielen zu spielen, die St\u00f6rungen verursachen; Sonnenschutz aufzustellen, Seile auf Augenh\u00f6he zu h\u00e4ngen, Bauten zu installieren, die von der Gesch\u00e4ftsleitung als gef\u00e4hrlich oder unangemessen angesehen werden; Anlagen oder Ausr\u00fcstung zu besch\u00e4digen oder zu manipulieren.\n        <\/p>\n\n\n\n<p><strong>Tiere<\/strong> sind nur erlaubt auf den <strong>Stellpl\u00e4tzen mit maximaler Kapazit\u00e4t<\/strong>.\n        <\/p>\n\n\n\n<h3 class=\"wp-block-heading\">Buchungsbedingungen\n        <\/h3>\n\n\n\n<p><strong>Ihre Buchung wird durch eine Anzahlung von 200,00 \u20ac pro Woche per  Bank\u00fcberweisung best\u00e4tigt<\/strong>.\n         Ihre Buchung gilt nur als endg\u00fcltig, wenn die Verwaltung die BUCHUNGSBEST\u00c4TIGUNG erhalten hat.\n        <\/p>\n\n\n\n<h3 class=\"wp-block-heading\">Zahlung bei Ankunft\n        <\/h3>\n\n\n\n<p>Wir akzeptieren nur\n        <\/p>\n\n\n\n<ul class=\"wp-block-list\">\n<li>Bargeld\n        <\/li>\n\n\n\n<li>Kreditkarte\n        <\/li>\n\n\n\n<li>Debitkarte.\n        <\/li>\n\n\n\n<li>Bank\u00fcberweisungen, die mindestens 3 Tage vor dem Check-in erfolgen.<\/li>\n<\/ul>\n\n\n\n<p><strong>Schecks werden nicht akzeptiert.\n        <\/strong><\/p>\n\n\n\n<p><strong>\u00d6ffnungszeiten der Kasse<\/strong>: 8:00 &#8211; 12:30 Uhr und 13:30 &#8211; 20:00 Uhr\n        <\/p>\n\n\n\n<h3 class=\"wp-block-heading\">Sch\u00e4den\n        <\/h3>\n\n\n\n<p>Die Gesch\u00e4ftsleitung haftet nicht f\u00fcr Sch\u00e4den, die durch andere G\u00e4ste, h\u00f6here Gewalt, Naturkatastrophen oder andere Ursachen entstehen, die nicht auf direktes Verschulden des Campingplatzpersonals zur\u00fcckzuf\u00fchren sind.\n         <br>Die Gesch\u00e4ftsleitung ist berechtigt, Personen, die gegen die Bestimmungen dieser Regelungen versto\u00dfen, des Platzes zu verweisen.\n        <\/p>\n\n\n\n<h3 class=\"wp-block-heading\">Stornierung\n        <\/h3>\n\n\n\n<ul class=\"wp-block-list\">\n<li>Bis zu 30 Tagen vor Beginn Ihres Aufenthalts werden 50% der Anzahlung abz\u00fcglich Kommissionsgeb\u00fchren (15,00 \u20ac) erstattet.<\/li>\n\n\n\n<li>Nach Ablauf dieser Frist erfolgt keine R\u00fcckerstattung.\n        <\/li>\n<\/ul>\n\n<\/div>\n<\/div><\/div>\n\n<div  id=\"accesso\" class=\"grids-section grids-is-advanced alignwide\" style=\"--_gs-gap-desktop:0px 0px;--_gs-m-desktop:0 0 0 0;--_gs-p-desktop:0 0 0 0;--_gs-bg-desktop:transparent none;--_gs-bg-xp-desktop:0px;--_gs-zi-desktop:auto;--_gs-d-desktop:block;--_gs-mw-desktop:calc(100% - 0 - 0);--_gs-gap-tablet:0px 0px;--_gs-m-tablet:0 0 0 0;--_gs-p-tablet:0 0 0 0;--_gs-bg-tablet:transparent none;--_gs-bg-xp-tablet:0px;--_gs-zi-tablet:auto;--_gs-d-tablet:block;--_gs-mw-tablet:calc(100% - 0 - 0);--_gs-gap-mobile:0px 0px;--_gs-m-mobile:0 0 0 0;--_gs-p-mobile:0 0 0 0;--_gs-bg-mobile:transparent none;--_gs-bg-xp-mobile:0px;--_gs-zi-mobile:auto;--_gs-d-mobile:block;--_gs-mw-mobile:calc(100% - 0 - 0);--_gs-columns:12;--_gs-rows:6\"><div class=\"grids-s-w_i\">\n<div class=\"grids-area\" style=\"--_ga-column:1\/13;--_ga-row:1\/7;--_ga-m-desktop:0 0 0 0;--_ga-p-desktop:0 0 0 0;--_ga-bg-desktop:transparent none;--_ga-zi-desktop:auto;--_ga-d-desktop:flex;--_ga-mw-desktop:calc(100% - 0 - 0);--_ga-m-tablet:0 0 0 0;--_ga-p-tablet:0 0 0 0;--_ga-bg-tablet:transparent none;--_ga-zi-tablet:auto;--_ga-d-tablet:flex;--_ga-mw-tablet:calc(100% - 0 - 0);--_ga-m-mobile:0 0 0 0;--_ga-p-mobile:0 0 0 0;--_ga-bg-mobile:transparent none;--_ga-zi-mobile:auto;--_ga-d-mobile:flex;--_ga-mw-mobile:calc(100% - 0 - 0)\">\n\n<div style=\"height:30px\" aria-hidden=\"true\" class=\"wp-block-spacer\"><\/div>\n\n\n\n<h2 class=\"wp-block-heading has-text-align-center palm-before palm-after has-text-color\" style=\"color:#004f6c\">Zugang und Besuche\n        <\/h2>\n\n\n\n<h3 class=\"wp-block-heading has-text-align-left\">Zugang\n        <\/h3>\n\n\n\n<p>Jede Person, die aus irgendeinem Grund den Campingplatz betreten m\u00f6chte, muss sich eine <strong>Genehmigung der Verwaltung<\/strong> einholen.\n         Zu diesem Zweck muss ein Identifikationsnachweis jeder Person zur rechtlichen Registrierung an die Gesch\u00e4ftsleitung \u00fcbergeben werden, und Anwesenheits\u00e4nderungen m\u00fcssen gemeldet werden.\n        <\/p>\n\n\n\n<h3 class=\"wp-block-heading\">Besuche\n        <\/h3>\n\n\n\n<p>Besucher d\u00fcrfen den Campingplatz nur nach <strong>Genehmigung der Verwaltung<\/strong> betreten.\n         Sollte ein Besuch <strong>l\u00e4nger als 30 Minuten<\/strong> dauern, wird der Besuch <strong>als Tagesbesuch berechnet<\/strong>.\n        <\/p>\n\n\n\n<p><strong>Besuchszeiten<\/strong>: 8:00 &#8211; 12:30 Uhr \/ 13:30 &#8211; 20:00 Uhr\n        <\/p>\n\n\n\n<h3 class=\"wp-block-heading\">Fahrzeuge\n        <\/h3>\n\n\n\n<p>Alle Fahrzeuge d\u00fcrfen nur zum <strong>Betreten und Verlassen des Gel\u00e4ndes<\/strong>, w\u00e4hrend der erlaubten Zeiten und mit m\u00e4\u00dfiger Geschwindigkeit verwendet werden und m\u00fcssen die aufgestellten Schilder beachten.\n         Dar\u00fcber hinaus ist es Kindern untersagt, w\u00e4hrend der Ruhezeiten Fahrrad zu fahren.\n        <\/p>\n\n\n\n<p><strong>Ruhezeiten und Verkehrsverbote<\/strong>: 13:00 &#8211; 15:00 Uhr \/ 23:00 &#8211; 7:30 Uhr\n        <\/p>\n\n\n\n<h3 class=\"wp-block-heading\">Vor\u00fcbergehende g\u00e4ste<\/h3>\n\n\n\n<ul class=\"wp-block-list\">\n<li>Zeitweilige G\u00e4ste (Personen, die von den Eigent\u00fcmern der Unterkunftseinheiten oder Stellpl\u00e4tze f\u00fcr eine oder mehrere N\u00e4chte untergebracht werden) sind zul\u00e4ssig, sofern die Gesamtzahl der \u00dcbernachtungsg\u00e4ste die zul\u00e4ssige H\u00f6chstzahl von Personen pro Unterkunftseinheit\/Stellplatz nicht \u00fcberschreitet.<\/li>\n\n\n\n<li>Die An- und Abreise dieser G\u00e4ste muss in Echtzeit an der Rezeption gemeldet werden, die sie registriert und vom Gast gegenzeichnen l\u00e4sst.<\/li>\n\n\n\n<li>Der Zutritt f\u00fcr G\u00e4ste ist nur w\u00e4hrend der \u00d6ffnungszeiten des Kassenb\u00fcros m\u00f6glich.<\/li>\n<\/ul>\n\n\n\n<h3 class=\"wp-block-heading\">T\u00e4gliche besucher<\/h3>\n\n\n\n<ul class=\"wp-block-list\">\n<li>Tagesbesucher sind, vorbehaltlich der Genehmigung der Direktion, von 08.00 bis 20.00 Uhr zugelassen. Durch die Zahlung des Restbetrags des Aufenthalts w\u00e4hrend der \u00d6ffnungszeiten der Kasse.<\/li>\n\n\n\n<li>In den Unterk\u00fcnften f\u00fcr Tagesg\u00e4ste, unabh\u00e4ngig vom Alter (von 08.00 bis 20.00) 10,00 \u20ac pro Person.<\/li>\n\n\n\n<li>Besucher, die sich nicht l\u00e4nger als 60 Minuten aufhalten, haben freien Eintritt, m\u00fcssen jedoch einen g\u00fcltigen Ausweis hinterlegen, der beim Verlassen der Ausstellung zur\u00fcckgegeben wird.<\/li>\n<\/ul>\n\n\n\n<h3 class=\"wp-block-heading\">Kinder\n        <\/h3>\n\n\n\n<p>Erwachsene tragen die Verantwortung f\u00fcr das Verhalten ihrer Kinder und sollten sie stets zur Toilette, zum Spielplatz und zum Strand begleiten.\n         Die Gesch\u00e4ftsleitung weist in dieser Hinsicht jegliche Verantwortung von sich ab.\n        <\/p>\n\n\n\n<h3 class=\"wp-block-heading\">Haustiere<\/h3>\n\n\n\n<ul class=\"wp-block-list\">\n<li>Die Direktion bittet die G\u00e4ste, das Vorhandensein von Hunden beim Einchecken zu melden. Die Hunde m\u00fcssen den Gesundheitsvorschriften entsprechen, was durch entsprechende Unterlagen nachgewiesen werden muss. Der Aufenthalt mit Hunden in unseren Unterk\u00fcnften ist nicht gestattet; sie d\u00fcrfen nur auf den f\u00fcr sie vorgesehenen Stellpl\u00e4tzen untergebracht werden.<\/li>\n\n\n\n<li>Der Zugang zum Strand und die Durchfahrt innerhalb des Campingplatzes sind nur in den durch entsprechende Schilder ausgewiesenen Bereichen gestattet. Hunde m\u00fcssen bei allen Bewegungen an der Leine gef\u00fchrt werden.<\/li>\n\n\n\n<li>Es liegt im Ermessen des Besitzers, sie so zu halten, dass sie andere G\u00e4ste nicht st\u00f6ren oder sch\u00e4digen. Aus hygienischen und sicherheitstechnischen Gr\u00fcnden d\u00fcrfen die Hunde nur in den vom Campingplatz zur Verf\u00fcgung gestellten Wannen gewaschen werden.<\/li>\n\n\n\n<li>Andere Tiere sind nur nach Ermessen der Direktion erlaubt.<\/li>\n\n\n\n<li>Die Direktion \u00fcbernimmt keine Haftung f\u00fcr Sch\u00e4den an Personen und\/oder Sachen, die durch Haustiere verursacht werden.<\/li>\n<\/ul>\n\n<\/div>\n<\/div><\/div>\n\n<div  id=\"soggiorno\" class=\"grids-section grids-is-advanced alignwide\" style=\"--_gs-gap-desktop:0px 0px;--_gs-m-desktop:0 0 0 0;--_gs-p-desktop:0 0 0 0;--_gs-bg-desktop:transparent none;--_gs-bg-xp-desktop:0px;--_gs-zi-desktop:auto;--_gs-d-desktop:block;--_gs-mw-desktop:calc(100% - 0 - 0);--_gs-gap-tablet:0px 0px;--_gs-m-tablet:0 0 0 0;--_gs-p-tablet:0 0 0 0;--_gs-bg-tablet:transparent none;--_gs-bg-xp-tablet:0px;--_gs-zi-tablet:auto;--_gs-d-tablet:block;--_gs-mw-tablet:calc(100% - 0 - 0);--_gs-gap-mobile:0px 0px;--_gs-m-mobile:0 0 0 0;--_gs-p-mobile:0 0 0 0;--_gs-bg-mobile:transparent none;--_gs-bg-xp-mobile:0px;--_gs-zi-mobile:auto;--_gs-d-mobile:block;--_gs-mw-mobile:calc(100% - 0 - 0);--_gs-columns:12;--_gs-rows:6\"><div class=\"grids-s-w_i\">\n<div class=\"grids-area\" style=\"--_ga-column:1\/13;--_ga-row:1\/7;--_ga-m-desktop:0 0 0 0;--_ga-p-desktop:0 0 0 0;--_ga-bg-desktop:transparent none;--_ga-zi-desktop:auto;--_ga-d-desktop:flex;--_ga-mw-desktop:calc(100% - 0 - 0);--_ga-m-tablet:0 0 0 0;--_ga-p-tablet:0 0 0 0;--_ga-bg-tablet:transparent none;--_ga-zi-tablet:auto;--_ga-d-tablet:flex;--_ga-mw-tablet:calc(100% - 0 - 0);--_ga-m-mobile:0 0 0 0;--_ga-p-mobile:0 0 0 0;--_ga-bg-mobile:transparent none;--_ga-zi-mobile:auto;--_ga-d-mobile:flex;--_ga-mw-mobile:calc(100% - 0 - 0)\">\n\n<div style=\"height:30px\" aria-hidden=\"true\" class=\"wp-block-spacer\"><\/div>\n\n\n\n<h2 class=\"wp-block-heading has-text-align-center palm-before palm-after has-text-color\" style=\"color:#004f6c\">W\u00e4hrend Ihres Aufenthalts\n        <\/h2>\n\n\n\n<h3 class=\"wp-block-heading has-text-align-left\">Aufbewahrung von Wertgegenst\u00e4nden\n        <\/h3>\n\n\n\n<p>Die G\u00e4ste sind f\u00fcr die Aufbewahrung ihrer pers\u00f6nlichen Gegenst\u00e4nde selbst verantwortlich.\n         Die Gesch\u00e4ftsleitung haftet nicht f\u00fcr Diebstahl von Gegenst\u00e4nden und Wertgegenst\u00e4nden, die ihr nicht zur Aufbewahrung anvertraut und akzeptiert wurden.\n        <\/p>\n\n\n\n<h3 class=\"wp-block-heading\">Telefonnachrichten\n        <\/h3>\n\n\n\n<p>Mitteilungen an die G\u00e4ste werden zu bestimmten Tageszeiten \u00fcber Lautsprecher \u00fcbermittelt.\n         Telefonanrufe au\u00dferhalb der \u00d6ffnungszeiten werden von der Gesch\u00e4ftsleitung aufgezeichnet.\n        <\/p>\n\n<\/div>\n<\/div><\/div>\n\n<div  id=\"camping\" class=\"grids-section grids-is-advanced alignwide\" style=\"--_gs-gap-desktop:0px 0px;--_gs-m-desktop:0 0 0 0;--_gs-p-desktop:0 0 0 0;--_gs-bg-desktop:transparent none;--_gs-bg-xp-desktop:0px;--_gs-zi-desktop:auto;--_gs-d-desktop:block;--_gs-mw-desktop:calc(100% - 0 - 0);--_gs-gap-tablet:0px 0px;--_gs-m-tablet:0 0 0 0;--_gs-p-tablet:0 0 0 0;--_gs-bg-tablet:transparent none;--_gs-bg-xp-tablet:0px;--_gs-zi-tablet:auto;--_gs-d-tablet:block;--_gs-mw-tablet:calc(100% - 0 - 0);--_gs-gap-mobile:0px 0px;--_gs-m-mobile:0 0 0 0;--_gs-p-mobile:0 0 0 0;--_gs-bg-mobile:transparent none;--_gs-bg-xp-mobile:0px;--_gs-zi-mobile:auto;--_gs-d-mobile:block;--_gs-mw-mobile:calc(100% - 0 - 0);--_gs-columns:12;--_gs-rows:6\"><div class=\"grids-s-w_i\">\n<div class=\"grids-area\" style=\"--_ga-column:1\/13;--_ga-row:1\/7;--_ga-m-desktop:0 0 0 0;--_ga-p-desktop:0 0 0 0;--_ga-bg-desktop:transparent none;--_ga-zi-desktop:auto;--_ga-d-desktop:flex;--_ga-mw-desktop:calc(100% - 0 - 0);--_ga-m-tablet:0 0 0 0;--_ga-p-tablet:0 0 0 0;--_ga-bg-tablet:transparent none;--_ga-zi-tablet:auto;--_ga-d-tablet:flex;--_ga-mw-tablet:calc(100% - 0 - 0);--_ga-m-mobile:0 0 0 0;--_ga-p-mobile:0 0 0 0;--_ga-bg-mobile:transparent none;--_ga-zi-mobile:auto;--_ga-d-mobile:flex;--_ga-mw-mobile:calc(100% - 0 - 0)\">\n\n<div style=\"height:30px\" aria-hidden=\"true\" class=\"wp-block-spacer\"><\/div>\n\n\n\n<h2 class=\"wp-block-heading has-text-align-center palm-before palm-after has-text-color\" style=\"color:#004f6c\">Camping\n        <\/h2>\n\n\n\n<p>Die Preise gelten pro Tag, unabh\u00e4ngig von der Ankunftszeit.\n         Der Abreisetag wird ebenfalls gez\u00e4hlt, wenn diese nach 11:00 Uhr erfolgt.\n        <\/p>\n\n\n\n<h4 class=\"wp-block-heading\">Stellplatzzuweisung\n        <\/h4>\n\n\n\n<p>Der Stellplatz wird bei Ankunft nach Ermessen der Verwaltung zugewiesen, und \u00c4nderungen ohne Genehmigung sind nicht gestattet.\n         Autos m\u00fcssen auf dem Stellplatz neben dem Zelt oder Wohnwagen oder auf einem von der Verwaltung zugewiesenen Parkplatz abgestellt werden.\n        <\/p>\n\n<\/div>\n<\/div><\/div>\n\n<div  id=\"alloggi\" class=\"grids-section grids-is-advanced alignwide\" style=\"--_gs-gap-desktop:0px 0px;--_gs-m-desktop:0 0 0 0;--_gs-p-desktop:0 0 0 0;--_gs-bg-desktop:transparent none;--_gs-bg-xp-desktop:0px;--_gs-zi-desktop:auto;--_gs-d-desktop:block;--_gs-mw-desktop:calc(100% - 0 - 0);--_gs-gap-tablet:0px 0px;--_gs-m-tablet:0 0 0 0;--_gs-p-tablet:0 0 0 0;--_gs-bg-tablet:transparent none;--_gs-bg-xp-tablet:0px;--_gs-zi-tablet:auto;--_gs-d-tablet:block;--_gs-mw-tablet:calc(100% - 0 - 0);--_gs-gap-mobile:0px 0px;--_gs-m-mobile:0 0 0 0;--_gs-p-mobile:0 0 0 0;--_gs-bg-mobile:transparent none;--_gs-bg-xp-mobile:0px;--_gs-zi-mobile:auto;--_gs-d-mobile:block;--_gs-mw-mobile:calc(100% - 0 - 0);--_gs-columns:12;--_gs-rows:6\"><div class=\"grids-s-w_i\">\n<div class=\"grids-area\" style=\"--_ga-column:1\/13;--_ga-row:1\/7;--_ga-m-desktop:0 0 0 0;--_ga-p-desktop:0 0 0 0;--_ga-bg-desktop:transparent none;--_ga-zi-desktop:auto;--_ga-d-desktop:flex;--_ga-mw-desktop:calc(100% - 0 - 0);--_ga-m-tablet:0 0 0 0;--_ga-p-tablet:0 0 0 0;--_ga-bg-tablet:transparent none;--_ga-zi-tablet:auto;--_ga-d-tablet:flex;--_ga-mw-tablet:calc(100% - 0 - 0);--_ga-m-mobile:0 0 0 0;--_ga-p-mobile:0 0 0 0;--_ga-bg-mobile:transparent none;--_ga-zi-mobile:auto;--_ga-d-mobile:flex;--_ga-mw-mobile:calc(100% - 0 - 0)\">\n\n<div style=\"height:30px\" aria-hidden=\"true\" class=\"wp-block-spacer\"><\/div>\n\n\n\n<h2 class=\"wp-block-heading has-text-align-center palm-before palm-after has-text-color\" style=\"color:#004f6c\">Unterkunft\n        <\/h2>\n\n\n\n<h3 class=\"wp-block-heading\">Kaution\n        <\/h3>\n\n\n\n<p>Bei der Ankunft wird eine <strong>Kaution in H\u00f6he von 50,00\u20ac Bargeld <\/strong>verlangt, die nach \u00dcberpr\u00fcfung der R\u00e4umlichkeiten bei der Abreise zur\u00fcckerstattet wird.\n        <\/p>\n\n\n\n<h3 class=\"wp-block-heading\">Was im Preis inbegriffen ist:\n        <\/h3>\n\n\n\n<ul class=\"wp-block-list\">\n<li>Im Haus: K\u00fchlschrank, Wasser-, Strom- und Gasverbrauch, TV und Parkplatz\n         <\/li>\n\n\n\n<li>am Strand: Sonnenschirm und 2 Sonnenliegen am Privatstrand (Strandservice ausgeschlossen vom 05.04. bis 30.04. und vom 08.09. bis 20.09.) f\u00fcr Aufenthalte von weniger als 7 N\u00e4chten;<\/li>\n\n\n\n<li>Im Dorf: Spielplatz f\u00fcr Kinder\n         <\/li>\n<\/ul>\n\n\n\n<p>Die angegebene Personenanzahl pro Wohneinheit ist die maximal Erlaubte.\n         <\/p>\n\n\n\n<h3 class=\"wp-block-heading\">Zusatzkosten\n        <\/h3>\n\n\n\n<ul class=\"wp-block-list\">\n<li>W\u00f6chentliche Bettw\u00e4schevermietung: 15,00 \u20ac f\u00fcr Doppelbett und 15,00 \u20ac f\u00fcr Einzelbett;<\/li>\n\n\n\n<li>Endreinigung: 35,00\u20ac.\n        <\/li>\n<\/ul>\n\n<\/div>\n<\/div><\/div>\n\n<div  id=\"check-in\" class=\"grids-section grids-is-advanced\" style=\"--_gs-gap-desktop:0px 0px;--_gs-m-desktop:0 0 0 0;--_gs-p-desktop:0 0 0 0;--_gs-bg-desktop:#ccdce2 none;--_gs-bg-xp-desktop:0px;--_gs-zi-desktop:auto;--_gs-d-desktop:block;--_gs-mw-desktop:calc(100% - 0 - 0);--_gs-gap-tablet:0px 0px;--_gs-m-tablet:0 0 0 0;--_gs-p-tablet:0 0 0 0;--_gs-bg-tablet:#ccdce2 none;--_gs-bg-xp-tablet:0px;--_gs-zi-tablet:auto;--_gs-d-tablet:block;--_gs-mw-tablet:calc(100% - 0 - 0);--_gs-gap-mobile:0px 0px;--_gs-m-mobile:0 0 0 0;--_gs-p-mobile:0 0 0 0;--_gs-bg-mobile:#ccdce2 none;--_gs-bg-xp-mobile:0px;--_gs-zi-mobile:auto;--_gs-d-mobile:block;--_gs-mw-mobile:calc(100% - 0 - 0);--_gs-columns:12;--_gs-rows:6\"><div class=\"grids-s-w_i\">\n<div class=\"grids-area\" style=\"--_ga-column:1\/13;--_ga-row:1\/2;--_ga-m-desktop:0 0 0 0;--_ga-p-desktop:0 0 0 0;--_ga-bg-desktop:transparent none;--_ga-zi-desktop:auto;--_ga-d-desktop:flex;--_ga-mw-desktop:calc(100% - 0 - 0);--_ga-m-tablet:0 0 0 0;--_ga-p-tablet:0 0 0 0;--_ga-bg-tablet:transparent none;--_ga-zi-tablet:auto;--_ga-d-tablet:flex;--_ga-mw-tablet:calc(100% - 0 - 0);--_ga-m-mobile:0 0 0 0;--_ga-p-mobile:0 0 0 0;--_ga-bg-mobile:transparent none;--_ga-zi-mobile:auto;--_ga-d-mobile:flex;--_ga-mw-mobile:calc(100% - 0 - 0)\">\n<div  class=\"grids-section grids-is-advanced\" style=\"--_gs-gap-desktop:0px 0px;--_gs-m-desktop:0 0 0 0;--_gs-p-desktop:30px 0 0 0;--_gs-bg-desktop:transparent none;--_gs-bg-xp-desktop:0px;--_gs-zi-desktop:auto;--_gs-d-desktop:block;--_gs-mw-desktop:calc(100% - 0 - 0);--_gs-gap-tablet:0px 0px;--_gs-m-tablet:0 0 0 0;--_gs-p-tablet:30px 0 0 0;--_gs-bg-tablet:transparent none;--_gs-bg-xp-tablet:0px;--_gs-zi-tablet:auto;--_gs-d-tablet:block;--_gs-mw-tablet:calc(100% - 0 - 0);--_gs-gap-mobile:0px 0px;--_gs-m-mobile:0 0 0 0;--_gs-p-mobile:30px 0 0 0;--_gs-bg-mobile:transparent none;--_gs-bg-xp-mobile:0px;--_gs-zi-mobile:auto;--_gs-d-mobile:block;--_gs-mw-mobile:calc(100% - 0 - 0);--_gs-columns:12;--_gs-rows:6\"><div class=\"grids-s-w_i\">\n<div class=\"grids-area\" style=\"--_ga-column:2\/12;--_ga-row:1\/2;--_ga-m-desktop:0 0 0 0;--_ga-p-desktop:0 0 0 0;--_ga-bg-desktop:transparent none;--_ga-zi-desktop:auto;--_ga-d-desktop:flex;--_ga-mw-desktop:calc(100% - 0 - 0);--_ga-m-tablet:0 0 0 0;--_ga-p-tablet:0 0 0 0;--_ga-bg-tablet:transparent none;--_ga-zi-tablet:auto;--_ga-d-tablet:flex;--_ga-mw-tablet:calc(100% - 0 - 0);--_ga-m-mobile:0 0 0 0;--_ga-p-mobile:0 0 0 0;--_ga-bg-mobile:transparent none;--_ga-zi-mobile:auto;--_ga-d-mobile:flex;--_ga-mw-mobile:calc(100% - 0 - 0)\">\n\n<h2 class=\"wp-block-heading has-text-align-center\">Check-in \/ Check-out\n        <\/h2>\n\n<\/div>\n\n<div class=\"grids-area\" style=\"--_ga-column:2\/7;--_ga-row:2\/3;--_ga-m-desktop:0 15px 0 0;--_ga-p-desktop:20px 20px 20px 20px;--_ga-bg-desktop:transparent none;--_ga-zi-desktop:auto;--_ga-d-desktop:flex;--_ga-mw-desktop:calc(100% - 0 - 15px);--_ga-m-tablet:0 15px 0 0;--_ga-p-tablet:20px 20px 20px 20px;--_ga-bg-tablet:transparent none;--_ga-zi-tablet:auto;--_ga-d-tablet:flex;--_ga-mw-tablet:calc(100% - 0 - 15px);--_ga-m-mobile:0 0px 0 0;--_ga-p-mobile:20px 20px 20px 20px;--_ga-bg-mobile:transparent none;--_ga-zi-mobile:auto;--_ga-d-mobile:flex;--_ga-mw-mobile:calc(100% - 0 - 0px)\">\n\n<p class=\"has-text-align-center\"><strong>Amalfi Mobile Home, Chalet B\u00fcrstner\n        <\/strong><br><strong>und Garden Villa\n        <\/strong><\/p>\n\n\n\n<p class=\"has-text-align-center\"><strong>Check in<\/strong>: samstags ab 15:00 Uhr\n        <br><strong>Check out<\/strong>: samstags bis 10:00 Uhr\n        <\/p>\n\n<\/div>\n\n<div class=\"grids-area\" style=\"--_ga-column:7\/12;--_ga-row:2\/3;--_ga-m-desktop:0 0 0 15px;--_ga-p-desktop:20px 20px 20px 20px;--_ga-bg-desktop:transparent none;--_ga-zi-desktop:auto;--_ga-d-desktop:flex;--_ga-mw-desktop:calc(100% - 15px - 0);--_ga-m-tablet:0 0 0 15px;--_ga-p-tablet:20px 20px 20px 20px;--_ga-bg-tablet:transparent none;--_ga-zi-tablet:auto;--_ga-d-tablet:flex;--_ga-mw-tablet:calc(100% - 15px - 0);--_ga-m-mobile:0 0 0 0px;--_ga-p-mobile:20px 20px 20px 20px;--_ga-bg-mobile:transparent none;--_ga-zi-mobile:auto;--_ga-d-mobile:flex;--_ga-mw-mobile:calc(100% - 0px - 0)\">\n\n<p class=\"has-text-align-center\"><strong>Apartments, De Luxe und \n        <\/strong><br><strong>Villa De Luxe Spa\n        <\/strong><\/p>\n\n\n\n<p class=\"has-text-align-center\"><strong>Check-in<\/strong>: freitags ab 15:30 Uhr\n        <br><strong>Check-out<\/strong>: freitags bis 10:00 Uhr\n        <\/p>\n\n<\/div>\n<\/div><\/div>\n<\/div>\n<\/div><\/div>","protected":false},"excerpt":{"rendered":"","protected":false},"author":6,"featured_media":1960,"parent":0,"menu_order":0,"comment_status":"closed","ping_status":"closed","template":"","meta":{"_acf_changed":false,"_seopress_robots_primary_cat":"","_seopress_titles_title":"%%post_title%% %%sep%% %%sitetitle%%\n        ","_seopress_titles_desc":"Bitte beachten Sie die Regelungen des Camping Tropical in Sottomarina.\n        ","_seopress_robots_index":"","advgb_blocks_editor_width":"","advgb_blocks_columns_visual_guide":"","footnotes":""},"class_list":["post-2715","page","type-page","status-publish","has-post-thumbnail","hentry","entry"],"acf":[],"coauthors":[],"author_meta":{"author_link":"https:\/\/www.campingtropical.com\/de\/author\/federica-o8y61tra\/","display_name":"federica.o8y61tra"},"relative_dates":{"created":"Posted 3\u00a0Jahren ago","modified":"Updated 1\u00a0Jahr ago"},"absolute_dates":{"created":"Posted on Mai 23, 2023","modified":"Updated on Dezember 3, 2024"},"absolute_dates_time":{"created":"Posted on Mai 23, 2023 9:12 a.m.","modified":"Updated on Dezember 3, 2024 8:38 a.m."},"featured_img_caption":"","featured_img":"https:\/\/www.campingtropical.com\/wp-content\/uploads\/2023\/04\/camping-tropical-spiaggia-privata-banner-2-1568x784.jpg","series_order":"","_links":{"self":[{"href":"https:\/\/www.campingtropical.com\/de\/wp-json\/wp\/v2\/pages\/2715","targetHints":{"allow":["GET"]}}],"collection":[{"href":"https:\/\/www.campingtropical.com\/de\/wp-json\/wp\/v2\/pages"}],"about":[{"href":"https:\/\/www.campingtropical.com\/de\/wp-json\/wp\/v2\/types\/page"}],"author":[{"embeddable":true,"href":"https:\/\/www.campingtropical.com\/de\/wp-json\/wp\/v2\/users\/6"}],"replies":[{"embeddable":true,"href":"https:\/\/www.campingtropical.com\/de\/wp-json\/wp\/v2\/comments?post=2715"}],"version-history":[{"count":8,"href":"https:\/\/www.campingtropical.com\/de\/wp-json\/wp\/v2\/pages\/2715\/revisions"}],"predecessor-version":[{"id":3718,"href":"https:\/\/www.campingtropical.com\/de\/wp-json\/wp\/v2\/pages\/2715\/revisions\/3718"}],"wp:featuredmedia":[{"embeddable":true,"href":"https:\/\/www.campingtropical.com\/de\/wp-json\/wp\/v2\/media\/1960"}],"wp:attachment":[{"href":"https:\/\/www.campingtropical.com\/de\/wp-json\/wp\/v2\/media?parent=2715"}],"curies":[{"name":"wp","href":"https:\/\/api.w.org\/{rel}","templated":true}]}}