{"id":2557,"date":"2023-05-23T09:12:13","date_gmt":"2023-05-23T07:12:13","guid":{"rendered":"https:\/\/www.campingtropical.com\/bar-et-restaurant\/"},"modified":"2025-07-15T14:09:18","modified_gmt":"2025-07-15T12:09:18","slug":"bar-et-restaurant","status":"publish","type":"page","link":"https:\/\/www.campingtropical.com\/fr\/bar-et-restaurant\/","title":{"rendered":"Bar et restaurant"},"content":{"rendered":"<div  class=\"grids-section four-servces-boxes grids-is-advanced alignfull\" style=\"--_gs-gap-desktop:0px 0px;--_gs-m-desktop:autopx 0 autopx 0;--_gs-p-desktop:0 0 0 0;--_gs-bg-desktop:transparent none;--_gs-bg-xp-desktop:0px;--_gs-zi-desktop:auto;--_gs-d-desktop:block;--_gs-mw-desktop:calc(100% - 0 - 0);--_gs-gap-tablet:0px 0px;--_gs-m-tablet:autopx 0 autopx 0;--_gs-p-tablet:0 0 0 0;--_gs-bg-tablet:transparent none;--_gs-bg-xp-tablet:0px;--_gs-zi-tablet:auto;--_gs-d-tablet:block;--_gs-mw-tablet:calc(100% - 0 - 0);--_gs-gap-mobile:0px 0px;--_gs-m-mobile:autopx 0 autopx 0;--_gs-p-mobile:0 0 0 0;--_gs-bg-mobile:transparent none;--_gs-bg-xp-mobile:0px;--_gs-zi-mobile:auto;--_gs-d-mobile:block;--_gs-mw-mobile:calc(100% - 0 - 0);--_gs-columns:12;--_gs-rows:6\"><div class=\"grids-s-w_i\">\n<div class=\"grids-area\" style=\"--_ga-column:2\/12;--_ga-row:2\/6;--_ga-m-desktop:0 0 0 0;--_ga-p-desktop:0 0 0 0;--_ga-bg-desktop:transparent none;--_ga-zi-desktop:auto;--_ga-d-desktop:flex;--_ga-mw-desktop:calc(100% - 0 - 0);--_ga-m-tablet:0 0 0 0;--_ga-p-tablet:0 0 0 0;--_ga-bg-tablet:transparent none;--_ga-zi-tablet:auto;--_ga-d-tablet:flex;--_ga-mw-tablet:calc(100% - 0 - 0);--_ga-m-mobile:0 0 0 0;--_ga-p-mobile:0 0 0 0;--_ga-bg-mobile:transparent none;--_ga-zi-mobile:auto;--_ga-d-mobile:flex;--_ga-mw-mobile:calc(100% - 0 - 0)\">\n\n<h1 class=\"wp-block-heading has-text-align-center has-text-color\" style=\"color:#06485b\">Nouvelle gestion<\/h1>\n\n\n\n<p class=\"has-text-align-center\">Le <strong>restaurant-pizzeria \u00ab Ristorante Tropical da Finotto Sandro \u00bb<\/strong> change de direction.<br>La nouvelle \u00e9quipe est pr\u00eate \u00e0 prendre la barre et \u00e0 perp\u00e9tuer la tradition des saveurs m\u00e9diterran\u00e9ennes\u2026 avec quelques belles nouveaut\u00e9s.<\/p>\n\n\n\n<p class=\"has-text-align-center\">Pour infos : <a href=\"mailto:info@campingtropical.com\">info@campingtropical.com<\/a> ou<br><a href=\"tel:+390410970189\">0410970189<\/a> &#8211; <a href=\"https:\/\/dafinotto.it\/\" target=\"_blank\">dafinotto.it<\/a><\/p>\n\n<\/div>\n<\/div><\/div>\n\n<div  class=\"grids-section four-servces-boxes grids-is-advanced alignfull\" style=\"--_gs-gap-desktop:0px 0px;--_gs-m-desktop:autopx 0 autopx 0;--_gs-p-desktop:0 0 0 0;--_gs-bg-desktop:transparent none;--_gs-bg-xp-desktop:0px;--_gs-zi-desktop:auto;--_gs-d-desktop:block;--_gs-mw-desktop:calc(100% - 0 - 0);--_gs-gap-tablet:0px 0px;--_gs-m-tablet:autopx 0 autopx 0;--_gs-p-tablet:0 0 0 0;--_gs-bg-tablet:transparent none;--_gs-bg-xp-tablet:0px;--_gs-zi-tablet:auto;--_gs-d-tablet:block;--_gs-mw-tablet:calc(100% - 0 - 0);--_gs-gap-mobile:0px 0px;--_gs-m-mobile:autopx 0 autopx 0;--_gs-p-mobile:0 0 0 0;--_gs-bg-mobile:transparent none;--_gs-bg-xp-mobile:0px;--_gs-zi-mobile:auto;--_gs-d-mobile:block;--_gs-mw-mobile:calc(100% - 0 - 0);--_gs-columns:12;--_gs-rows:6\"><div class=\"grids-s-w_i\">\n<div class=\"grids-area\" style=\"--_ga-column:2\/12;--_ga-row:1\/5;--_ga-m-desktop:0 0 0 0;--_ga-p-desktop:0 0 0 0;--_ga-bg-desktop:transparent none;--_ga-zi-desktop:auto;--_ga-d-desktop:flex;--_ga-mw-desktop:calc(100% - 0 - 0);--_ga-m-tablet:0 0 0 0;--_ga-p-tablet:0 0 0 0;--_ga-bg-tablet:transparent none;--_ga-zi-tablet:auto;--_ga-d-tablet:none;--_ga-mw-tablet:calc(100% - 0 - 0);--_ga-m-mobile:0 0 0 0;--_ga-p-mobile:0 0 0 0;--_ga-bg-mobile:transparent none;--_ga-zi-mobile:auto;--_ga-d-mobile:none;--_ga-mw-mobile:calc(100% - 0 - 0)\">\n\n<iframe loading=\"lazy\" src=\"https:\/\/www.campingtropical.com\/wp-content\/uploads\/2025\/05\/menu.pdf\" width=\"100%\" height=\"700px\" style=\"border: none;\"><\/iframe>\n\n<\/div>\n\n<div class=\"grids-area\" style=\"--_ga-column:2\/12;--_ga-row:1\/5;--_ga-va:center;--_ga-m-desktop:0 0 0 0;--_ga-p-desktop:0 0 0 0;--_ga-bg-desktop:transparent none;--_ga-zi-desktop:auto;--_ga-d-desktop:none;--_ga-mw-desktop:calc(100% - 0 - 0);--_ga-m-tablet:0 0 0 0;--_ga-p-tablet:0 0 0 0;--_ga-bg-tablet:transparent none;--_ga-zi-tablet:auto;--_ga-d-tablet:flex;--_ga-mw-tablet:calc(100% - 0 - 0);--_ga-m-mobile:0 0 0 0;--_ga-p-mobile:0 0 0 0;--_ga-bg-mobile:transparent none;--_ga-zi-mobile:auto;--_ga-d-mobile:flex;--_ga-mw-mobile:calc(100% - 0 - 0)\">\n\n<div class=\"wp-block-buttons button-menu is-content-justification-center is-layout-flex wp-container-core-buttons-is-layout-16018d1d wp-block-buttons-is-layout-flex\">\n<div class=\"wp-block-button\"><a class=\"wp-block-button__link wp-element-button\" href=\"https:\/\/www.campingtropical.com\/wp-content\/uploads\/2025\/05\/menu.pdf\" target=\"_blank\">LIRE LE MENU<\/a><\/div>\n<\/div>\n\n<\/div>\n<\/div><\/div>\n\n<div  class=\"grids-section four-servces-boxes grids-is-advanced alignwide\" style=\"--_gs-gap-desktop:0px 0px;--_gs-m-desktop:0 0 0 0;--_gs-p-desktop:0 0 0 0;--_gs-bg-desktop:transparent none;--_gs-bg-xp-desktop:0px;--_gs-zi-desktop:auto;--_gs-d-desktop:none;--_gs-mw-desktop:calc(100% - 0 - 0);--_gs-gap-tablet:0px 0px;--_gs-m-tablet:0 0 0 0;--_gs-p-tablet:0 0 0 0;--_gs-bg-tablet:transparent none;--_gs-bg-xp-tablet:0px;--_gs-zi-tablet:auto;--_gs-d-tablet:none;--_gs-mw-tablet:calc(100% - 0 - 0);--_gs-gap-mobile:0px 0px;--_gs-m-mobile:0 0 0 0;--_gs-p-mobile:0 0 0 0;--_gs-bg-mobile:transparent none;--_gs-bg-xp-mobile:0px;--_gs-zi-mobile:auto;--_gs-d-mobile:none;--_gs-mw-mobile:calc(100% - 0 - 0);--_gs-columns:12;--_gs-rows:6\"><div class=\"grids-s-w_i\">\n<div class=\"grids-area\" style=\"--_ga-column:1\/13;--_ga-row:1\/4;--_ga-m-desktop:0 0 0 0;--_ga-p-desktop:0 0 0 0;--_ga-bg-desktop:transparent none;--_ga-zi-desktop:auto;--_ga-d-desktop:flex;--_ga-mw-desktop:calc(100% - 0 - 0);--_ga-m-tablet:0 0 0 0;--_ga-p-tablet:0 0 0 0;--_ga-bg-tablet:transparent none;--_ga-zi-tablet:auto;--_ga-d-tablet:flex;--_ga-mw-tablet:calc(100% - 0 - 0);--_ga-m-mobile:0 0 0 0;--_ga-p-mobile:0 0 0 0;--_ga-bg-mobile:transparent none;--_ga-zi-mobile:auto;--_ga-d-mobile:flex;--_ga-mw-mobile:calc(100% - 0 - 0)\">\n\n<h1 class=\"wp-block-heading has-text-align-center has-text-color\" style=\"color:#06485b\">Restaurant Pizzeria Nassa on the beach Tropical sur la plage de Chioggia <\/h1>\n\n\n\n<h2 class=\"wp-block-heading has-text-align-center\">Toutes les saveurs de la cuisine typique de la V\u00e9n\u00e9tie au restaurant Camping Tropical <\/h2>\n\n\n\n<p class=\"has-text-align-center\">Le Camping Tropical&rsquo;s <strong>Ristorante Pizzeria Nassa on the beach Tropical<\/strong> est un restaurant \u00e0 l&rsquo;atmosph\u00e8re d\u00e9tendue et conviviale situ\u00e9 <strong>sur la plage<\/strong> de Sottomarina.  Avec ses 100 places int\u00e9rieures et ext\u00e9rieures, dont une <strong>belle terrasse donnant sur la plage<\/strong>, il offre un service complet avec les meilleurs plats de la cuisine m\u00e9diterran\u00e9enne. <\/p>\n\n\n\n<p class=\"has-text-align-center\"><strong>Ouvert de 7h \u00e0 23h <\/strong><\/p>\n\n\n\n<p class=\"has-text-align-center\">Pour info&nbsp;: <a href=\"mailto:info@campingtropical.com\">info@campingtropical.com<\/a> ou <br><a href=\"tel:+393312512666\" data-type=\"tel\" data-id=\"tel:+393312512666\">3312512666<\/a> ou <a href=\"tel:+390410970189\">0410970189<\/a><\/p>\n\n<\/div>\n\n<div class=\"grids-area service-box\" style=\"--_ga-column:1\/5;--_ga-row:4\/7;--_ga-m-desktop:0 0 0 0;--_ga-p-desktop:0 0 0 0;--_ga-bg-desktop:transparent none;--_ga-zi-desktop:auto;--_ga-d-desktop:flex;--_ga-mw-desktop:calc(100% - 0 - 0);--_ga-m-tablet:0 0 0 0;--_ga-p-tablet:0 0 0 0;--_ga-bg-tablet:transparent none;--_ga-zi-tablet:auto;--_ga-d-tablet:flex;--_ga-mw-tablet:calc(100% - 0 - 0);--_ga-m-mobile:0 0 0 0;--_ga-p-mobile:0 0 0 0;--_ga-bg-mobile:transparent none;--_ga-zi-mobile:auto;--_ga-d-mobile:flex;--_ga-mw-mobile:calc(100% - 0 - 0)\">\n<div class=\"wp-block-image\">\n<figure class=\"aligncenter size-full is-resized\"><img decoding=\"async\" src=\"https:\/\/www.campingtropical.com\/wp-content\/uploads\/2023\/04\/13-pizza.svg\" alt=\"\" class=\"wp-image-1057\" style=\"width:150px;height:150px\"\/><\/figure>\n<\/div>\n\n\n<p class=\"has-text-align-center\">PIZZAS CUITES AU FOUR \u00c0 BOIS <\/p>\n\n<\/div>\n\n<div class=\"grids-area service-box\" style=\"--_ga-column:5\/9;--_ga-row:4\/7;--_ga-m-desktop:0 0 0 0;--_ga-p-desktop:0 0 0 0;--_ga-bg-desktop:transparent none;--_ga-zi-desktop:auto;--_ga-d-desktop:flex;--_ga-mw-desktop:calc(100% - 0 - 0);--_ga-m-tablet:0 0 0 0;--_ga-p-tablet:0 0 0 0;--_ga-bg-tablet:transparent none;--_ga-zi-tablet:auto;--_ga-d-tablet:flex;--_ga-mw-tablet:calc(100% - 0 - 0);--_ga-m-mobile:0 0 0 0;--_ga-p-mobile:0 0 0 0;--_ga-bg-mobile:transparent none;--_ga-zi-mobile:auto;--_ga-d-mobile:flex;--_ga-mw-mobile:calc(100% - 0 - 0)\">\n<div class=\"wp-block-image\">\n<figure class=\"aligncenter size-full is-resized\"><img decoding=\"async\" src=\"https:\/\/www.campingtropical.com\/wp-content\/uploads\/2023\/04\/604-plate-warm.svg\" alt=\"\" class=\"wp-image-1059\" style=\"width:150px;height:150px\"\/><\/figure>\n<\/div>\n\n\n<p class=\"has-text-align-center\">PLATS TRADITIONNELS V\u00c9NITIENS ET INTERNATIONAUX <\/p>\n\n<\/div>\n\n<div class=\"grids-area service-box\" style=\"--_ga-column:9\/13;--_ga-row:4\/7;--_ga-m-desktop:0 0 0 0;--_ga-p-desktop:0 0 0 0;--_ga-bg-desktop:transparent none;--_ga-zi-desktop:auto;--_ga-d-desktop:flex;--_ga-mw-desktop:calc(100% - 0 - 0);--_ga-m-tablet:0 0 0 0;--_ga-p-tablet:0 0 0 0;--_ga-bg-tablet:transparent none;--_ga-zi-tablet:auto;--_ga-d-tablet:flex;--_ga-mw-tablet:calc(100% - 0 - 0);--_ga-m-mobile:0 0 0 0;--_ga-p-mobile:0 0 0 0;--_ga-bg-mobile:transparent none;--_ga-zi-mobile:auto;--_ga-d-mobile:flex;--_ga-mw-mobile:calc(100% - 0 - 0)\">\n<div class=\"wp-block-image\">\n<figure class=\"aligncenter size-full is-resized\"><img decoding=\"async\" src=\"https:\/\/www.campingtropical.com\/wp-content\/uploads\/2023\/04\/520-plate-fork-knife.svg\" alt=\"\" class=\"wp-image-1052\" style=\"width:150px;height:150px\"\/><\/figure>\n<\/div>\n\n\n<p class=\"has-text-align-center\">MENU VIANDE ET POISSON <\/p>\n\n<\/div>\n<\/div><\/div>\n\n\n<div style=\"height:60px\" aria-hidden=\"true\" class=\"wp-block-spacer\"><\/div>\n\n\n<div  class=\"grids-section grids-is-advanced alignwide\" style=\"--_gs-gap-desktop:0px 0px;--_gs-m-desktop:0 0 0 0;--_gs-p-desktop:0 0 0 0;--_gs-bg-desktop:transparent none;--_gs-bg-xp-desktop:0px;--_gs-zi-desktop:auto;--_gs-d-desktop:none;--_gs-mw-desktop:calc(100% - 0 - 0);--_gs-gap-tablet:0px 0px;--_gs-m-tablet:0 0 0 0;--_gs-p-tablet:0 0 0 0;--_gs-bg-tablet:transparent none;--_gs-bg-xp-tablet:0px;--_gs-zi-tablet:auto;--_gs-d-tablet:none;--_gs-mw-tablet:calc(100% - 0 - 0);--_gs-gap-mobile:0px 0px;--_gs-m-mobile:0 0 0 0;--_gs-p-mobile:0 0 0 0;--_gs-bg-mobile:transparent none;--_gs-bg-xp-mobile:0px;--_gs-zi-mobile:auto;--_gs-d-mobile:none;--_gs-mw-mobile:calc(100% - 0 - 0);--_gs-columns:12;--_gs-rows:6\"><div class=\"grids-s-w_i\">\n<div class=\"grids-area\" style=\"--_ga-column:1\/13;--_ga-row:1\/7;--_ga-m-desktop:0 0 0 0;--_ga-p-desktop:0 0 0 0;--_ga-bg-desktop:transparent none;--_ga-zi-desktop:auto;--_ga-d-desktop:flex;--_ga-mw-desktop:calc(100% - 0 - 0);--_ga-m-tablet:0 0 0 0;--_ga-p-tablet:0 0 0 0;--_ga-bg-tablet:transparent none;--_ga-zi-tablet:auto;--_ga-d-tablet:flex;--_ga-mw-tablet:calc(100% - 0 - 0);--_ga-m-mobile:0 0 0 0;--_ga-p-mobile:0 0 0 0;--_ga-bg-mobile:transparent none;--_ga-zi-mobile:auto;--_ga-d-mobile:flex;--_ga-mw-mobile:calc(100% - 0 - 0)\">\n\n<h2 class=\"wp-block-heading has-text-align-center palm-before palm-after has-text-color\" style=\"color:#004f6c\">La star de la cuisine v\u00e9nitienne <\/h2>\n\n\n\n<h4 class=\"wp-block-heading has-text-align-center\">Plats traditionnels au restaurant Tropical <\/h4>\n\n\n\n<p class=\"has-text-align-center\">Le restaurant Tropical propose maintes <strong>sp\u00e9cialit\u00e9s locales<\/strong> avec les incontournables recettes v\u00e9nitiennes comme le <strong>fritto misto avec de la polenta<\/strong>, le <strong>rago\u00fbt de seiche<\/strong> et <strong>le poisson grill\u00e9<\/strong>. <\/p>\n\n<\/div>\n<\/div><\/div>\n\n<div  class=\"grids-section image-wave-row grids-is-advanced alignfull\" style=\"--_gs-gap-desktop:0px 0px;--_gs-m-desktop:0 0 0 0;--_gs-p-desktop:0 0 0 0;--_gs-bg-desktop:transparent none;--_gs-bg-xp-desktop:0px;--_gs-zi-desktop:auto;--_gs-d-desktop:none;--_gs-mw-desktop:calc(100% - 0 - 0);--_gs-gap-tablet:0px 0px;--_gs-m-tablet:0 0 0 0;--_gs-p-tablet:0 0 0 0;--_gs-bg-tablet:transparent none;--_gs-bg-xp-tablet:0px;--_gs-zi-tablet:auto;--_gs-d-tablet:none;--_gs-mw-tablet:calc(100% - 0 - 0);--_gs-gap-mobile:0px 0px;--_gs-m-mobile:0 0 0 0;--_gs-p-mobile:0 0 0 0;--_gs-bg-mobile:transparent none;--_gs-bg-xp-mobile:0px;--_gs-zi-mobile:auto;--_gs-d-mobile:none;--_gs-mw-mobile:calc(100% - 0 - 0);--_gs-columns:12;--_gs-rows:6\"><div class=\"grids-s-w_i\">\n<div class=\"grids-area column-text\" style=\"--_ga-column:7\/13;--_ga-row:1\/7;--_ga-m-desktop:0 0 0 0;--_ga-p-desktop:0 0 0 0;--_ga-bg-desktop:transparent url(https:\/\/www.campingtropical.com\/wp-content\/uploads\/2023\/03\/onda-singola-azzurro.png) no-repeat 50% 100%  \/ contain;--_ga-zi-desktop:auto;--_ga-d-desktop:flex;--_ga-mw-desktop:calc(100% - 0 - 0);--_ga-m-tablet:0 0 0 0;--_ga-p-tablet:0 0 0 0;--_ga-bg-tablet:transparent url(https:\/\/www.campingtropical.com\/wp-content\/uploads\/2023\/03\/onda-singola-azzurro.png) no-repeat 50% 100%  \/ contain;--_ga-zi-tablet:auto;--_ga-d-tablet:flex;--_ga-mw-tablet:calc(100% - 0 - 0);--_ga-m-mobile:0 0 0 0;--_ga-p-mobile:0 0 0 0;--_ga-bg-mobile:transparent url(https:\/\/www.campingtropical.com\/wp-content\/uploads\/2023\/03\/onda-singola-azzurro.png) no-repeat 50% 100%  \/ contain;--_ga-zi-mobile:auto;--_ga-d-mobile:flex;--_ga-mw-mobile:calc(100% - 0 - 0)\">\n\n<h2 class=\"wp-block-heading palm-before has-text-color\" style=\"color:#004f6c\">Take away &amp; pizza \u00e0 emporter <\/h2>\n\n\n\n<h4 class=\"wp-block-heading\">Le maximum de la libert\u00e9 <\/h4>\n\n\n\n<p>Le restaurant Pizzeria Nassa on the beach Tropical propose un <strong>service de plats \u00e0 emporter et de pizzas<\/strong> pour vous permettre de <strong>d\u00e9jeuner\/d\u00eener sur la plage ou dans votre logement<\/strong>. <\/p>\n\n<\/div>\n\n<div class=\"grids-area column-image\" style=\"--_ga-column:1\/7;--_ga-row:1\/7;--_ga-va:center;--_ga-m-desktop:0 0 0 0;--_ga-p-desktop:0 0 0 0;--_ga-bg-desktop:transparent url(https:\/\/www.campingtropical.com\/wp-content\/uploads\/2023\/04\/camping-tropical-sottomarina-ristorante-asporto.jpg) no-repeat 50% 50%  \/ cover;--_ga-zi-desktop:auto;--_ga-d-desktop:flex;--_ga-mw-desktop:calc(100% - 0 - 0);--_ga-m-tablet:0 0 0 0;--_ga-p-tablet:0 0 0 0;--_ga-bg-tablet:transparent url(https:\/\/www.campingtropical.com\/wp-content\/uploads\/2023\/04\/camping-tropical-sottomarina-ristorante-asporto.jpg) no-repeat 50% 50%  \/ cover;--_ga-zi-tablet:auto;--_ga-d-tablet:flex;--_ga-mw-tablet:calc(100% - 0 - 0);--_ga-m-mobile:0 0 0 0;--_ga-p-mobile:0 0 0 0;--_ga-bg-mobile:transparent url(https:\/\/www.campingtropical.com\/wp-content\/uploads\/2023\/04\/camping-tropical-sottomarina-ristorante-asporto.jpg) no-repeat 50% 50%  \/ cover;--_ga-zi-mobile:auto;--_ga-d-mobile:flex;--_ga-mw-mobile:calc(100% - 0 - 0)\"><\/div>\n<\/div><\/div>\n\n<div  class=\"grids-section image-wave-row grids-is-advanced alignfull\" style=\"--_gs-gap-desktop:0px 0px;--_gs-m-desktop:0 0 0 0;--_gs-p-desktop:0 0 0 0;--_gs-bg-desktop:transparent none;--_gs-bg-xp-desktop:0px;--_gs-zi-desktop:auto;--_gs-d-desktop:none;--_gs-mw-desktop:calc(100% - 0 - 0);--_gs-gap-tablet:0px 0px;--_gs-m-tablet:0 0 0 0;--_gs-p-tablet:0 0 0 0;--_gs-bg-tablet:transparent none;--_gs-bg-xp-tablet:0px;--_gs-zi-tablet:auto;--_gs-d-tablet:none;--_gs-mw-tablet:calc(100% - 0 - 0);--_gs-gap-mobile:0px 0px;--_gs-m-mobile:0 0 0 0;--_gs-p-mobile:0 0 0 0;--_gs-bg-mobile:transparent none;--_gs-bg-xp-mobile:0px;--_gs-zi-mobile:auto;--_gs-d-mobile:none;--_gs-mw-mobile:calc(100% - 0 - 0);--_gs-columns:12;--_gs-rows:6\"><div class=\"grids-s-w_i\">\n<div class=\"grids-area column-text\" style=\"--_ga-column:1\/7;--_ga-row:1\/7;--_ga-m-desktop:0 0 0 0;--_ga-p-desktop:0 0 0 0;--_ga-bg-desktop:transparent url(https:\/\/www.campingtropical.com\/wp-content\/uploads\/2023\/03\/onda-singola.png) no-repeat 50% 100%  \/ contain;--_ga-zi-desktop:auto;--_ga-d-desktop:flex;--_ga-mw-desktop:calc(100% - 0 - 0);--_ga-m-tablet:0 0 0 0;--_ga-p-tablet:0 0 0 0;--_ga-bg-tablet:transparent url(https:\/\/www.campingtropical.com\/wp-content\/uploads\/2023\/03\/onda-singola.png) no-repeat 50% 100%  \/ contain;--_ga-zi-tablet:auto;--_ga-d-tablet:flex;--_ga-mw-tablet:calc(100% - 0 - 0);--_ga-m-mobile:0 0 0 0;--_ga-p-mobile:0 0 0 0;--_ga-bg-mobile:transparent url(https:\/\/www.campingtropical.com\/wp-content\/uploads\/2023\/03\/onda-singola.png) no-repeat 50% 100%  \/ contain;--_ga-zi-mobile:auto;--_ga-d-mobile:flex;--_ga-mw-mobile:calc(100% - 0 - 0)\">\n\n<h2 class=\"wp-block-heading palm-before has-text-color\" style=\"color:#004f6c\">Sp\u00e9cialit\u00e9s de Chioggia<\/h2>\n\n\n\n<h4 class=\"wp-block-heading\">Plats traditionnels<\/h4>\n\n\n\n<p>D\u00e9couvrez les <strong>sp\u00e9cialit\u00e9s de la cuisine de Chioggia au \u00ab\u00a0Nassa on the beach Tropical\u00a0\u00bb<\/strong>, o\u00f9 les saveurs authentiques sont r\u00e9unies dans une atmosph\u00e8re chaleureuse, id\u00e9ale pour une pause savoureuse et relaxante pendant vos vacances.<\/p>\n\n<\/div>\n\n<div class=\"grids-area column-image image-pos-bottom\" style=\"--_ga-column:7\/13;--_ga-row:1\/7;--_ga-va:center;--_ga-m-desktop:0 0 0 0;--_ga-p-desktop:0 0 0 0;--_ga-bg-desktop:transparent url(https:\/\/www.campingtropical.com\/wp-content\/uploads\/2024\/04\/tradizione-culinaria.jpg) no-repeat 50% 50%  \/ cover;--_ga-zi-desktop:auto;--_ga-d-desktop:flex;--_ga-mw-desktop:calc(100% - 0 - 0);--_ga-m-tablet:0 0 0 0;--_ga-p-tablet:0 0 0 0;--_ga-bg-tablet:transparent url(https:\/\/www.campingtropical.com\/wp-content\/uploads\/2024\/04\/tradizione-culinaria.jpg) no-repeat 50% 50%  \/ cover;--_ga-zi-tablet:auto;--_ga-d-tablet:flex;--_ga-mw-tablet:calc(100% - 0 - 0);--_ga-m-mobile:0 0 0 0;--_ga-p-mobile:0 0 0 0;--_ga-bg-mobile:transparent url(https:\/\/www.campingtropical.com\/wp-content\/uploads\/2024\/04\/tradizione-culinaria.jpg) no-repeat 50% 50%  \/ cover;--_ga-zi-mobile:auto;--_ga-d-mobile:flex;--_ga-mw-mobile:calc(100% - 0 - 0)\"><\/div>\n<\/div><\/div>\n\n<div  class=\"grids-section image-wave-row grids-is-advanced alignfull\" style=\"--_gs-gap-desktop:0px 0px;--_gs-m-desktop:0 0 0 0;--_gs-p-desktop:0 0 0 0;--_gs-bg-desktop:transparent none;--_gs-bg-xp-desktop:0px;--_gs-zi-desktop:auto;--_gs-d-desktop:none;--_gs-mw-desktop:calc(100% - 0 - 0);--_gs-gap-tablet:0px 0px;--_gs-m-tablet:0 0 0 0;--_gs-p-tablet:0 0 0 0;--_gs-bg-tablet:transparent none;--_gs-bg-xp-tablet:0px;--_gs-zi-tablet:auto;--_gs-d-tablet:none;--_gs-mw-tablet:calc(100% - 0 - 0);--_gs-gap-mobile:0px 0px;--_gs-m-mobile:0 0 0 0;--_gs-p-mobile:0 0 0 0;--_gs-bg-mobile:transparent none;--_gs-bg-xp-mobile:0px;--_gs-zi-mobile:auto;--_gs-d-mobile:none;--_gs-mw-mobile:calc(100% - 0 - 0);--_gs-columns:12;--_gs-rows:6\"><div class=\"grids-s-w_i\">\n<div class=\"grids-area column-text\" style=\"--_ga-column:7\/13;--_ga-row:1\/7;--_ga-m-desktop:0 0 0 0;--_ga-p-desktop:0 0 0 0;--_ga-bg-desktop:transparent url(https:\/\/www.campingtropical.com\/wp-content\/uploads\/2023\/03\/onda-singola-azzurro.png) no-repeat 50% 100%  \/ contain;--_ga-zi-desktop:auto;--_ga-d-desktop:flex;--_ga-mw-desktop:calc(100% - 0 - 0);--_ga-m-tablet:0 0 0 0;--_ga-p-tablet:0 0 0 0;--_ga-bg-tablet:transparent url(https:\/\/www.campingtropical.com\/wp-content\/uploads\/2023\/03\/onda-singola-azzurro.png) no-repeat 50% 100%  \/ contain;--_ga-zi-tablet:auto;--_ga-d-tablet:flex;--_ga-mw-tablet:calc(100% - 0 - 0);--_ga-m-mobile:0 0 0 0;--_ga-p-mobile:0 0 0 0;--_ga-bg-mobile:transparent url(https:\/\/www.campingtropical.com\/wp-content\/uploads\/2023\/03\/onda-singola-azzurro.png) no-repeat 50% 100%  \/ contain;--_ga-zi-mobile:auto;--_ga-d-mobile:flex;--_ga-mw-mobile:calc(100% - 0 - 0)\">\n\n<h2 class=\"wp-block-heading palm-before has-text-color\" style=\"color:#004f6c\">Nos kiosques \u00ab&nbsp;DAI BOLLA&nbsp;\u00bb <\/h2>\n\n\n\n<h4 class=\"wp-block-heading\">Id\u00e9al pour le petit-d\u00e9jeuner, les d\u00e9jeuners rapides et les ap\u00e9ritifs du soir <\/h4>\n\n\n\n<p><strong>Le long de la plage<\/strong> de Sottomarina \u00e0 Caorle se trouvent les <strong>deux kiosques <\/strong>du camping.  Id\u00e9al pour se rafra\u00eechir lors des journ\u00e9es chaudes \u00e0 la plage, pour d\u00e9guster un bon <strong>snack<\/strong>, <strong>une salade<\/strong>, un <strong>plat de poisson chaud<\/strong> ou une glace.  <\/p>\n\n\n\n<p>Le soir, cependant, le kiosque principal se transforme en <strong>point de rencontre pour un ap\u00e9ritif ou un cocktail<\/strong> \u00e0 d\u00e9guster sur la plage, au bord de la mer. <\/p>\n\n<\/div>\n\n<div class=\"grids-area column-image\" style=\"--_ga-column:1\/7;--_ga-row:1\/7;--_ga-va:center;--_ga-m-desktop:0 0 0 0;--_ga-p-desktop:0 0 0 0;--_ga-bg-desktop:transparent url(https:\/\/www.campingtropical.com\/wp-content\/uploads\/2023\/04\/camping-tropical-sottomarina-bar-spiaggia.jpg) no-repeat 50% 50%  \/ cover;--_ga-zi-desktop:auto;--_ga-d-desktop:flex;--_ga-mw-desktop:calc(100% - 0 - 0);--_ga-m-tablet:0 0 0 0;--_ga-p-tablet:0 0 0 0;--_ga-bg-tablet:transparent url(https:\/\/www.campingtropical.com\/wp-content\/uploads\/2023\/04\/camping-tropical-sottomarina-bar-spiaggia.jpg) no-repeat 50% 50%  \/ cover;--_ga-zi-tablet:auto;--_ga-d-tablet:flex;--_ga-mw-tablet:calc(100% - 0 - 0);--_ga-m-mobile:0 0 0 0;--_ga-p-mobile:0 0 0 0;--_ga-bg-mobile:transparent url(https:\/\/www.campingtropical.com\/wp-content\/uploads\/2023\/04\/camping-tropical-sottomarina-bar-spiaggia.jpg) no-repeat 50% 50%  \/ cover;--_ga-zi-mobile:auto;--_ga-d-mobile:flex;--_ga-mw-mobile:calc(100% - 0 - 0)\"><\/div>\n<\/div><\/div>\n\n<div  class=\"grids-section acknowledgment-row grids-is-advanced alignwide\" style=\"--_gs-gap-desktop:0px 0px;--_gs-m-desktop:0 0 0 0;--_gs-p-desktop:0 0 0 0;--_gs-bg-desktop:transparent none;--_gs-bg-xp-desktop:0px;--_gs-zi-desktop:auto;--_gs-d-desktop:none;--_gs-mw-desktop:calc(100% - 0 - 0);--_gs-gap-tablet:0px 0px;--_gs-m-tablet:0 0 0 0;--_gs-p-tablet:0 0 0 0;--_gs-bg-tablet:transparent none;--_gs-bg-xp-tablet:0px;--_gs-zi-tablet:auto;--_gs-d-tablet:none;--_gs-mw-tablet:calc(100% - 0 - 0);--_gs-gap-mobile:0px 0px;--_gs-m-mobile:0 0 0 0;--_gs-p-mobile:0 0 0 0;--_gs-bg-mobile:transparent none;--_gs-bg-xp-mobile:0px;--_gs-zi-mobile:auto;--_gs-d-mobile:none;--_gs-mw-mobile:calc(100% - 0 - 0);--_gs-columns:12;--_gs-rows:6\"><div class=\"grids-s-w_i\">\n<div class=\"grids-area\" style=\"--_ga-column:1\/13;--_ga-row:1\/7;--_ga-m-desktop:0 0 0 0;--_ga-p-desktop:0 0 0 0;--_ga-bg-desktop:transparent none;--_ga-zi-desktop:auto;--_ga-d-desktop:flex;--_ga-mw-desktop:calc(100% - 0 - 0);--_ga-m-tablet:0 0 0 0;--_ga-p-tablet:0 0 0 0;--_ga-bg-tablet:transparent none;--_ga-zi-tablet:auto;--_ga-d-tablet:flex;--_ga-mw-tablet:calc(100% - 0 - 0);--_ga-m-mobile:0 0 0 0;--_ga-p-mobile:0 0 0 0;--_ga-bg-mobile:transparent none;--_ga-zi-mobile:auto;--_ga-d-mobile:flex;--_ga-mw-mobile:calc(100% - 0 - 0)\">\n\n<h2 class=\"wp-block-heading has-text-align-center has-text-color\" style=\"color:#004f6c\">Coordonn\u00e9es <\/h2>\n\n\n\n<h4 class=\"wp-block-heading has-text-align-center\">Au Bain Tropical, sur la plage de Sottomarina <\/h4>\n\n\n\n<p class=\"has-text-align-center\">Le <strong>restaurant pizzeria \u00ab&nbsp;Nassa on the beach Tropical&nbsp;\u00bb<\/strong> est implant\u00e9 sur la plage de Sottomarina, \u00e0 Chioggia, <strong>\u00e0 l&rsquo;\u00e9tablissement de Bain Tropical, pr\u00e8s du barrage<\/strong> et \u00e0 cinq minutes du centre-ville. <\/p>\n\n\n\n<p class=\"has-text-align-center\"><strong>Adresse<\/strong>\u00a0: Via S. Felice, 10c, 30015 Chioggia VE <br><strong>T\u00e9l\u00e9phone\u00a0<\/strong>: <a href=\"tel:+390410970189\"><a href=\"tel:+390410970189\">0410970189<\/a><\/a><\/p>\n\n\n\n<div class=\"wp-block-buttons is-content-justification-center is-layout-flex wp-container-core-buttons-is-layout-16018d1d wp-block-buttons-is-layout-flex\">\n<div class=\"wp-block-button\"><a class=\"wp-block-button__link wp-element-button\" href=\"https:\/\/goo.gl\/maps\/1hbMB3sMnAxHXMrj6\" target=\"_blank\" rel=\"noreferrer noopener\">OUVRIR SUR GOOGLE MAPS <\/a><\/div>\n<\/div>\n\n<\/div>\n<\/div><\/div>","protected":false},"excerpt":{"rendered":"","protected":false},"author":6,"featured_media":2048,"parent":0,"menu_order":0,"comment_status":"closed","ping_status":"closed","template":"","meta":{"_acf_changed":false,"_seopress_robots_primary_cat":"","_seopress_titles_title":"Restaurant Pizzeria Pasta Mia sur la plage de Chioggia %%sep%% %%sitetitle%% ","_seopress_titles_desc":"Camping avec restaurant face \u00e0 la mer \u00e0 Chioggia Venezia.  100 places assises, \u00e0 l'int\u00e9rieur et \u00e0 l'ext\u00e9rieur, avec les meilleurs plats de la cuisine m\u00e9diterran\u00e9enne. ","_seopress_robots_index":"","advgb_blocks_editor_width":"","advgb_blocks_columns_visual_guide":"","footnotes":""},"class_list":["post-2557","page","type-page","status-publish","has-post-thumbnail","hentry","entry"],"acf":[],"coauthors":[],"author_meta":{"author_link":"https:\/\/www.campingtropical.com\/fr\/author\/federica-o8y61tra\/","display_name":"federica.o8y61tra"},"relative_dates":{"created":"Publi\u00e9 3 ans il y a","modified":"Mis \u00e0 jour 9 mois il y a"},"absolute_dates":{"created":"Publi\u00e9 le mai 23, 2023","modified":"Mise \u00e0 jour le juillet 15, 2025"},"absolute_dates_time":{"created":"Publi\u00e9 le mai 23, 2023 9:12 am","modified":"Mise \u00e0 jour le juillet 15, 2025 2:09 pm"},"featured_img_caption":"","featured_img":"https:\/\/www.campingtropical.com\/wp-content\/uploads\/2023\/04\/camping-tropical-sottomarina-ristorante-banner-1568x784.jpg","series_order":"","_links":{"self":[{"href":"https:\/\/www.campingtropical.com\/fr\/wp-json\/wp\/v2\/pages\/2557","targetHints":{"allow":["GET"]}}],"collection":[{"href":"https:\/\/www.campingtropical.com\/fr\/wp-json\/wp\/v2\/pages"}],"about":[{"href":"https:\/\/www.campingtropical.com\/fr\/wp-json\/wp\/v2\/types\/page"}],"author":[{"embeddable":true,"href":"https:\/\/www.campingtropical.com\/fr\/wp-json\/wp\/v2\/users\/6"}],"replies":[{"embeddable":true,"href":"https:\/\/www.campingtropical.com\/fr\/wp-json\/wp\/v2\/comments?post=2557"}],"version-history":[{"count":15,"href":"https:\/\/www.campingtropical.com\/fr\/wp-json\/wp\/v2\/pages\/2557\/revisions"}],"predecessor-version":[{"id":4252,"href":"https:\/\/www.campingtropical.com\/fr\/wp-json\/wp\/v2\/pages\/2557\/revisions\/4252"}],"wp:featuredmedia":[{"embeddable":true,"href":"https:\/\/www.campingtropical.com\/fr\/wp-json\/wp\/v2\/media\/2048"}],"wp:attachment":[{"href":"https:\/\/www.campingtropical.com\/fr\/wp-json\/wp\/v2\/media?parent=2557"}],"curies":[{"name":"wp","href":"https:\/\/api.w.org\/{rel}","templated":true}]}}