{"id":2560,"date":"2023-05-23T09:12:14","date_gmt":"2023-05-23T07:12:14","guid":{"rendered":"https:\/\/www.campingtropical.com\/camping-village\/"},"modified":"2026-03-18T10:00:13","modified_gmt":"2026-03-18T09:00:13","slug":"camping-village","status":"publish","type":"page","link":"https:\/\/www.campingtropical.com\/fr\/camping-village\/","title":{"rendered":"Camping Village"},"content":{"rendered":"<div  class=\"grids-section four-servces-boxes grids-is-advanced alignwide\" style=\"--_gs-gap-desktop:0px 0px;--_gs-m-desktop:0 0 0 0;--_gs-p-desktop:0 0 0 0;--_gs-bg-desktop:transparent none;--_gs-bg-xp-desktop:0px;--_gs-zi-desktop:auto;--_gs-d-desktop:block;--_gs-mw-desktop:calc(100% - 0 - 0);--_gs-gap-tablet:0px 0px;--_gs-m-tablet:0 0 0 0;--_gs-p-tablet:0 0 0 0;--_gs-bg-tablet:transparent none;--_gs-bg-xp-tablet:0px;--_gs-zi-tablet:auto;--_gs-d-tablet:block;--_gs-mw-tablet:calc(100% - 0 - 0);--_gs-gap-mobile:0px 0px;--_gs-m-mobile:0 0 0 0;--_gs-p-mobile:0 0 0 0;--_gs-bg-mobile:transparent none;--_gs-bg-xp-mobile:0px;--_gs-zi-mobile:auto;--_gs-d-mobile:block;--_gs-mw-mobile:calc(100% - 0 - 0);--_gs-columns:12;--_gs-rows:6\"><div class=\"grids-s-w_i\">\n<div class=\"grids-area\" style=\"--_ga-column:1\/13;--_ga-row:1\/4;--_ga-m-desktop:0 0 0 0;--_ga-p-desktop:0 0 0 0;--_ga-bg-desktop:transparent none;--_ga-zi-desktop:auto;--_ga-d-desktop:flex;--_ga-mw-desktop:calc(100% - 0 - 0);--_ga-m-tablet:0 0 0 0;--_ga-p-tablet:0 0 0 0;--_ga-bg-tablet:transparent none;--_ga-zi-tablet:auto;--_ga-d-tablet:flex;--_ga-mw-tablet:calc(100% - 0 - 0);--_ga-m-mobile:0 0 0 0;--_ga-p-mobile:0 0 0 0;--_ga-bg-mobile:transparent none;--_ga-zi-mobile:auto;--_ga-d-mobile:flex;--_ga-mw-mobile:calc(100% - 0 - 0)\">\n\n<h1 class=\"wp-block-heading alignwide has-text-align-center has-text-color\" style=\"color:#06485b\">Camping Village surplombe la mer de Sottomarina <\/h1>\n\n\n\n<h2 class=\"wp-block-heading alignwide has-text-align-center\">Votre centre de vacances \u00e0 Chioggia <\/h2>\n\n\n\n<p class=\"has-text-align-center\">Le Camping Tropical donne sur la <strong>plage de Sottomarina \u00e0 Chioggia<\/strong>, l&rsquo;une des plus belles c\u00f4tes de l&rsquo;Adriatique, o\u00f9 la mer rencontre la culture et l&rsquo;histoire de la V\u00e9n\u00e9tie. <\/p>\n\n\n\n<p class=\"has-text-align-center\">Dans cette <strong>oasis bord\u00e9e d&rsquo;arbres<\/strong>, lieu de d\u00e9tente et de loisirs, notre camping met \u00e0 votre disposition de nombreux <strong>emplacements spacieux<\/strong> pour tentes et caravanes avec diff\u00e9rents degr\u00e9s d&rsquo;ombrage, toutes les unit\u00e9s \u00e9quip\u00e9s de raccordement \u00e9lectrique et d&rsquo;eau chaude. <\/p>\n\n\n\n<p class=\"has-text-align-center\">Pour ceux qui souhaitent passer des vacances immerg\u00e9es dans la nature sans renoncer \u00e0 tout le confort de la maison, il existe des solutions de logement confortables, telles que des <strong>mobil-homes et des appartements<\/strong> et <strong>un spa de luxe<\/strong>. <\/p>\n\n<\/div>\n<\/div><\/div>\n\n<div  class=\"grids-section grids-is-advanced\" style=\"--_gs-gap-desktop:0px 0px;--_gs-m-desktop:-120px 0 70px 0;--_gs-p-desktop:0 0 0 0;--_gs-bg-desktop:transparent none;--_gs-bg-xp-desktop:0px;--_gs-zi-desktop:auto;--_gs-d-desktop:block;--_gs-mw-desktop:calc(100% - 0 - 0);--_gs-gap-tablet:0px 0px;--_gs-m-tablet:-120px 0 70px 0;--_gs-p-tablet:0 0 0 0;--_gs-bg-tablet:transparent none;--_gs-bg-xp-tablet:0px;--_gs-zi-tablet:auto;--_gs-d-tablet:block;--_gs-mw-tablet:calc(100% - 0 - 0);--_gs-gap-mobile:0px 0px;--_gs-m-mobile:0px 0 30px 0;--_gs-p-mobile:0 0 0 0;--_gs-bg-mobile:transparent none;--_gs-bg-xp-mobile:0px;--_gs-zi-mobile:auto;--_gs-d-mobile:block;--_gs-mw-mobile:calc(100% - 0 - 0);--_gs-columns:12;--_gs-rows:6\"><div class=\"grids-s-w_i\">\n<div class=\"grids-area\" style=\"--_ga-column:2\/12;--_ga-row:1\/2;--_ga-m-desktop:0 0 0 0;--_ga-p-desktop:0 0 0 0;--_ga-bg-desktop:transparent none;--_ga-zi-desktop:auto;--_ga-d-desktop:flex;--_ga-mw-desktop:calc(100% - 0 - 0);--_ga-m-tablet:0 0 0 0;--_ga-p-tablet:0 0 0 0;--_ga-bg-tablet:transparent none;--_ga-zi-tablet:auto;--_ga-d-tablet:flex;--_ga-mw-tablet:calc(100% - 0 - 0);--_ga-m-mobile:0 0 0 0;--_ga-p-mobile:0 0 0 0;--_ga-bg-mobile:transparent none;--_ga-zi-mobile:auto;--_ga-d-mobile:flex;--_ga-mw-mobile:calc(100% - 0 - 0)\">\n\n<div class=\"wp-block-buttons alignwide is-content-justification-center is-layout-flex wp-container-core-buttons-is-layout-16018d1d wp-block-buttons-is-layout-flex\">\n<div class=\"wp-block-button is-style-outline is-style-outline--2\"><a class=\"wp-block-button__link wp-element-button\" href=\"https:\/\/www.campingtropical.com\/fr\/logements\/\">LOGEMENTS<\/a><\/div>\n\n\n\n<div class=\"wp-block-button is-style-outline is-style-outline--3\"><a class=\"wp-block-button__link wp-element-button\" href=\"https:\/\/www.campingtropical.com\/fr\/camping\/\">CAMPING<\/a><\/div>\n\n\n\n<div class=\"wp-block-button is-style-outline is-style-outline--4\"><a class=\"wp-block-button__link wp-element-button\" href=\"https:\/\/www.campingtropical.com\/fr\/plage\/\">PLAGE<\/a><\/div>\n\n\n\n<div class=\"wp-block-button is-style-outline is-style-outline--5\"><a class=\"wp-block-button__link wp-element-button\" href=\"https:\/\/www.campingtropical.com\/fr\/services\/\">SERVICES<\/a><\/div>\n<\/div>\n\n<\/div>\n<\/div><\/div>\n\n<div  class=\"grids-section four-servces-boxes grids-is-advanced\" style=\"--_gs-gap-desktop:0px 0px;--_gs-m-desktop:0 0 0 0;--_gs-p-desktop:0 0 0 0;--_gs-bg-desktop:transparent none;--_gs-bg-xp-desktop:0px;--_gs-zi-desktop:auto;--_gs-d-desktop:block;--_gs-mw-desktop:calc(100% - 0 - 0);--_gs-gap-tablet:0px 0px;--_gs-m-tablet:0 0 0 0;--_gs-p-tablet:0 0 0 0;--_gs-bg-tablet:transparent none;--_gs-bg-xp-tablet:0px;--_gs-zi-tablet:auto;--_gs-d-tablet:block;--_gs-mw-tablet:calc(100% - 0 - 0);--_gs-gap-mobile:0px 0px;--_gs-m-mobile:0 0 0 0;--_gs-p-mobile:0 0 0 0;--_gs-bg-mobile:transparent none;--_gs-bg-xp-mobile:0px;--_gs-zi-mobile:auto;--_gs-d-mobile:block;--_gs-mw-mobile:calc(100% - 0 - 0);--_gs-columns:12;--_gs-rows:6\"><div class=\"grids-s-w_i\">\n<div class=\"grids-area\" style=\"--_ga-column:1\/13;--_ga-row:1\/4;--_ga-m-desktop:0 0 0 0;--_ga-p-desktop:0 0 0 0;--_ga-bg-desktop:transparent none;--_ga-zi-desktop:auto;--_ga-d-desktop:flex;--_ga-mw-desktop:calc(100% - 0 - 0);--_ga-m-tablet:0 0 0 0;--_ga-p-tablet:0 0 0 0;--_ga-bg-tablet:transparent none;--_ga-zi-tablet:auto;--_ga-d-tablet:flex;--_ga-mw-tablet:calc(100% - 0 - 0);--_ga-m-mobile:0 0 0 0;--_ga-p-mobile:0 0 0 0;--_ga-bg-mobile:transparent none;--_ga-zi-mobile:auto;--_ga-d-mobile:flex;--_ga-mw-mobile:calc(100% - 0 - 0)\">\n\n<h2 class=\"wp-block-heading alignwide has-text-align-center\">Le Camping Tropical a un acc\u00e8s direct \u00e0 la plage priv\u00e9e <\/h2>\n\n\n\n<p class=\"has-text-align-center\">Atteignez la plage sans traverser une seule route&nbsp;! <\/p>\n\n\n\n<p class=\"has-text-align-center\"><em>Cliquez sur la carte pour l&rsquo;agrandir <\/em><\/p>\n\n\n\n<figure class=\"wp-block-image size-full\"><a href=\"https:\/\/www.campingtropical.com\/wp-content\/uploads\/2026\/03\/mappa-villaggio-marzo-2026.png\" target=\"_blank\" rel=\"noreferrer noopener\"><img loading=\"lazy\" decoding=\"async\" width=\"524\" height=\"736\" src=\"https:\/\/www.campingtropical.com\/wp-content\/uploads\/2026\/03\/mappa-villaggio-marzo-2026.png\" alt=\"\" class=\"wp-image-4641\" srcset=\"https:\/\/www.campingtropical.com\/wp-content\/uploads\/2026\/03\/mappa-villaggio-marzo-2026.png 524w, https:\/\/www.campingtropical.com\/wp-content\/uploads\/2026\/03\/mappa-villaggio-marzo-2026-214x300.png 214w\" sizes=\"auto, (max-width: 524px) 100vw, 524px\" \/><\/a><\/figure>\n\n<\/div>\n<\/div><\/div>\n\n<div  class=\"grids-section image-wave-row grids-is-advanced alignfull\" style=\"--_gs-gap-desktop:0px 0px;--_gs-m-desktop:0 0 0 0;--_gs-p-desktop:0 0 0 0;--_gs-bg-desktop:transparent none;--_gs-bg-xp-desktop:0px;--_gs-zi-desktop:auto;--_gs-d-desktop:block;--_gs-mw-desktop:calc(100% - 0 - 0);--_gs-gap-tablet:0px 0px;--_gs-m-tablet:0 0 0 0;--_gs-p-tablet:0 0 0 0;--_gs-bg-tablet:transparent none;--_gs-bg-xp-tablet:0px;--_gs-zi-tablet:auto;--_gs-d-tablet:block;--_gs-mw-tablet:calc(100% - 0 - 0);--_gs-gap-mobile:0px 0px;--_gs-m-mobile:0 0 0 0;--_gs-p-mobile:0 0 0 0;--_gs-bg-mobile:transparent none;--_gs-bg-xp-mobile:0px;--_gs-zi-mobile:auto;--_gs-d-mobile:block;--_gs-mw-mobile:calc(100% - 0 - 0);--_gs-columns:12;--_gs-rows:6\"><div class=\"grids-s-w_i\">\n<div class=\"grids-area column-text\" style=\"--_ga-column:7\/13;--_ga-row:1\/7;--_ga-m-desktop:0 0 0 0;--_ga-p-desktop:0 0 0 0;--_ga-bg-desktop:transparent url(https:\/\/www.campingtropical.com\/wp-content\/uploads\/2023\/03\/onda-singola-azzurro.png) no-repeat 50% 100%  \/ contain;--_ga-zi-desktop:auto;--_ga-d-desktop:flex;--_ga-mw-desktop:calc(100% - 0 - 0);--_ga-m-tablet:0 0 0 0;--_ga-p-tablet:0 0 0 0;--_ga-bg-tablet:transparent url(https:\/\/www.campingtropical.com\/wp-content\/uploads\/2023\/03\/onda-singola-azzurro.png) no-repeat 50% 100%  \/ contain;--_ga-zi-tablet:auto;--_ga-d-tablet:flex;--_ga-mw-tablet:calc(100% - 0 - 0);--_ga-m-mobile:0 0 0 0;--_ga-p-mobile:0 0 0 0;--_ga-bg-mobile:transparent url(https:\/\/www.campingtropical.com\/wp-content\/uploads\/2023\/03\/onda-singola-azzurro.png) no-repeat 50% 100%  \/ contain;--_ga-zi-mobile:auto;--_ga-d-mobile:flex;--_ga-mw-mobile:calc(100% - 0 - 0)\">\n\n<h2 class=\"wp-block-heading palm-before has-text-color\" style=\"color:#004f6c\">Logements disponibles <\/h2>\n\n\n\n<h4 class=\"wp-block-heading\">D\u00e9couvrez les logements disponibles dans votre village <\/h4>\n\n\n\n<p>Un large \u00e9ventail d&rsquo;options parmi lesquelles choisir comme le <strong>chalet<\/strong>, <strong>mobile home<\/strong>, <strong>appartements<\/strong> et <strong>garden villla<\/strong>, <strong>De Luxe<\/strong> et <strong>De Luxe SPA<\/strong>.  Id\u00e9al pour des vacances \u00e0 la plage en famille ou entre amis sans renoncer au confort. <\/p>\n\n\n\n<div class=\"wp-block-buttons is-content-justification-center is-layout-flex wp-container-core-buttons-is-layout-16018d1d wp-block-buttons-is-layout-flex\">\n<div class=\"wp-block-button\"><a class=\"wp-block-button__link wp-element-button\" href=\"https:\/\/www.campingtropical.com\/fr\/logements\/\">D\u00c9COUVREZ LES LOCATIONS <\/a><\/div>\n<\/div>\n\n<\/div>\n\n<div class=\"grids-area column-image\" style=\"--_ga-column:1\/7;--_ga-row:1\/7;--_ga-va:center;--_ga-m-desktop:0 0 0 0;--_ga-p-desktop:0 0 0 0;--_ga-bg-desktop:transparent url(https:\/\/www.campingtropical.com\/wp-content\/uploads\/2023\/04\/de-luxe-camping-tropical-sottomarina-4.jpg) no-repeat 50% 50%  \/ cover;--_ga-zi-desktop:auto;--_ga-d-desktop:flex;--_ga-mw-desktop:calc(100% - 0 - 0);--_ga-m-tablet:0 0 0 0;--_ga-p-tablet:0 0 0 0;--_ga-bg-tablet:transparent url(https:\/\/www.campingtropical.com\/wp-content\/uploads\/2023\/04\/de-luxe-camping-tropical-sottomarina-4.jpg) no-repeat 50% 50%  \/ cover;--_ga-zi-tablet:auto;--_ga-d-tablet:flex;--_ga-mw-tablet:calc(100% - 0 - 0);--_ga-m-mobile:0 0 0 0;--_ga-p-mobile:0 0 0 0;--_ga-bg-mobile:transparent url(https:\/\/www.campingtropical.com\/wp-content\/uploads\/2023\/04\/de-luxe-camping-tropical-sottomarina-4.jpg) no-repeat 50% 50%  \/ cover;--_ga-zi-mobile:auto;--_ga-d-mobile:flex;--_ga-mw-mobile:calc(100% - 0 - 0)\"><\/div>\n<\/div><\/div>\n\n<div  class=\"grids-section image-wave-row grids-is-advanced alignfull\" style=\"--_gs-gap-desktop:0px 0px;--_gs-m-desktop:0 0 0 0;--_gs-p-desktop:0 0 0 0;--_gs-bg-desktop:transparent none;--_gs-bg-xp-desktop:0px;--_gs-zi-desktop:auto;--_gs-d-desktop:block;--_gs-mw-desktop:calc(100% - 0 - 0);--_gs-gap-tablet:0px 0px;--_gs-m-tablet:0 0 0 0;--_gs-p-tablet:0 0 0 0;--_gs-bg-tablet:transparent none;--_gs-bg-xp-tablet:0px;--_gs-zi-tablet:auto;--_gs-d-tablet:block;--_gs-mw-tablet:calc(100% - 0 - 0);--_gs-gap-mobile:0px 0px;--_gs-m-mobile:0 0 0 0;--_gs-p-mobile:0 0 0 0;--_gs-bg-mobile:transparent none;--_gs-bg-xp-mobile:0px;--_gs-zi-mobile:auto;--_gs-d-mobile:block;--_gs-mw-mobile:calc(100% - 0 - 0);--_gs-columns:12;--_gs-rows:6\"><div class=\"grids-s-w_i\">\n<div class=\"grids-area column-text\" style=\"--_ga-column:1\/7;--_ga-row:1\/7;--_ga-m-desktop:0 0 0 0;--_ga-p-desktop:0 0 0 0;--_ga-bg-desktop:transparent url(https:\/\/www.campingtropical.com\/wp-content\/uploads\/2023\/03\/onda-singola.png) no-repeat 50% 100%  \/ contain;--_ga-zi-desktop:auto;--_ga-d-desktop:flex;--_ga-mw-desktop:calc(100% - 0 - 0);--_ga-m-tablet:0 0 0 0;--_ga-p-tablet:0 0 0 0;--_ga-bg-tablet:transparent url(https:\/\/www.campingtropical.com\/wp-content\/uploads\/2023\/03\/onda-singola.png) no-repeat 50% 100%  \/ contain;--_ga-zi-tablet:auto;--_ga-d-tablet:flex;--_ga-mw-tablet:calc(100% - 0 - 0);--_ga-m-mobile:0 0 0 0;--_ga-p-mobile:0 0 0 0;--_ga-bg-mobile:transparent url(https:\/\/www.campingtropical.com\/wp-content\/uploads\/2023\/03\/onda-singola.png) no-repeat 50% 100%  \/ contain;--_ga-zi-mobile:auto;--_ga-d-mobile:flex;--_ga-mw-mobile:calc(100% - 0 - 0)\">\n\n<h2 class=\"wp-block-heading palm-before has-text-color\" style=\"color:#004f6c\">Camping <\/h2>\n\n\n\n<h4 class=\"wp-block-heading\">D\u00e9couvrez les espaces d\u00e9di\u00e9s au camping <\/h4>\n\n\n\n<p><strong>Immerg\u00e9 dans la nature<\/strong>, avec un acc\u00e8s direct \u00e0 la mer et \u00e0 la plage priv\u00e9e, de nombreux emplacements spacieux pour les tentes et les caravanes. <\/p>\n\n\n\n<div class=\"wp-block-buttons is-content-justification-center is-layout-flex wp-container-core-buttons-is-layout-16018d1d wp-block-buttons-is-layout-flex\">\n<div class=\"wp-block-button\"><a class=\"wp-block-button__link wp-element-button\" href=\"https:\/\/www.campingtropical.com\/fr\/camping\/\">D\u00c9COUVREZ LE CAMPING <\/a><\/div>\n<\/div>\n\n<\/div>\n\n<div class=\"grids-area column-image\" style=\"--_ga-column:7\/13;--_ga-row:1\/7;--_ga-va:center;--_ga-m-desktop:0 0 0 0;--_ga-p-desktop:0 0 0 0;--_ga-bg-desktop:transparent url(https:\/\/www.campingtropical.com\/wp-content\/uploads\/2023\/04\/piazzola-camping-tropical-sottomarina-02.jpg) no-repeat 50% 50%  \/ cover;--_ga-zi-desktop:auto;--_ga-d-desktop:flex;--_ga-mw-desktop:calc(100% - 0 - 0);--_ga-m-tablet:0 0 0 0;--_ga-p-tablet:0 0 0 0;--_ga-bg-tablet:transparent url(https:\/\/www.campingtropical.com\/wp-content\/uploads\/2023\/04\/piazzola-camping-tropical-sottomarina-02.jpg) no-repeat 50% 50%  \/ cover;--_ga-zi-tablet:auto;--_ga-d-tablet:flex;--_ga-mw-tablet:calc(100% - 0 - 0);--_ga-m-mobile:0 0 0 0;--_ga-p-mobile:0 0 0 0;--_ga-bg-mobile:transparent url(https:\/\/www.campingtropical.com\/wp-content\/uploads\/2023\/04\/piazzola-camping-tropical-sottomarina-02.jpg) no-repeat 50% 50%  \/ cover;--_ga-zi-mobile:auto;--_ga-d-mobile:flex;--_ga-mw-mobile:calc(100% - 0 - 0)\"><\/div>\n<\/div><\/div>\n\n<div  class=\"grids-section photo-white-row grids-is-advanced alignwide\" style=\"--_gs-gap-desktop:0px 0px;--_gs-m-desktop:0 0 0 0;--_gs-p-desktop:0 0 0 0;--_gs-bg-desktop:transparent url(https:\/\/www.campingtropical.com\/wp-content\/uploads\/2023\/04\/camping-tropical-spiaggia-privata-banner-2.jpg) no-repeat 50% 50%  \/ cover;--_gs-bg-xp-desktop:0px;--_gs-zi-desktop:auto;--_gs-d-desktop:block;--_gs-mw-desktop:calc(100% - 0 - 0);--_gs-gap-tablet:0px 0px;--_gs-m-tablet:0 0 0 0;--_gs-p-tablet:0 0 0 0;--_gs-bg-tablet:transparent url(https:\/\/www.campingtropical.com\/wp-content\/uploads\/2023\/04\/camping-tropical-spiaggia-privata-banner-2.jpg) no-repeat 50% 50%  \/ cover;--_gs-bg-xp-tablet:0px;--_gs-zi-tablet:auto;--_gs-d-tablet:block;--_gs-mw-tablet:calc(100% - 0 - 0);--_gs-gap-mobile:0px 0px;--_gs-m-mobile:0 0 0 0;--_gs-p-mobile:0 0 0 0;--_gs-bg-mobile:transparent url(https:\/\/www.campingtropical.com\/wp-content\/uploads\/2023\/04\/camping-tropical-spiaggia-privata-banner-2.jpg) no-repeat 50% 50%  \/ cover;--_gs-bg-xp-mobile:0px;--_gs-zi-mobile:auto;--_gs-d-mobile:block;--_gs-mw-mobile:calc(100% - 0 - 0);--_gs-columns:12;--_gs-rows:6\"><div class=\"grids-s-w_i\">\n<div class=\"grids-area\" style=\"--_ga-column:1\/13;--_ga-row:1\/7;--_ga-m-desktop:0 0 0 0;--_ga-p-desktop:0 0 0 0;--_ga-bg-desktop:transparent none;--_ga-zi-desktop:auto;--_ga-d-desktop:flex;--_ga-mw-desktop:calc(100% - 0 - 0);--_ga-m-tablet:0 0 0 0;--_ga-p-tablet:0 0 0 0;--_ga-bg-tablet:transparent none;--_ga-zi-tablet:auto;--_ga-d-tablet:flex;--_ga-mw-tablet:calc(100% - 0 - 0);--_ga-m-mobile:0px 0 0 0;--_ga-p-mobile:0 0 0 0;--_ga-bg-mobile:transparent none;--_ga-zi-mobile:auto;--_ga-d-mobile:flex;--_ga-mw-mobile:calc(100% - 0 - 0)\">\n\n<h2 class=\"wp-block-heading has-text-align-center has-text-color\" style=\"color:#004f6c\">Avez-vous d\u00e9j\u00e0 r\u00e9serv\u00e9 votre place \u00e0 la plage&nbsp;? <\/h2>\n\n\n\n<h4 class=\"wp-block-heading has-text-align-center\">N&rsquo;oubliez pas de r\u00e9server des parasols et des chaises longues <\/h4>\n\n\n\n<p class=\"has-text-align-center\">Avant de vous rendre \u00e0 la mer, <strong>pensez \u00e0 r\u00e9server<\/strong> votre place \u00e0 la plage&nbsp;!  Camping Tropical dispose de <strong>plus de 300 parasols<\/strong>, 800 chaises longues et plusieurs cabanes sur sa propre plage priv\u00e9e d&rsquo;environ 500 m\u00e8tres sur le front de mer de Sottomarina. <\/p>\n\n\n\n<p class=\"has-text-align-center\">N&rsquo;h\u00e9sitez plus&nbsp;!   Vous pouvez r\u00e9server directement en ligne&nbsp;! <\/p>\n\n\n\n<div class=\"wp-block-buttons is-layout-flex wp-block-buttons-is-layout-flex\">\n<div class=\"wp-block-button aligncenter\"><a class=\"wp-block-button__link wp-element-button\" href=\"https:\/\/booking.campingtropical.com\/Default.aspx\" target=\"_blank\" rel=\"noreferrer noopener\">R\u00c9SERVEZ VOTRE PLACE \u00c0 LA PLAGE <\/a><\/div>\n<\/div>\n\n<\/div>\n<\/div><\/div>\n\n<div  class=\"grids-section image-wave-row grids-is-advanced alignfull\" style=\"--_gs-gap-desktop:0px 0px;--_gs-m-desktop:0 0 0 0;--_gs-p-desktop:0 0 0 0;--_gs-bg-desktop:transparent none;--_gs-bg-xp-desktop:0px;--_gs-zi-desktop:auto;--_gs-d-desktop:block;--_gs-mw-desktop:calc(100% - 0 - 0);--_gs-gap-tablet:0px 0px;--_gs-m-tablet:0 0 0 0;--_gs-p-tablet:0 0 0 0;--_gs-bg-tablet:transparent none;--_gs-bg-xp-tablet:0px;--_gs-zi-tablet:auto;--_gs-d-tablet:block;--_gs-mw-tablet:calc(100% - 0 - 0);--_gs-gap-mobile:0px 0px;--_gs-m-mobile:0 0 0 0;--_gs-p-mobile:0 0 0 0;--_gs-bg-mobile:transparent none;--_gs-bg-xp-mobile:0px;--_gs-zi-mobile:auto;--_gs-d-mobile:block;--_gs-mw-mobile:calc(100% - 0 - 0);--_gs-columns:12;--_gs-rows:6\"><div class=\"grids-s-w_i\">\n<div class=\"grids-area column-text\" style=\"--_ga-column:7\/13;--_ga-row:1\/7;--_ga-m-desktop:0 0 0 0;--_ga-p-desktop:0 0 0 0;--_ga-bg-desktop:transparent url(https:\/\/www.campingtropical.com\/wp-content\/uploads\/2023\/03\/onda-singola-azzurro.png) no-repeat 50% 100%  \/ contain;--_ga-zi-desktop:auto;--_ga-d-desktop:flex;--_ga-mw-desktop:calc(100% - 0 - 0);--_ga-m-tablet:0 0 0 0;--_ga-p-tablet:0 0 0 0;--_ga-bg-tablet:transparent url(https:\/\/www.campingtropical.com\/wp-content\/uploads\/2023\/03\/onda-singola-azzurro.png) no-repeat 50% 100%  \/ contain;--_ga-zi-tablet:auto;--_ga-d-tablet:flex;--_ga-mw-tablet:calc(100% - 0 - 0);--_ga-m-mobile:0 0 0 0;--_ga-p-mobile:0 0 0 0;--_ga-bg-mobile:transparent url(https:\/\/www.campingtropical.com\/wp-content\/uploads\/2023\/03\/onda-singola-azzurro.png) no-repeat 50% 100%  \/ contain;--_ga-zi-mobile:auto;--_ga-d-mobile:flex;--_ga-mw-mobile:calc(100% - 0 - 0)\">\n\n<h2 class=\"wp-block-heading palm-before has-text-color\" style=\"color:#004f6c\">Services <\/h2>\n\n\n\n<h4 class=\"wp-block-heading\">Une mer de services pour un maximum de confort <\/h4>\n\n\n\n<p>Notre objectif est que vous profitiez d&rsquo;<strong>une exp\u00e9rience unique et inoubliable&nbsp;<\/strong>! C&rsquo;est pourquoi, au sein du camping Tropical, vous trouverez d&rsquo;innombrables services pour des vacances sous le signe de la d\u00e9tente. <\/p>\n\n\n\n<div class=\"wp-block-buttons is-content-justification-center is-layout-flex wp-container-core-buttons-is-layout-16018d1d wp-block-buttons-is-layout-flex\">\n<div class=\"wp-block-button\"><a class=\"wp-block-button__link wp-element-button\" href=\"https:\/\/www.campingtropical.com\/fr\/services\/\">D\u00c9COUVREZ NOS SERVICES <\/a><\/div>\n<\/div>\n\n<\/div>\n\n<div class=\"grids-area column-image\" style=\"--_ga-column:1\/7;--_ga-row:1\/7;--_ga-va:center;--_ga-m-desktop:0 0 0 0;--_ga-p-desktop:0 0 0 0;--_ga-bg-desktop:transparent url(https:\/\/www.campingtropical.com\/wp-content\/uploads\/2023\/04\/camping-tropical-servizi.jpg) no-repeat 50% 50%  \/ cover;--_ga-zi-desktop:auto;--_ga-d-desktop:flex;--_ga-mw-desktop:calc(100% - 0 - 0);--_ga-m-tablet:0 0 0 0;--_ga-p-tablet:0 0 0 0;--_ga-bg-tablet:transparent url(https:\/\/www.campingtropical.com\/wp-content\/uploads\/2023\/04\/camping-tropical-servizi.jpg) no-repeat 50% 50%  \/ cover;--_ga-zi-tablet:auto;--_ga-d-tablet:flex;--_ga-mw-tablet:calc(100% - 0 - 0);--_ga-m-mobile:0 0 0 0;--_ga-p-mobile:0 0 0 0;--_ga-bg-mobile:transparent url(https:\/\/www.campingtropical.com\/wp-content\/uploads\/2023\/04\/camping-tropical-servizi.jpg) no-repeat 50% 50%  \/ cover;--_ga-zi-mobile:auto;--_ga-d-mobile:flex;--_ga-mw-mobile:calc(100% - 0 - 0)\"><\/div>\n<\/div><\/div>\n\n<div  class=\"grids-section welcome-row grids-is-advanced alignwide\" style=\"--_gs-gap-desktop:0px 0px;--_gs-m-desktop:0 0 0 0;--_gs-p-desktop:0 0 0 0;--_gs-bg-desktop:#004f6c none;--_gs-bg-xp-desktop:0px;--_gs-zi-desktop:auto;--_gs-d-desktop:block;--_gs-mw-desktop:calc(100% - 0 - 0);--_gs-gap-tablet:0px 0px;--_gs-m-tablet:0 0 0 0;--_gs-p-tablet:0 0 0 0;--_gs-bg-tablet:#004f6c none;--_gs-bg-xp-tablet:0px;--_gs-zi-tablet:auto;--_gs-d-tablet:block;--_gs-mw-tablet:calc(100% - 0 - 0);--_gs-gap-mobile:0px 0px;--_gs-m-mobile:0 0 0 0;--_gs-p-mobile:0 0 0 0;--_gs-bg-mobile:#004f6c none;--_gs-bg-xp-mobile:0px;--_gs-zi-mobile:auto;--_gs-d-mobile:block;--_gs-mw-mobile:calc(100% - 0 - 0);--_gs-columns:12;--_gs-rows:6\"><div class=\"grids-s-w_i\">\n<div class=\"grids-area\" style=\"--_ga-column:1\/7;--_ga-row:1\/7;--_ga-va:center;--_ga-m-desktop:0 0 0 0;--_ga-p-desktop:0 0 0 0;--_ga-bg-desktop:transparent none;--_ga-zi-desktop:auto;--_ga-d-desktop:flex;--_ga-mw-desktop:calc(100% - 0 - 0);--_ga-m-tablet:0 0 0 0;--_ga-p-tablet:0 0 0 0;--_ga-bg-tablet:transparent none;--_ga-zi-tablet:auto;--_ga-d-tablet:flex;--_ga-mw-tablet:calc(100% - 0 - 0);--_ga-m-mobile:0 0 0 0;--_ga-p-mobile:0 0 0 0;--_ga-bg-mobile:transparent none;--_ga-zi-mobile:auto;--_ga-d-mobile:flex;--_ga-mw-mobile:calc(100% - 0 - 0)\">\n<div class=\"wp-block-image full-width is-style-default\">\n<figure class=\"aligncenter size-full\"><img loading=\"lazy\" decoding=\"async\" width=\"480\" height=\"800\" src=\"https:\/\/www.campingtropical.com\/wp-content\/uploads\/2023\/05\/Martina.jpg\" alt=\"\" class=\"wp-image-2325\" srcset=\"https:\/\/www.campingtropical.com\/wp-content\/uploads\/2023\/05\/Martina.jpg 480w, https:\/\/www.campingtropical.com\/wp-content\/uploads\/2023\/05\/Martina-180x300.jpg 180w\" sizes=\"auto, (max-width: 480px) 100vw, 480px\" \/><\/figure>\n<\/div>\n<\/div>\n\n<div class=\"grids-area\" style=\"--_ga-column:8\/13;--_ga-row:1\/7;--_ga-va:center;--_ga-m-desktop:0 0 0 0;--_ga-p-desktop:0 0 0 0;--_ga-bg-desktop:transparent none;--_ga-zi-desktop:auto;--_ga-d-desktop:flex;--_ga-mw-desktop:calc(100% - 0 - 0);--_ga-m-tablet:0 0 0 0;--_ga-p-tablet:0 0 0 0;--_ga-bg-tablet:transparent none;--_ga-zi-tablet:auto;--_ga-d-tablet:flex;--_ga-mw-tablet:calc(100% - 0 - 0);--_ga-m-mobile:0 0 0 0;--_ga-p-mobile:0 0 0 0;--_ga-bg-mobile:transparent none;--_ga-zi-mobile:auto;--_ga-d-mobile:flex;--_ga-mw-mobile:calc(100% - 0 - 0)\">\n\n<h2 class=\"wp-block-heading\">Cher h\u00f4te, bienvenue&nbsp;! <\/h2>\n\n\n\n<p>Je m&rsquo;appelle Martina et je suis l\u00e0 pour rendre votre s\u00e9jour aussi confortable que possible. <\/p>\n\n\n\n<p><a href=\"https:\/\/www.campingtropical.com\/fr\/notre-histoire\/\">Lire l&rsquo;histoire du camping <\/a><\/p>\n\n<\/div>\n<\/div><\/div>","protected":false},"excerpt":{"rendered":"","protected":false},"author":6,"featured_media":1668,"parent":0,"menu_order":0,"comment_status":"closed","ping_status":"closed","template":"","meta":{"_acf_changed":false,"_seopress_robots_primary_cat":"","_seopress_titles_title":"Centre de vacances sur la mer Chioggia %%sep%% %%sitetitle%% ","_seopress_titles_desc":"Le camping Tropical surplombe la plage de Sottomarina.  Equip\u00e9e de tous les services, avec acc\u00e8s direct \u00e0 la mer et plage priv\u00e9e. ","_seopress_robots_index":"","advgb_blocks_editor_width":"","advgb_blocks_columns_visual_guide":"","footnotes":""},"class_list":["post-2560","page","type-page","status-publish","has-post-thumbnail","hentry","entry"],"acf":[],"coauthors":[],"author_meta":{"author_link":"https:\/\/www.campingtropical.com\/fr\/author\/federica-o8y61tra\/","display_name":"federica.o8y61tra"},"relative_dates":{"created":"Publi\u00e9 3 ans il y a","modified":"Mis \u00e0 jour 4 semaines il y a"},"absolute_dates":{"created":"Publi\u00e9 le mai 23, 2023","modified":"Mise \u00e0 jour le mars 18, 2026"},"absolute_dates_time":{"created":"Publi\u00e9 le mai 23, 2023 9:12 am","modified":"Mise \u00e0 jour le mars 18, 2026 10:00 am"},"featured_img_caption":"","featured_img":"https:\/\/www.campingtropical.com\/wp-content\/uploads\/2023\/04\/garden-villa-camping-tropical-sottomarina-banner-1568x784.jpg","series_order":"","_links":{"self":[{"href":"https:\/\/www.campingtropical.com\/fr\/wp-json\/wp\/v2\/pages\/2560","targetHints":{"allow":["GET"]}}],"collection":[{"href":"https:\/\/www.campingtropical.com\/fr\/wp-json\/wp\/v2\/pages"}],"about":[{"href":"https:\/\/www.campingtropical.com\/fr\/wp-json\/wp\/v2\/types\/page"}],"author":[{"embeddable":true,"href":"https:\/\/www.campingtropical.com\/fr\/wp-json\/wp\/v2\/users\/6"}],"replies":[{"embeddable":true,"href":"https:\/\/www.campingtropical.com\/fr\/wp-json\/wp\/v2\/comments?post=2560"}],"version-history":[{"count":8,"href":"https:\/\/www.campingtropical.com\/fr\/wp-json\/wp\/v2\/pages\/2560\/revisions"}],"predecessor-version":[{"id":4646,"href":"https:\/\/www.campingtropical.com\/fr\/wp-json\/wp\/v2\/pages\/2560\/revisions\/4646"}],"wp:featuredmedia":[{"embeddable":true,"href":"https:\/\/www.campingtropical.com\/fr\/wp-json\/wp\/v2\/media\/1668"}],"wp:attachment":[{"href":"https:\/\/www.campingtropical.com\/fr\/wp-json\/wp\/v2\/media?parent=2560"}],"curies":[{"name":"wp","href":"https:\/\/api.w.org\/{rel}","templated":true}]}}