{"id":2632,"date":"2023-05-23T09:12:23","date_gmt":"2023-05-23T07:12:23","guid":{"rendered":"https:\/\/www.campingtropical.com\/excursions\/"},"modified":"2023-05-23T09:12:23","modified_gmt":"2023-05-23T07:12:23","slug":"excursions","status":"publish","type":"page","link":"https:\/\/www.campingtropical.com\/fr\/excursions\/","title":{"rendered":"Excursions"},"content":{"rendered":"<div  class=\"grids-section four-servces-boxes grids-is-advanced alignwide\" style=\"--_gs-gap-desktop:0px 0px;--_gs-m-desktop:0 0 0 0;--_gs-p-desktop:0 0 0 0;--_gs-bg-desktop:transparent none;--_gs-bg-xp-desktop:0px;--_gs-zi-desktop:auto;--_gs-d-desktop:block;--_gs-mw-desktop:calc(100% - 0 - 0);--_gs-gap-tablet:0px 0px;--_gs-m-tablet:0 0 0 0;--_gs-p-tablet:0 0 0 0;--_gs-bg-tablet:transparent none;--_gs-bg-xp-tablet:0px;--_gs-zi-tablet:auto;--_gs-d-tablet:block;--_gs-mw-tablet:calc(100% - 0 - 0);--_gs-gap-mobile:0px 0px;--_gs-m-mobile:0 0 0 0;--_gs-p-mobile:0 0 0 0;--_gs-bg-mobile:transparent none;--_gs-bg-xp-mobile:0px;--_gs-zi-mobile:auto;--_gs-d-mobile:block;--_gs-mw-mobile:calc(100% - 0 - 0);--_gs-columns:12;--_gs-rows:6\"><div class=\"grids-s-w_i\">\n<div class=\"grids-area\" style=\"--_ga-column:1\/13;--_ga-row:1\/7;--_ga-m-desktop:0 0 0 0;--_ga-p-desktop:0 0 0 0;--_ga-bg-desktop:transparent none;--_ga-zi-desktop:auto;--_ga-d-desktop:flex;--_ga-mw-desktop:calc(100% - 0 - 0);--_ga-m-tablet:0 0 0 0;--_ga-p-tablet:0 0 0 0;--_ga-bg-tablet:transparent none;--_ga-zi-tablet:auto;--_ga-d-tablet:flex;--_ga-mw-tablet:calc(100% - 0 - 0);--_ga-m-mobile:0 0 0 0;--_ga-p-mobile:0 0 0 0;--_ga-bg-mobile:transparent none;--_ga-zi-mobile:auto;--_ga-d-mobile:flex;--_ga-mw-mobile:calc(100% - 0 - 0)\">\n\n<h1 class=\"wp-block-heading has-text-align-center advgb-dyn-7cba5bf7\">Excursions entre nature et culture <\/h1>\n\n\n\n<h2 class=\"wp-block-heading has-text-align-center advgb-dyn-8b11e59b\">D\u00e9couvrez les plus belles excursions <\/h2>\n\n\n\n<p class=\"has-text-align-center\">Les amoureux de la <strong>nature<\/strong> et des <strong>sports de plein air<\/strong> y trouveront des conseils utiles sur la <strong>randonn\u00e9e<\/strong>, le <strong>trekking<\/strong>, le <strong>cyclisme<\/strong> et d&rsquo;autres activit\u00e9s \u00e0 pratiquer dans la nature intacte qui entoure la ville. <\/p>\n\n\n\n<p class=\"has-text-align-center\"><strong>Padoue et Venise <\/strong>sont facilement accessibles, cette derni\u00e8re \u00e9galement en vaporetto. <\/p>\n\n<\/div>\n<\/div><\/div><div  class=\"grids-section grids-is-advanced alignwide\" style=\"--_gs-gap-desktop:0px 0px;--_gs-m-desktop:0 0 0 0;--_gs-p-desktop:0 0 0 0;--_gs-bg-desktop:transparent none;--_gs-bg-xp-desktop:0px;--_gs-zi-desktop:auto;--_gs-d-desktop:block;--_gs-mw-desktop:calc(100% - 0 - 0);--_gs-gap-tablet:0px 0px;--_gs-m-tablet:0 0 0 0;--_gs-p-tablet:0 0 0 0;--_gs-bg-tablet:transparent none;--_gs-bg-xp-tablet:0px;--_gs-zi-tablet:auto;--_gs-d-tablet:block;--_gs-mw-tablet:calc(100% - 0 - 0);--_gs-gap-mobile:0px 0px;--_gs-m-mobile:0 0 0 0;--_gs-p-mobile:0 0 0 0;--_gs-bg-mobile:transparent none;--_gs-bg-xp-mobile:0px;--_gs-zi-mobile:auto;--_gs-d-mobile:block;--_gs-mw-mobile:calc(100% - 0 - 0);--_gs-columns:12;--_gs-rows:6\"><div class=\"grids-s-w_i\">\n<div class=\"grids-area\" style=\"--_ga-column:1\/13;--_ga-row:1\/7;--_ga-m-desktop:0 0 0 0;--_ga-p-desktop:0 0 0 0;--_ga-bg-desktop:transparent none;--_ga-zi-desktop:auto;--_ga-d-desktop:flex;--_ga-mw-desktop:calc(100% - 0 - 0);--_ga-m-tablet:0 0 0 0;--_ga-p-tablet:0 0 0 0;--_ga-bg-tablet:transparent none;--_ga-zi-tablet:auto;--_ga-d-tablet:flex;--_ga-mw-tablet:calc(100% - 0 - 0);--_ga-m-mobile:0 0 0 0;--_ga-p-mobile:0 0 0 0;--_ga-bg-mobile:transparent none;--_ga-zi-mobile:auto;--_ga-d-mobile:flex;--_ga-mw-mobile:calc(100% - 0 - 0)\">\n\n<div class=\"excursions-list-container\" style=\"--excursions-list-container-columns: 3\">\n\t\t\t\t<div class=\"excursions-list-container-single \" onclick=\"location.href='https:\/\/www.campingtropical.com\/fr\/excursions\/excursion-a-venise\/'\">\n\t\t\t\t<a href=\"https:\/\/www.campingtropical.com\/fr\/excursions\/excursion-a-venise\/\" class=\"excursions-list-container-single-img\" title=\"Excursion \u00e0 Venise\">\n\t\t\t\t\t\t\t\t\t\t\t<figure class=\"full-width\">\n\t\t\t\t\t\t\t<img decoding=\"async\" src=\"https:\/\/www.campingtropical.com\/wp-content\/uploads\/2023\/04\/escursione-venezia-camping-tropical-sottomarina-banner.jpg\" \/>\n\t\t\t\t\t\t<\/figure>\n\t\t\t\t\t\n\t\t\t\t\t\t\t\t\t\t\t<span class=\"label\">\n\t\t\t\t\t\t\tNOS INCONTOURNABLES \t\t\t\t\t\t<\/span>\n\t\t\t\t\t\t\t\t\t<\/a>\n\t\t\t\t\n\t\t\t\t<h3>Excursion \u00e0 Venise<\/h3>\n\n\t\t\t\t<div class=\"excursions-list-container-single-short-description\">\n\t\t\t\t\t<p>Une destination incontournable <\/p>\n\t\t\t\t<\/div>\n\n\t\t\t\t<a href=\"https:\/\/www.campingtropical.com\/fr\/excursions\/excursion-a-venise\/\" title=\"Excursion \u00e0 Venise\" class=\"excursions-list-container-single-button\">\n\t\t\t\t\tD\u00e9couvrir\t\t\t\t<\/a>\n\t\t\t<\/div>\n\t\t\t\t\t\t<div class=\"excursions-list-container-single \" onclick=\"location.href='https:\/\/www.campingtropical.com\/fr\/excursions\/excursion-dans-le-delta-du-po\/'\">\n\t\t\t\t<a href=\"https:\/\/www.campingtropical.com\/fr\/excursions\/excursion-dans-le-delta-du-po\/\" class=\"excursions-list-container-single-img\" title=\"Excursion dans le delta du P\u00f4\">\n\t\t\t\t\t\t\t\t\t\t\t<figure class=\"full-width\">\n\t\t\t\t\t\t\t<img decoding=\"async\" src=\"https:\/\/www.campingtropical.com\/wp-content\/uploads\/2023\/04\/delta-del-po-camping-tropical-banner-1.jpg\" \/>\n\t\t\t\t\t\t<\/figure>\n\t\t\t\t\t\n\t\t\t\t\t\t\t\t\t<\/a>\n\t\t\t\t\n\t\t\t\t<h3>Excursion dans le delta du P\u00f4<\/h3>\n\n\t\t\t\t<div class=\"excursions-list-container-single-short-description\">\n\t\t\t\t\t<p>Adapt\u00e9 pour adultes et enfants <\/p>\n\t\t\t\t<\/div>\n\n\t\t\t\t<a href=\"https:\/\/www.campingtropical.com\/fr\/excursions\/excursion-dans-le-delta-du-po\/\" title=\"Excursion dans le delta du P\u00f4\" class=\"excursions-list-container-single-button\">\n\t\t\t\t\tD\u00e9couvrir\t\t\t\t<\/a>\n\t\t\t<\/div>\n\t\t\t\t\t\t<div class=\"excursions-list-container-single \" onclick=\"location.href='https:\/\/www.campingtropical.com\/fr\/excursions\/excursion-a-labbaye-de-pomposa\/'\">\n\t\t\t\t<a href=\"https:\/\/www.campingtropical.com\/fr\/excursions\/excursion-a-labbaye-de-pomposa\/\" class=\"excursions-list-container-single-img\" title=\"Excursion \u00e0 l&rsquo;abbaye de Pomposa\">\n\t\t\t\t\t\t\t\t\t\t\t<figure class=\"full-width\">\n\t\t\t\t\t\t\t<img decoding=\"async\" src=\"https:\/\/www.campingtropical.com\/wp-content\/uploads\/2023\/04\/abbazia-di-pomposa-camping-tropical-sottomarina-banner.jpg\" \/>\n\t\t\t\t\t\t<\/figure>\n\t\t\t\t\t\n\t\t\t\t\t\t\t\t\t<\/a>\n\t\t\t\t\n\t\t\t\t<h3>Excursion \u00e0 l&rsquo;abbaye de Pomposa<\/h3>\n\n\t\t\t\t<div class=\"excursions-list-container-single-short-description\">\n\t\t\t\t\t<p>Un voyage dans le temps <\/p>\n\t\t\t\t<\/div>\n\n\t\t\t\t<a href=\"https:\/\/www.campingtropical.com\/fr\/excursions\/excursion-a-labbaye-de-pomposa\/\" title=\"Excursion \u00e0 l&rsquo;abbaye de Pomposa\" class=\"excursions-list-container-single-button\">\n\t\t\t\t\tD\u00e9couvrir\t\t\t\t<\/a>\n\t\t\t<\/div>\n\t\t\t\t\t\t<div class=\"excursions-list-container-single \" onclick=\"location.href='https:\/\/www.campingtropical.com\/fr\/excursions\/excursion-a-padoue\/'\">\n\t\t\t\t<a href=\"https:\/\/www.campingtropical.com\/fr\/excursions\/excursion-a-padoue\/\" class=\"excursions-list-container-single-img\" title=\"Excursion \u00e0 Padoue\">\n\t\t\t\t\t\t\t\t\t\t\t<figure class=\"full-width\">\n\t\t\t\t\t\t\t<img decoding=\"async\" src=\"https:\/\/www.campingtropical.com\/wp-content\/uploads\/2023\/04\/padova-camping-tropical-sottomarina-banner-1.jpg\" \/>\n\t\t\t\t\t\t<\/figure>\n\t\t\t\t\t\n\t\t\t\t\t\t\t\t\t<\/a>\n\t\t\t\t\n\t\t\t\t<h3>Excursion \u00e0 Padoue<\/h3>\n\n\t\t\t\t<div class=\"excursions-list-container-single-short-description\">\n\t\t\t\t\t<p>La ville de Saint-Antoine <\/p>\n\t\t\t\t<\/div>\n\n\t\t\t\t<a href=\"https:\/\/www.campingtropical.com\/fr\/excursions\/excursion-a-padoue\/\" title=\"Excursion \u00e0 Padoue\" class=\"excursions-list-container-single-button\">\n\t\t\t\t\tD\u00e9couvrir\t\t\t\t<\/a>\n\t\t\t<\/div>\n\t\t\t\t\t\t<div class=\"excursions-list-container-single \" onclick=\"location.href='https:\/\/www.campingtropical.com\/fr\/excursions\/les-iles-murano-burano-et-torcello\/'\">\n\t\t\t\t<a href=\"https:\/\/www.campingtropical.com\/fr\/excursions\/les-iles-murano-burano-et-torcello\/\" class=\"excursions-list-container-single-img\" title=\"Les \u00eeles Murano, Burano et Torcello\">\n\t\t\t\t\t\t\t\t\t\t\t<figure class=\"full-width\">\n\t\t\t\t\t\t\t<img decoding=\"async\" src=\"https:\/\/www.campingtropical.com\/wp-content\/uploads\/2023\/04\/murano-camping-tropical-sottomarina-banner.jpg\" \/>\n\t\t\t\t\t\t<\/figure>\n\t\t\t\t\t\n\t\t\t\t\t\t\t\t\t<\/a>\n\t\t\t\t\n\t\t\t\t<h3>Les \u00eeles Murano, Burano et Torcello<\/h3>\n\n\t\t\t\t<div class=\"excursions-list-container-single-short-description\">\n\t\t\t\t\t<p>Les trois joyaux de la R\u00e9publique de Venise <\/p>\n\t\t\t\t<\/div>\n\n\t\t\t\t<a href=\"https:\/\/www.campingtropical.com\/fr\/excursions\/les-iles-murano-burano-et-torcello\/\" title=\"Les \u00eeles Murano, Burano et Torcello\" class=\"excursions-list-container-single-button\">\n\t\t\t\t\tD\u00e9couvrir\t\t\t\t<\/a>\n\t\t\t<\/div>\n\t\t\t\t\t\t<div class=\"excursions-list-container-single \" onclick=\"location.href='https:\/\/www.campingtropical.com\/fr\/excursions\/excursion-a-verone\/'\">\n\t\t\t\t<a href=\"https:\/\/www.campingtropical.com\/fr\/excursions\/excursion-a-verone\/\" class=\"excursions-list-container-single-img\" title=\"Excursion \u00e0 V\u00e9rone\">\n\t\t\t\t\t\t\t\t\t\t\t<figure class=\"full-width\">\n\t\t\t\t\t\t\t<img decoding=\"async\" src=\"https:\/\/www.campingtropical.com\/wp-content\/uploads\/2023\/04\/escursione-verona-camping-tropical-sottomarina-banner.jpg\" \/>\n\t\t\t\t\t\t<\/figure>\n\t\t\t\t\t\n\t\t\t\t\t\t\t\t\t<\/a>\n\t\t\t\t\n\t\t\t\t<h3>Excursion \u00e0 V\u00e9rone<\/h3>\n\n\t\t\t\t<div class=\"excursions-list-container-single-short-description\">\n\t\t\t\t\t<p>La ville de l&rsquo;amour <\/p>\n\t\t\t\t<\/div>\n\n\t\t\t\t<a href=\"https:\/\/www.campingtropical.com\/fr\/excursions\/excursion-a-verone\/\" title=\"Excursion \u00e0 V\u00e9rone\" class=\"excursions-list-container-single-button\">\n\t\t\t\t\tD\u00e9couvrir\t\t\t\t<\/a>\n\t\t\t<\/div>\n\t\t\t\t\t\t<div class=\"excursions-list-container-single \" onclick=\"location.href='https:\/\/www.campingtropical.com\/fr\/excursions\/excursion-a-trevise\/'\">\n\t\t\t\t<a href=\"https:\/\/www.campingtropical.com\/fr\/excursions\/excursion-a-trevise\/\" class=\"excursions-list-container-single-img\" title=\"Excursion \u00e0 Tr\u00e9vise\">\n\t\t\t\t\t\t\t\t\t\t\t<figure class=\"full-width\">\n\t\t\t\t\t\t\t<img decoding=\"async\" src=\"https:\/\/www.campingtropical.com\/wp-content\/uploads\/2023\/04\/treviso-camping-tropical-banner-1.jpg\" \/>\n\t\t\t\t\t\t<\/figure>\n\t\t\t\t\t\n\t\t\t\t\t\t\t\t\t<\/a>\n\t\t\t\t\n\t\t\t\t<h3>Excursion \u00e0 Tr\u00e9vise<\/h3>\n\n\t\t\t\t<div class=\"excursions-list-container-single-short-description\">\n\t\t\t\t\t<p>L&rsquo;ancienne cit\u00e9 fortifi\u00e9e <\/p>\n\t\t\t\t<\/div>\n\n\t\t\t\t<a href=\"https:\/\/www.campingtropical.com\/fr\/excursions\/excursion-a-trevise\/\" title=\"Excursion \u00e0 Tr\u00e9vise\" class=\"excursions-list-container-single-button\">\n\t\t\t\t\tD\u00e9couvrir\t\t\t\t<\/a>\n\t\t\t<\/div>\n\t\t\t\t\t\t<div class=\"excursions-list-container-single \" onclick=\"location.href='https:\/\/www.campingtropical.com\/fr\/excursions\/excursion-a-lile-de-pellestrina\/'\">\n\t\t\t\t<a href=\"https:\/\/www.campingtropical.com\/fr\/excursions\/excursion-a-lile-de-pellestrina\/\" class=\"excursions-list-container-single-img\" title=\"Excursion \u00e0 l&rsquo;\u00eele de Pellestrina\">\n\t\t\t\t\t\t\t\t\t\t\t<figure class=\"full-width\">\n\t\t\t\t\t\t\t<img decoding=\"async\" src=\"https:\/\/www.campingtropical.com\/wp-content\/uploads\/2023\/04\/escursione-a-pellestrina-camping-tropical-sottomarina-banner.jpg\" \/>\n\t\t\t\t\t\t<\/figure>\n\t\t\t\t\t\n\t\t\t\t\t\t\t\t\t<\/a>\n\t\t\t\t\n\t\t\t\t<h3>Excursion \u00e0 l&rsquo;\u00eele de Pellestrina<\/h3>\n\n\t\t\t\t<div class=\"excursions-list-container-single-short-description\">\n\t\t\t\t\t<p>Faisable \u00e9galement \u00e0 v\u00e9lo <\/p>\n\t\t\t\t<\/div>\n\n\t\t\t\t<a href=\"https:\/\/www.campingtropical.com\/fr\/excursions\/excursion-a-lile-de-pellestrina\/\" title=\"Excursion \u00e0 l&rsquo;\u00eele de Pellestrina\" class=\"excursions-list-container-single-button\">\n\t\t\t\t\tD\u00e9couvrir\t\t\t\t<\/a>\n\t\t\t<\/div>\n\t\t\t\t\t\t<div class=\"excursions-list-container-single \" onclick=\"location.href='https:\/\/www.campingtropical.com\/fr\/excursions\/excursion-et-dejeuner-en-pleine-lagune\/'\">\n\t\t\t\t<a href=\"https:\/\/www.campingtropical.com\/fr\/excursions\/excursion-et-dejeuner-en-pleine-lagune\/\" class=\"excursions-list-container-single-img\" title=\"Excursion et d\u00e9jeuner en pleine lagune\">\n\t\t\t\t\t\t\t\t\t\t\t<figure class=\"full-width\">\n\t\t\t\t\t\t\t<img decoding=\"async\" src=\"https:\/\/www.campingtropical.com\/wp-content\/uploads\/2023\/04\/ristorante-ai-casoni-chioggia-camping-tropical-banner.jpg\" \/>\n\t\t\t\t\t\t<\/figure>\n\t\t\t\t\t\n\t\t\t\t\t\t\t\t\t<\/a>\n\t\t\t\t\n\t\t\t\t<h3>Excursion et d\u00e9jeuner en pleine lagune<\/h3>\n\n\t\t\t\t<div class=\"excursions-list-container-single-short-description\">\n\t\t\t\t\t<p>Une terrasse pittoresque du restaurant <\/p>\n\t\t\t\t<\/div>\n\n\t\t\t\t<a href=\"https:\/\/www.campingtropical.com\/fr\/excursions\/excursion-et-dejeuner-en-pleine-lagune\/\" title=\"Excursion et d\u00e9jeuner en pleine lagune\" class=\"excursions-list-container-single-button\">\n\t\t\t\t\tD\u00e9couvrir\t\t\t\t<\/a>\n\t\t\t<\/div>\n\t\t\t\t\t\t<div class=\"excursions-list-container-single \" onclick=\"location.href='https:\/\/www.campingtropical.com\/fr\/excursions\/le-centre-historique-de-chioggia\/'\">\n\t\t\t\t<a href=\"https:\/\/www.campingtropical.com\/fr\/excursions\/le-centre-historique-de-chioggia\/\" class=\"excursions-list-container-single-img\" title=\"Le centre historique de Chioggia\">\n\t\t\t\t\t\t\t\t\t\t\t<figure class=\"full-width\">\n\t\t\t\t\t\t\t<img decoding=\"async\" src=\"https:\/\/www.campingtropical.com\/wp-content\/uploads\/2023\/04\/escursione-a-chioggia-camping-tropical-sottomarina-banner.jpg\" \/>\n\t\t\t\t\t\t<\/figure>\n\t\t\t\t\t\n\t\t\t\t\t\t\t\t\t\t\t<span class=\"label\">\n\t\t\t\t\t\t\tPR\u00c8S DU CAMPING TROPICAL \t\t\t\t\t\t<\/span>\n\t\t\t\t\t\t\t\t\t<\/a>\n\t\t\t\t\n\t\t\t\t<h3>Le centre historique de Chioggia<\/h3>\n\n\t\t\t\t<div class=\"excursions-list-container-single-short-description\">\n\t\t\t\t\t<p>La petite Venise <\/p>\n\t\t\t\t<\/div>\n\n\t\t\t\t<a href=\"https:\/\/www.campingtropical.com\/fr\/excursions\/le-centre-historique-de-chioggia\/\" title=\"Le centre historique de Chioggia\" class=\"excursions-list-container-single-button\">\n\t\t\t\t\tD\u00e9couvrir\t\t\t\t<\/a>\n\t\t\t<\/div>\n\t\t\t\t\t\t<div class=\"excursions-list-container-single \" onclick=\"location.href='https:\/\/www.campingtropical.com\/fr\/excursions\/excursions-dans-les-villas-venitiennes\/'\">\n\t\t\t\t<a href=\"https:\/\/www.campingtropical.com\/fr\/excursions\/excursions-dans-les-villas-venitiennes\/\" class=\"excursions-list-container-single-img\" title=\"Excursions dans les Villas V\u00e9nitiennes\">\n\t\t\t\t\t\t\t\t\t\t\t<figure class=\"full-width\">\n\t\t\t\t\t\t\t<img decoding=\"async\" src=\"https:\/\/www.campingtropical.com\/wp-content\/uploads\/2023\/04\/escursione-nelle-ville-venete-camping-tropical-sottomarina-banner.jpg\" \/>\n\t\t\t\t\t\t<\/figure>\n\t\t\t\t\t\n\t\t\t\t\t\t\t\t\t<\/a>\n\t\t\t\t\n\t\t\t\t<h3>Excursions dans les Villas V\u00e9nitiennes<\/h3>\n\n\t\t\t\t<div class=\"excursions-list-container-single-short-description\">\n\t\t\t\t\t<p>Un voyage \u00e0 la d\u00e9couverte des splendeurs de la S\u00e9r\u00e9nissime <\/p>\n\t\t\t\t<\/div>\n\n\t\t\t\t<a href=\"https:\/\/www.campingtropical.com\/fr\/excursions\/excursions-dans-les-villas-venitiennes\/\" title=\"Excursions dans les Villas V\u00e9nitiennes\" class=\"excursions-list-container-single-button\">\n\t\t\t\t\tD\u00e9couvrir\t\t\t\t<\/a>\n\t\t\t<\/div>\n\t\t\t\n\t<\/div>\n\n\n\n<\/div>\n<\/div><\/div>","protected":false},"excerpt":{"rendered":"","protected":false},"author":6,"featured_media":2115,"parent":0,"menu_order":0,"comment_status":"closed","ping_status":"closed","template":"","meta":{"_acf_changed":false,"_seopress_robots_primary_cat":"","_seopress_titles_title":"%%post_title%% %%sep%% %%sitetitle%% ","_seopress_titles_desc":"Un large \u00e9ventail de logements pour les couples, les familles et les groupes qui souhaitent passer des vacances au Camping Tropical sans renoncer au confort et aux services de la maison. ","_seopress_robots_index":"","advgb_blocks_editor_width":"","advgb_blocks_columns_visual_guide":"","footnotes":""},"class_list":["post-2632","page","type-page","status-publish","has-post-thumbnail","hentry","entry"],"acf":[],"coauthors":[],"author_meta":{"author_link":"https:\/\/www.campingtropical.com\/fr\/author\/federica-o8y61tra\/","display_name":"federica.o8y61tra"},"relative_dates":{"created":"Publi\u00e9 3 ans il y a","modified":"Mis \u00e0 jour 3 ans il y a"},"absolute_dates":{"created":"Publi\u00e9 le mai 23, 2023","modified":"Mise \u00e0 jour le mai 23, 2023"},"absolute_dates_time":{"created":"Publi\u00e9 le mai 23, 2023 9:12 am","modified":"Mise \u00e0 jour le mai 23, 2023 9:12 am"},"featured_img_caption":"","featured_img":"https:\/\/www.campingtropical.com\/wp-content\/uploads\/2023\/04\/camping-tropical-sottomarina-escursioni-banner-1568x784.jpg","series_order":"","_links":{"self":[{"href":"https:\/\/www.campingtropical.com\/fr\/wp-json\/wp\/v2\/pages\/2632","targetHints":{"allow":["GET"]}}],"collection":[{"href":"https:\/\/www.campingtropical.com\/fr\/wp-json\/wp\/v2\/pages"}],"about":[{"href":"https:\/\/www.campingtropical.com\/fr\/wp-json\/wp\/v2\/types\/page"}],"author":[{"embeddable":true,"href":"https:\/\/www.campingtropical.com\/fr\/wp-json\/wp\/v2\/users\/6"}],"replies":[{"embeddable":true,"href":"https:\/\/www.campingtropical.com\/fr\/wp-json\/wp\/v2\/comments?post=2632"}],"version-history":[{"count":1,"href":"https:\/\/www.campingtropical.com\/fr\/wp-json\/wp\/v2\/pages\/2632\/revisions"}],"predecessor-version":[{"id":2634,"href":"https:\/\/www.campingtropical.com\/fr\/wp-json\/wp\/v2\/pages\/2632\/revisions\/2634"}],"wp:featuredmedia":[{"embeddable":true,"href":"https:\/\/www.campingtropical.com\/fr\/wp-json\/wp\/v2\/media\/2115"}],"wp:attachment":[{"href":"https:\/\/www.campingtropical.com\/fr\/wp-json\/wp\/v2\/media?parent=2632"}],"curies":[{"name":"wp","href":"https:\/\/api.w.org\/{rel}","templated":true}]}}