{"id":2710,"date":"2023-05-23T09:12:34","date_gmt":"2023-05-23T07:12:34","guid":{"rendered":"https:\/\/www.campingtropical.com\/reglement\/"},"modified":"2024-12-03T08:38:06","modified_gmt":"2024-12-03T07:38:06","slug":"reglement","status":"publish","type":"page","link":"https:\/\/www.campingtropical.com\/fr\/reglement\/","title":{"rendered":"R\u00e8glement"},"content":{"rendered":"<div  class=\"grids-section four-servces-boxes grids-is-advanced alignwide\" style=\"--_gs-gap-desktop:0px 0px;--_gs-m-desktop:0 0 0 0;--_gs-p-desktop:0 0 0 0;--_gs-bg-desktop:transparent none;--_gs-bg-xp-desktop:0px;--_gs-zi-desktop:auto;--_gs-d-desktop:block;--_gs-mw-desktop:calc(100% - 0 - 0);--_gs-gap-tablet:0px 0px;--_gs-m-tablet:0 0 0 0;--_gs-p-tablet:0 0 0 0;--_gs-bg-tablet:transparent none;--_gs-bg-xp-tablet:0px;--_gs-zi-tablet:auto;--_gs-d-tablet:block;--_gs-mw-tablet:calc(100% - 0 - 0);--_gs-gap-mobile:0px 0px;--_gs-m-mobile:0 0 0 0;--_gs-p-mobile:0 0 0 0;--_gs-bg-mobile:transparent none;--_gs-bg-xp-mobile:0px;--_gs-zi-mobile:auto;--_gs-d-mobile:block;--_gs-mw-mobile:calc(100% - 0 - 0);--_gs-columns:12;--_gs-rows:6\"><div class=\"grids-s-w_i\">\n<div class=\"grids-area\" style=\"--_ga-column:1\/13;--_ga-row:1\/4;--_ga-m-desktop:0 0 0 0;--_ga-p-desktop:0 0 0 0;--_ga-bg-desktop:transparent none;--_ga-zi-desktop:auto;--_ga-d-desktop:flex;--_ga-mw-desktop:calc(100% - 0 - 0);--_ga-m-tablet:0 0 0 0;--_ga-p-tablet:0 0 0 0;--_ga-bg-tablet:transparent none;--_ga-zi-tablet:auto;--_ga-d-tablet:flex;--_ga-mw-tablet:calc(100% - 0 - 0);--_ga-m-mobile:0 0 0 0;--_ga-p-mobile:0 0 0 0;--_ga-bg-mobile:transparent none;--_ga-zi-mobile:auto;--_ga-d-mobile:flex;--_ga-mw-mobile:calc(100% - 0 - 0)\">\n\n<h1 class=\"wp-block-heading has-text-align-center has-text-color\" style=\"color:#06485b\">R\u00e8glement du Camping Tropical <\/h1>\n\n\n\n<h2 class=\"wp-block-heading has-text-align-center\">Pour un s\u00e9jour s\u00fbr et paisible <\/h2>\n\n\n\n<p class=\"has-text-align-center\">La direction, en vous souhaitant la bienvenue, vous invite \u00e0 respecter strictement ce qui suit afin d&rsquo;assurer un s\u00e9jour paisible pour tous. <\/p>\n\n\n\n<p class=\"has-text-align-center\">Ce r\u00e8glement est distribu\u00e9 \u00e0 l&rsquo;arriv\u00e9e et affich\u00e9 \u00e0 l&rsquo;entr\u00e9e et \u00e0 l&rsquo;int\u00e9rieur du complexe de logement.  Il s&rsquo;agit donc d&rsquo;une acceptation sans r\u00e9serve \u00e0 l&rsquo;entr\u00e9e. <\/p>\n\n\n\n<ul class=\"wp-block-list\">\n<li><a href=\"#informazioni\">Informations g\u00e9n\u00e9rales <\/a><\/li>\n\n\n\n<li><a href=\"#accesso\">Acc\u00e8s et visites journali\u00e8res <\/a><\/li>\n\n\n\n<li><a href=\"#soggiorno\">Lors de votre s\u00e9jour <\/a><\/li>\n\n\n\n<li><a href=\"#camping\">Camping <\/a><\/li>\n\n\n\n<li><a href=\"#alloggi\">Logements <\/a><\/li>\n\n\n\n<li><a href=\"#check-in\">Check-in et check-out <\/a><\/li>\n<\/ul>\n\n<\/div>\n<\/div><\/div>\n\n<div  id=\"informazioni\" class=\"grids-section grids-is-advanced alignwide\" style=\"--_gs-gap-desktop:0px 0px;--_gs-m-desktop:0 0 0 0;--_gs-p-desktop:0 0 0 0;--_gs-bg-desktop:transparent none;--_gs-bg-xp-desktop:0px;--_gs-zi-desktop:auto;--_gs-d-desktop:block;--_gs-mw-desktop:calc(100% - 0 - 0);--_gs-gap-tablet:0px 0px;--_gs-m-tablet:0 0 0 0;--_gs-p-tablet:0 0 0 0;--_gs-bg-tablet:transparent none;--_gs-bg-xp-tablet:0px;--_gs-zi-tablet:auto;--_gs-d-tablet:block;--_gs-mw-tablet:calc(100% - 0 - 0);--_gs-gap-mobile:0px 0px;--_gs-m-mobile:20px 0 0 0;--_gs-p-mobile:0 0 0 0;--_gs-bg-mobile:transparent none;--_gs-bg-xp-mobile:0px;--_gs-zi-mobile:auto;--_gs-d-mobile:block;--_gs-mw-mobile:calc(100% - 0 - 0);--_gs-columns:12;--_gs-rows:6\"><div class=\"grids-s-w_i\">\n<div class=\"grids-area\" style=\"--_ga-column:1\/13;--_ga-row:1\/7;--_ga-m-desktop:0 0 0 0;--_ga-p-desktop:0 0 0 0;--_ga-bg-desktop:transparent none;--_ga-zi-desktop:auto;--_ga-d-desktop:flex;--_ga-mw-desktop:calc(100% - 0 - 0);--_ga-m-tablet:0 0 0 0;--_ga-p-tablet:0 0 0 0;--_ga-bg-tablet:transparent none;--_ga-zi-tablet:auto;--_ga-d-tablet:flex;--_ga-mw-tablet:calc(100% - 0 - 0);--_ga-m-mobile:0 0 0 0;--_ga-p-mobile:0 0 0 0;--_ga-bg-mobile:transparent none;--_ga-zi-mobile:auto;--_ga-d-mobile:flex;--_ga-mw-mobile:calc(100% - 0 - 0)\">\n\n<h2 class=\"wp-block-heading has-text-align-center palm-before palm-after has-text-color\" style=\"color:#004f6c\">Informations g\u00e9n\u00e9rales <\/h2>\n\n\n\n<h3 class=\"wp-block-heading has-text-align-left\">Dispositions g\u00e9n\u00e9rales <\/h3>\n\n\n\n<p>Il est strictement interdit de creuser des foss\u00e9s dans le sol, d&rsquo;endommager les plantes, d&rsquo;allumer des feux autres que ceux d&rsquo;un barbecue, de jouer avec des ballons ou des jeux d\u00e9rangeants&nbsp;; d&rsquo;installer des toiles d&rsquo;ombrage, de tirer des cordes \u00e0 hauteur des yeux, d&rsquo;installer des structures qui, de l&rsquo;avis de la direction, sont consid\u00e9r\u00e9es comme dangereuses ou inconvenantes ; d&rsquo;endommager ou d&rsquo;alt\u00e9rer les installations ou les \u00e9quipements. <\/p>\n\n\n\n<p>Les <strong>animaux<\/strong> ne sont admis <strong>que dans les emplacements avec une capacit\u00e9 maximale<\/strong>. <\/p>\n\n\n\n<h3 class=\"wp-block-heading\">Conditions de r\u00e9servation <\/h3>\n\n\n\n<p><strong>La r\u00e9servation est confirm\u00e9e par l&rsquo;envoi d&rsquo;un acompte de 200,00&nbsp;\u20ac par semaine par virement bancaire<\/strong>.  La r\u00e9servation n&rsquo;est consid\u00e9r\u00e9e comme d\u00e9finitive que lorsque la direction envoie la CONFIRMATION DE R\u00c9SERVATION. <\/p>\n\n\n\n<h3 class=\"wp-block-heading\">Paiement \u00e0 l&rsquo;arriv\u00e9e <\/h3>\n\n\n\n<p>Uniquement <\/p>\n\n\n\n<ul class=\"wp-block-list\">\n<li>esp\u00e8ces <\/li>\n\n\n\n<li>carte bleue <\/li>\n\n\n\n<li>distributeur. <\/li>\n\n\n\n<li>transfert effectu\u00e9 au moins 3 jours avant l&rsquo;enregistrement.<\/li>\n<\/ul>\n\n\n\n<p><strong>Les ch\u00e8ques ne sont pas accept\u00e9s. <\/strong><\/p>\n\n\n\n<p><strong>Horaires caisses<\/strong>&nbsp;: 8&nbsp;h&nbsp;00 \u00e0 12&nbsp;h&nbsp;30 et 13&nbsp;h&nbsp;30 \u00e0 20&nbsp;h&nbsp;00 <\/p>\n\n\n\n<h3 class=\"wp-block-heading\">Dommages <\/h3>\n\n\n\n<p>La direction n&rsquo;est pas responsable des dommages caus\u00e9s par d&rsquo;autres clients, des cas de force majeure, des catastrophes naturelles ou d&rsquo;autres causes qui ne sont pas dues \u00e0 une n\u00e9gligence directe de la part du personnel du camping.  <br>La direction a le droit d&rsquo;expulser les personnes qui ne respectent pas les dispositions du pr\u00e9sent r\u00e8glement. <\/p>\n\n\n\n<h3 class=\"wp-block-heading\">R\u00e9siliations <\/h3>\n\n\n\n<ul class=\"wp-block-list\">\n<li>Dans les 30 jours suivant le d\u00e9but du s\u00e9jour, 50\u00a0% de l&rsquo;acompte sera restitu\u00e9, moins les frais de commission (15,00\u00a0\u20ac).<\/li>\n\n\n\n<li>Au-del\u00e0 de ce d\u00e9lai, aucun remboursement ne sera effectu\u00e9. <\/li>\n<\/ul>\n\n<\/div>\n<\/div><\/div>\n\n<div  id=\"accesso\" class=\"grids-section grids-is-advanced alignwide\" style=\"--_gs-gap-desktop:0px 0px;--_gs-m-desktop:0 0 0 0;--_gs-p-desktop:0 0 0 0;--_gs-bg-desktop:transparent none;--_gs-bg-xp-desktop:0px;--_gs-zi-desktop:auto;--_gs-d-desktop:block;--_gs-mw-desktop:calc(100% - 0 - 0);--_gs-gap-tablet:0px 0px;--_gs-m-tablet:0 0 0 0;--_gs-p-tablet:0 0 0 0;--_gs-bg-tablet:transparent none;--_gs-bg-xp-tablet:0px;--_gs-zi-tablet:auto;--_gs-d-tablet:block;--_gs-mw-tablet:calc(100% - 0 - 0);--_gs-gap-mobile:0px 0px;--_gs-m-mobile:0 0 0 0;--_gs-p-mobile:0 0 0 0;--_gs-bg-mobile:transparent none;--_gs-bg-xp-mobile:0px;--_gs-zi-mobile:auto;--_gs-d-mobile:block;--_gs-mw-mobile:calc(100% - 0 - 0);--_gs-columns:12;--_gs-rows:6\"><div class=\"grids-s-w_i\">\n<div class=\"grids-area\" style=\"--_ga-column:1\/13;--_ga-row:1\/7;--_ga-m-desktop:0 0 0 0;--_ga-p-desktop:0 0 0 0;--_ga-bg-desktop:transparent none;--_ga-zi-desktop:auto;--_ga-d-desktop:flex;--_ga-mw-desktop:calc(100% - 0 - 0);--_ga-m-tablet:0 0 0 0;--_ga-p-tablet:0 0 0 0;--_ga-bg-tablet:transparent none;--_ga-zi-tablet:auto;--_ga-d-tablet:flex;--_ga-mw-tablet:calc(100% - 0 - 0);--_ga-m-mobile:0 0 0 0;--_ga-p-mobile:0 0 0 0;--_ga-bg-mobile:transparent none;--_ga-zi-mobile:auto;--_ga-d-mobile:flex;--_ga-mw-mobile:calc(100% - 0 - 0)\">\n\n<div style=\"height:30px\" aria-hidden=\"true\" class=\"wp-block-spacer\"><\/div>\n\n\n\n<h2 class=\"wp-block-heading has-text-align-center palm-before palm-after has-text-color\" style=\"color:#004f6c\">Acc\u00e8s et visites <\/h2>\n\n\n\n<h3 class=\"wp-block-heading has-text-align-left\">Acc\u00e8s <\/h3>\n\n\n\n<p>Toute personne devant acc\u00e9der au camping pour quelque raison que ce soit doit obtenir l&rsquo;<strong>autorisation de la direction<\/strong>.  \u00c0 cette fin, le document d&rsquo;identit\u00e9 de chaque personne doit \u00eatre remis \u00e0 la direction pour l&rsquo;enregistrement l\u00e9gal et doit signaler tout changement de pr\u00e9sence. <\/p>\n\n\n\n<h3 class=\"wp-block-heading\">Visites <\/h3>\n\n\n\n<p>Les visiteurs ne peuvent acc\u00e9der au camping qu&rsquo;avec <strong>l&rsquo;autorisation de la direction<\/strong>.  Si votre visite dure <strong>plus de 30 minutes<\/strong>, vous devrez payer le <strong>tarif visiteur en tant que visiteur de jour<\/strong>. <\/p>\n\n\n\n<p><strong>Heures de visite<\/strong>&nbsp;: 8&nbsp;h&nbsp;00 \u00e0 12&nbsp;h&nbsp;30 et 13&nbsp;h&nbsp;30 \u00e0 20&nbsp;h&nbsp;00 <\/p>\n\n\n\n<h3 class=\"wp-block-heading\">Visiteurs quotidiens<\/h3>\n\n\n\n<ul class=\"wp-block-list\">\n<li>Les h\u00f4tes temporaires (personnes h\u00e9berg\u00e9es pour une ou plusieurs nuits par les propri\u00e9taires des unit\u00e9s d&rsquo;h\u00e9bergement ou des emplacements) sont autoris\u00e9s \u00e0 condition que le nombre total d&rsquo;h\u00f4tes ne d\u00e9passe pas le nombre maximal de personnes autoris\u00e9 par type d&rsquo;unit\u00e9 d&rsquo;h\u00e9bergement\/d&#8217;emplacement.<\/li>\n\n\n\n<li>L&rsquo;arriv\u00e9e et le d\u00e9part de ces h\u00f4tes doivent \u00eatre signal\u00e9s en temps r\u00e9el au bureau d&rsquo;accueil, qui les enregistrera et les fera contresigner par l&rsquo;h\u00f4te.<\/li>\n\n\n\n<li>L&rsquo;entr\u00e9e des invit\u00e9s ne sera possible que pendant les heures d&rsquo;ouverture de la caisse.<\/li>\n<\/ul>\n\n\n\n<h3 class=\"wp-block-heading\">Visiteurs quotidiens<\/h3>\n\n\n\n<ul class=\"wp-block-list\">\n<li>Les visiteurs de jour sont admis, sous r\u00e9serve de l&rsquo;autorisation de la direction, de 08h00 \u00e0 20h00. En payant le solde du s\u00e9jour pendant les heures d&rsquo;ouverture de la caisse.<\/li>\n\n\n\n<li>Dans les installations d&rsquo;h\u00e9bergement pour les visiteurs de jour, quel que soit leur \u00e2ge (08h00 \u00e0 20h00), 10,00 \u20ac par personne.<\/li>\n\n\n\n<li>Les visiteurs qui ne restent pas plus de 60 minutes peuvent entrer gratuitement, mais doivent d\u00e9poser une pi\u00e8ce d&rsquo;identit\u00e9 valide, qui leur sera restitu\u00e9e \u00e0 la sortie.<\/li>\n<\/ul>\n\n\n\n<h3 class=\"wp-block-heading\">Circulation automobile <\/h3>\n\n\n\n<p>Tous les v\u00e9hicules ne peuvent \u00eatre <strong>utilis\u00e9s que pour entrer et sortir du complexe<\/strong>, pendant les heures autoris\u00e9es, \u00e0 une vitesse mod\u00e9r\u00e9e et doivent respecter les panneaux de signalisation pr\u00e9vus \u00e0 cet effet.  En outre, il est interdit aux enfants munis d&rsquo;une bicyclette de circuler pendant les heures de repos. <\/p>\n\n\n\n<p><strong>Horaires de repos et interdiction de circuler<\/strong>&nbsp;: 13&nbsp;h&nbsp;00 \u00e0 15&nbsp;h&nbsp;00 et 23&nbsp;h&nbsp;00 \u00e0 07&nbsp;h&nbsp;30 <\/p>\n\n\n\n<h3 class=\"wp-block-heading\">Enfants <\/h3>\n\n\n\n<p>Les adultes sont responsables du comportement de leurs enfants, qui doivent toujours \u00eatre accompagn\u00e9s aux toilettes, \u00e0 l&rsquo;aire de jeux, \u00e0 la plage, par une personne adulte.  La direction d\u00e9cline toute responsabilit\u00e9 \u00e0 cet \u00e9gard. <\/p>\n\n\n\n<h3 class=\"wp-block-heading\">Animaux de compagnie<\/h3>\n\n\n\n<ul class=\"wp-block-list\">\n<li>La direction invite les h\u00f4tes \u00e0 signaler la pr\u00e9sence de chiens lors de l&rsquo;enregistrement. Les chiens doivent \u00eatre en conformit\u00e9 avec les r\u00e8gles sanitaires, comme le prouve la documentation pertinente. Il n&rsquo;est pas permis de s\u00e9journer dans nos unit\u00e9s d&rsquo;h\u00e9bergement avec des chiens ; ils ne sont admis que sur les emplacements qui leur sont r\u00e9serv\u00e9s.<\/li>\n\n\n\n<li>L&rsquo;acc\u00e8s \u00e0 la plage et le transit \u00e0 l&rsquo;int\u00e9rieur du camping ne sont permis que dans les zones autoris\u00e9es indiqu\u00e9es par les panneaux correspondants. Les chiens doivent \u00eatre tenus en laisse lors de tous les d\u00e9placements.<\/li>\n\n\n\n<li>Le propri\u00e9taire est libre de les garder de mani\u00e8re \u00e0 ce qu&rsquo;ils ne d\u00e9rangent pas les autres clients et ne leur causent pas de dommages. Pour des raisons d&rsquo;hygi\u00e8ne et de s\u00e9curit\u00e9, les chiens ne peuvent \u00eatre lav\u00e9s que dans les bacs mis \u00e0 disposition par le camping.<\/li>\n\n\n\n<li>Les autres animaux ne sont autoris\u00e9s qu&rsquo;\u00e0 la discr\u00e9tion de la direction.<\/li>\n\n\n\n<li>La direction d\u00e9cline toute responsabilit\u00e9 pour les dommages caus\u00e9s aux personnes et\/ou aux biens par les animaux domestiques.<\/li>\n<\/ul>\n\n<\/div>\n<\/div><\/div>\n\n<div  id=\"soggiorno\" class=\"grids-section grids-is-advanced alignwide\" style=\"--_gs-gap-desktop:0px 0px;--_gs-m-desktop:0 0 0 0;--_gs-p-desktop:0 0 0 0;--_gs-bg-desktop:transparent none;--_gs-bg-xp-desktop:0px;--_gs-zi-desktop:auto;--_gs-d-desktop:block;--_gs-mw-desktop:calc(100% - 0 - 0);--_gs-gap-tablet:0px 0px;--_gs-m-tablet:0 0 0 0;--_gs-p-tablet:0 0 0 0;--_gs-bg-tablet:transparent none;--_gs-bg-xp-tablet:0px;--_gs-zi-tablet:auto;--_gs-d-tablet:block;--_gs-mw-tablet:calc(100% - 0 - 0);--_gs-gap-mobile:0px 0px;--_gs-m-mobile:0 0 0 0;--_gs-p-mobile:0 0 0 0;--_gs-bg-mobile:transparent none;--_gs-bg-xp-mobile:0px;--_gs-zi-mobile:auto;--_gs-d-mobile:block;--_gs-mw-mobile:calc(100% - 0 - 0);--_gs-columns:12;--_gs-rows:6\"><div class=\"grids-s-w_i\">\n<div class=\"grids-area\" style=\"--_ga-column:1\/13;--_ga-row:1\/7;--_ga-m-desktop:0 0 0 0;--_ga-p-desktop:0 0 0 0;--_ga-bg-desktop:transparent none;--_ga-zi-desktop:auto;--_ga-d-desktop:flex;--_ga-mw-desktop:calc(100% - 0 - 0);--_ga-m-tablet:0 0 0 0;--_ga-p-tablet:0 0 0 0;--_ga-bg-tablet:transparent none;--_ga-zi-tablet:auto;--_ga-d-tablet:flex;--_ga-mw-tablet:calc(100% - 0 - 0);--_ga-m-mobile:0 0 0 0;--_ga-p-mobile:0 0 0 0;--_ga-bg-mobile:transparent none;--_ga-zi-mobile:auto;--_ga-d-mobile:flex;--_ga-mw-mobile:calc(100% - 0 - 0)\">\n\n<div style=\"height:30px\" aria-hidden=\"true\" class=\"wp-block-spacer\"><\/div>\n\n\n\n<h2 class=\"wp-block-heading has-text-align-center palm-before palm-after has-text-color\" style=\"color:#004f6c\">Lors de votre s\u00e9jour <\/h2>\n\n\n\n<h3 class=\"wp-block-heading has-text-align-left\">D\u00e9p\u00f4t de valeurs <\/h3>\n\n\n\n<p>L&rsquo;h\u00f4te est tenu de garder les objets de sa propri\u00e9t\u00e9.  La Direction n&rsquo;est pas responsable d&rsquo;\u00e9ventuels vols d&rsquo;objets et de valeurs non confi\u00e9s et accept\u00e9s en garde \u00e0 vue. <\/p>\n\n\n\n<h3 class=\"wp-block-heading\">Messages t\u00e9l\u00e9phoniques <\/h3>\n\n\n\n<p>Les communications avec les h\u00f4tes se font par haut-parleur \u00e0 certaines heures.  Les appels t\u00e9l\u00e9phoniques en dehors des heures d&rsquo;ouverture sont not\u00e9s dans le syst\u00e8me de gestion. <\/p>\n\n<\/div>\n<\/div><\/div>\n\n<div  id=\"camping\" class=\"grids-section grids-is-advanced alignwide\" style=\"--_gs-gap-desktop:0px 0px;--_gs-m-desktop:0 0 0 0;--_gs-p-desktop:0 0 0 0;--_gs-bg-desktop:transparent none;--_gs-bg-xp-desktop:0px;--_gs-zi-desktop:auto;--_gs-d-desktop:block;--_gs-mw-desktop:calc(100% - 0 - 0);--_gs-gap-tablet:0px 0px;--_gs-m-tablet:0 0 0 0;--_gs-p-tablet:0 0 0 0;--_gs-bg-tablet:transparent none;--_gs-bg-xp-tablet:0px;--_gs-zi-tablet:auto;--_gs-d-tablet:block;--_gs-mw-tablet:calc(100% - 0 - 0);--_gs-gap-mobile:0px 0px;--_gs-m-mobile:0 0 0 0;--_gs-p-mobile:0 0 0 0;--_gs-bg-mobile:transparent none;--_gs-bg-xp-mobile:0px;--_gs-zi-mobile:auto;--_gs-d-mobile:block;--_gs-mw-mobile:calc(100% - 0 - 0);--_gs-columns:12;--_gs-rows:6\"><div class=\"grids-s-w_i\">\n<div class=\"grids-area\" style=\"--_ga-column:1\/13;--_ga-row:1\/7;--_ga-m-desktop:0 0 0 0;--_ga-p-desktop:0 0 0 0;--_ga-bg-desktop:transparent none;--_ga-zi-desktop:auto;--_ga-d-desktop:flex;--_ga-mw-desktop:calc(100% - 0 - 0);--_ga-m-tablet:0 0 0 0;--_ga-p-tablet:0 0 0 0;--_ga-bg-tablet:transparent none;--_ga-zi-tablet:auto;--_ga-d-tablet:flex;--_ga-mw-tablet:calc(100% - 0 - 0);--_ga-m-mobile:0 0 0 0;--_ga-p-mobile:0 0 0 0;--_ga-bg-mobile:transparent none;--_ga-zi-mobile:auto;--_ga-d-mobile:flex;--_ga-mw-mobile:calc(100% - 0 - 0)\">\n\n<div style=\"height:30px\" aria-hidden=\"true\" class=\"wp-block-spacer\"><\/div>\n\n\n\n<h2 class=\"wp-block-heading has-text-align-center palm-before palm-after has-text-color\" style=\"color:#004f6c\">Camping <\/h2>\n\n\n\n<p>Les tarifs s&rsquo;entendent par jour, quelle que soit l&rsquo;heure d&rsquo;entr\u00e9e.  Le jour du d\u00e9part est \u00e9galement pris en compte s&rsquo;il a lieu apr\u00e8s 11 heures. <\/p>\n\n\n\n<h4 class=\"wp-block-heading\">Attribution de l&#8217;emplacement <\/h4>\n\n\n\n<p>L&#8217;emplacement est attribu\u00e9 \u00e0 la discr\u00e9tion de la direction \u00e0 l&rsquo;arriv\u00e9e et aucun changement n&rsquo;est permis sans autorisation.  La voiture doit \u00eatre gar\u00e9e sur l&#8217;emplacement, \u00e0 c\u00f4t\u00e9 de la tente ou de la caravane, ou sur une place de parking attribu\u00e9e par la direction. <\/p>\n\n<\/div>\n<\/div><\/div>\n\n<div  id=\"alloggi\" class=\"grids-section grids-is-advanced alignwide\" style=\"--_gs-gap-desktop:0px 0px;--_gs-m-desktop:0 0 0 0;--_gs-p-desktop:0 0 0 0;--_gs-bg-desktop:transparent none;--_gs-bg-xp-desktop:0px;--_gs-zi-desktop:auto;--_gs-d-desktop:block;--_gs-mw-desktop:calc(100% - 0 - 0);--_gs-gap-tablet:0px 0px;--_gs-m-tablet:0 0 0 0;--_gs-p-tablet:0 0 0 0;--_gs-bg-tablet:transparent none;--_gs-bg-xp-tablet:0px;--_gs-zi-tablet:auto;--_gs-d-tablet:block;--_gs-mw-tablet:calc(100% - 0 - 0);--_gs-gap-mobile:0px 0px;--_gs-m-mobile:0 0 0 0;--_gs-p-mobile:0 0 0 0;--_gs-bg-mobile:transparent none;--_gs-bg-xp-mobile:0px;--_gs-zi-mobile:auto;--_gs-d-mobile:block;--_gs-mw-mobile:calc(100% - 0 - 0);--_gs-columns:12;--_gs-rows:6\"><div class=\"grids-s-w_i\">\n<div class=\"grids-area\" style=\"--_ga-column:1\/13;--_ga-row:1\/7;--_ga-m-desktop:0 0 0 0;--_ga-p-desktop:0 0 0 0;--_ga-bg-desktop:transparent none;--_ga-zi-desktop:auto;--_ga-d-desktop:flex;--_ga-mw-desktop:calc(100% - 0 - 0);--_ga-m-tablet:0 0 0 0;--_ga-p-tablet:0 0 0 0;--_ga-bg-tablet:transparent none;--_ga-zi-tablet:auto;--_ga-d-tablet:flex;--_ga-mw-tablet:calc(100% - 0 - 0);--_ga-m-mobile:0 0 0 0;--_ga-p-mobile:0 0 0 0;--_ga-bg-mobile:transparent none;--_ga-zi-mobile:auto;--_ga-d-mobile:flex;--_ga-mw-mobile:calc(100% - 0 - 0)\">\n\n<div style=\"height:30px\" aria-hidden=\"true\" class=\"wp-block-spacer\"><\/div>\n\n\n\n<h2 class=\"wp-block-heading has-text-align-center palm-before palm-after has-text-color\" style=\"color:#004f6c\">Logements <\/h2>\n\n\n\n<h3 class=\"wp-block-heading\">Caution <\/h3>\n\n\n\n<p>Une <strong>caution de 50,00&nbsp;\u20ac en esp\u00e8ces <\/strong>sera demand\u00e9e \u00e0 l&rsquo;arriv\u00e9e, qui sera restitu\u00e9e au moment du d\u00e9part apr\u00e8s v\u00e9rification des lieux. <\/p>\n\n\n\n<h3 class=\"wp-block-heading\">Ce qui est inclus dans le tarif <\/h3>\n\n\n\n<ul class=\"wp-block-list\">\n<li>Dans la maison&nbsp;: r\u00e9frig\u00e9rateur, consommation d&rsquo;eau, d&rsquo;\u00e9lectricit\u00e9 et de gaz, t\u00e9l\u00e9vision et place de parking&nbsp;;  <\/li>\n\n\n\n<li>sur la plage&nbsp;: parasol et 2 transats sur la plage priv\u00e9e (service plage exclu du 05\/04 au 30\/04 et du 08\/09 au 20\/09) pour les s\u00e9jours de moins de 7 nuits&nbsp;;<\/li>\n\n\n\n<li>dans le village&nbsp;: aire de jeux pour les enfants.  <\/li>\n<\/ul>\n\n\n\n<p>Le nombre de personnes indiqu\u00e9 par unit\u00e9 est le maximum autoris\u00e9.  <\/p>\n\n\n\n<h3 class=\"wp-block-heading\">Co\u00fbts suppl\u00e9mentaires <\/h3>\n\n\n\n<ul class=\"wp-block-list\">\n<li>Location de draps par semaine&nbsp;: 15,00&nbsp;\u20ac double et 15,00&nbsp;\u20ac simple&nbsp;;<\/li>\n\n\n\n<li>Nettoyage final 35,00&nbsp;\u20ac. <\/li>\n<\/ul>\n\n<\/div>\n<\/div><\/div>\n\n<div  id=\"check-in\" class=\"grids-section grids-is-advanced\" style=\"--_gs-gap-desktop:0px 0px;--_gs-m-desktop:0 0 0 0;--_gs-p-desktop:0 0 0 0;--_gs-bg-desktop:#ccdce2 none;--_gs-bg-xp-desktop:0px;--_gs-zi-desktop:auto;--_gs-d-desktop:block;--_gs-mw-desktop:calc(100% - 0 - 0);--_gs-gap-tablet:0px 0px;--_gs-m-tablet:0 0 0 0;--_gs-p-tablet:0 0 0 0;--_gs-bg-tablet:#ccdce2 none;--_gs-bg-xp-tablet:0px;--_gs-zi-tablet:auto;--_gs-d-tablet:block;--_gs-mw-tablet:calc(100% - 0 - 0);--_gs-gap-mobile:0px 0px;--_gs-m-mobile:0 0 0 0;--_gs-p-mobile:0 0 0 0;--_gs-bg-mobile:#ccdce2 none;--_gs-bg-xp-mobile:0px;--_gs-zi-mobile:auto;--_gs-d-mobile:block;--_gs-mw-mobile:calc(100% - 0 - 0);--_gs-columns:12;--_gs-rows:6\"><div class=\"grids-s-w_i\">\n<div class=\"grids-area\" style=\"--_ga-column:1\/13;--_ga-row:1\/2;--_ga-m-desktop:0 0 0 0;--_ga-p-desktop:0 0 0 0;--_ga-bg-desktop:transparent none;--_ga-zi-desktop:auto;--_ga-d-desktop:flex;--_ga-mw-desktop:calc(100% - 0 - 0);--_ga-m-tablet:0 0 0 0;--_ga-p-tablet:0 0 0 0;--_ga-bg-tablet:transparent none;--_ga-zi-tablet:auto;--_ga-d-tablet:flex;--_ga-mw-tablet:calc(100% - 0 - 0);--_ga-m-mobile:0 0 0 0;--_ga-p-mobile:0 0 0 0;--_ga-bg-mobile:transparent none;--_ga-zi-mobile:auto;--_ga-d-mobile:flex;--_ga-mw-mobile:calc(100% - 0 - 0)\">\n<div  class=\"grids-section grids-is-advanced\" style=\"--_gs-gap-desktop:0px 0px;--_gs-m-desktop:0 0 0 0;--_gs-p-desktop:30px 0 0 0;--_gs-bg-desktop:transparent none;--_gs-bg-xp-desktop:0px;--_gs-zi-desktop:auto;--_gs-d-desktop:block;--_gs-mw-desktop:calc(100% - 0 - 0);--_gs-gap-tablet:0px 0px;--_gs-m-tablet:0 0 0 0;--_gs-p-tablet:30px 0 0 0;--_gs-bg-tablet:transparent none;--_gs-bg-xp-tablet:0px;--_gs-zi-tablet:auto;--_gs-d-tablet:block;--_gs-mw-tablet:calc(100% - 0 - 0);--_gs-gap-mobile:0px 0px;--_gs-m-mobile:0 0 0 0;--_gs-p-mobile:30px 0 0 0;--_gs-bg-mobile:transparent none;--_gs-bg-xp-mobile:0px;--_gs-zi-mobile:auto;--_gs-d-mobile:block;--_gs-mw-mobile:calc(100% - 0 - 0);--_gs-columns:12;--_gs-rows:6\"><div class=\"grids-s-w_i\">\n<div class=\"grids-area\" style=\"--_ga-column:2\/12;--_ga-row:1\/2;--_ga-m-desktop:0 0 0 0;--_ga-p-desktop:0 0 0 0;--_ga-bg-desktop:transparent none;--_ga-zi-desktop:auto;--_ga-d-desktop:flex;--_ga-mw-desktop:calc(100% - 0 - 0);--_ga-m-tablet:0 0 0 0;--_ga-p-tablet:0 0 0 0;--_ga-bg-tablet:transparent none;--_ga-zi-tablet:auto;--_ga-d-tablet:flex;--_ga-mw-tablet:calc(100% - 0 - 0);--_ga-m-mobile:0 0 0 0;--_ga-p-mobile:0 0 0 0;--_ga-bg-mobile:transparent none;--_ga-zi-mobile:auto;--_ga-d-mobile:flex;--_ga-mw-mobile:calc(100% - 0 - 0)\">\n\n<h2 class=\"wp-block-heading has-text-align-center\">Check-in et check-out <\/h2>\n\n<\/div>\n\n<div class=\"grids-area\" style=\"--_ga-column:2\/7;--_ga-row:2\/3;--_ga-m-desktop:0 15px 0 0;--_ga-p-desktop:20px 20px 20px 20px;--_ga-bg-desktop:transparent none;--_ga-zi-desktop:auto;--_ga-d-desktop:flex;--_ga-mw-desktop:calc(100% - 0 - 15px);--_ga-m-tablet:0 15px 0 0;--_ga-p-tablet:20px 20px 20px 20px;--_ga-bg-tablet:transparent none;--_ga-zi-tablet:auto;--_ga-d-tablet:flex;--_ga-mw-tablet:calc(100% - 0 - 15px);--_ga-m-mobile:0 0px 0 0;--_ga-p-mobile:20px 20px 20px 20px;--_ga-bg-mobile:transparent none;--_ga-zi-mobile:auto;--_ga-d-mobile:flex;--_ga-mw-mobile:calc(100% - 0 - 0px)\">\n\n<p class=\"has-text-align-center\"><strong>Amalfi Mobile Home, Chalet B\u00fcrstner <\/strong><br><strong>et Garden Villa <\/strong><\/p>\n\n\n\n<p class=\"has-text-align-center\"><strong>Check-in<\/strong>&nbsp;: samedi apr\u00e8s 15&nbsp;h&nbsp;30 <br><strong>Check out<\/strong>&nbsp;: samedi avant 10&nbsp;h&nbsp;00 <\/p>\n\n<\/div>\n\n<div class=\"grids-area\" style=\"--_ga-column:7\/12;--_ga-row:2\/3;--_ga-m-desktop:0 0 0 15px;--_ga-p-desktop:20px 20px 20px 20px;--_ga-bg-desktop:transparent none;--_ga-zi-desktop:auto;--_ga-d-desktop:flex;--_ga-mw-desktop:calc(100% - 15px - 0);--_ga-m-tablet:0 0 0 15px;--_ga-p-tablet:20px 20px 20px 20px;--_ga-bg-tablet:transparent none;--_ga-zi-tablet:auto;--_ga-d-tablet:flex;--_ga-mw-tablet:calc(100% - 15px - 0);--_ga-m-mobile:0 0 0 0px;--_ga-p-mobile:20px 20px 20px 20px;--_ga-bg-mobile:transparent none;--_ga-zi-mobile:auto;--_ga-d-mobile:flex;--_ga-mw-mobile:calc(100% - 0px - 0)\">\n\n<p class=\"has-text-align-center\"><strong>Appartements, De Luxe et <\/strong><br><strong>Villa De Luxe Spa <\/strong><\/p>\n\n\n\n<p class=\"has-text-align-center\"><strong>Check-in<\/strong>&nbsp;: samedi apr\u00e8s 15&nbsp;h&nbsp;30 <br><strong>Check-out <\/strong>: vendredi avant 10&nbsp;h&nbsp;00 <\/p>\n\n<\/div>\n<\/div><\/div>\n<\/div>\n<\/div><\/div>","protected":false},"excerpt":{"rendered":"","protected":false},"author":6,"featured_media":1959,"parent":0,"menu_order":0,"comment_status":"closed","ping_status":"closed","template":"","meta":{"_acf_changed":false,"_seopress_robots_primary_cat":"","_seopress_titles_title":"%%post_title%% %%sep%% %%sitetitle%% ","_seopress_titles_desc":"Lisez le r\u00e8glement du Camping Tropical de Sottomarina. ","_seopress_robots_index":"","advgb_blocks_editor_width":"","advgb_blocks_columns_visual_guide":"","footnotes":""},"class_list":["post-2710","page","type-page","status-publish","has-post-thumbnail","hentry","entry"],"acf":[],"coauthors":[],"author_meta":{"author_link":"https:\/\/www.campingtropical.com\/fr\/author\/federica-o8y61tra\/","display_name":"federica.o8y61tra"},"relative_dates":{"created":"Publi\u00e9 3 ans il y a","modified":"Mis \u00e0 jour 1 an il y a"},"absolute_dates":{"created":"Publi\u00e9 le mai 23, 2023","modified":"Mise \u00e0 jour le d\u00e9cembre 3, 2024"},"absolute_dates_time":{"created":"Publi\u00e9 le mai 23, 2023 9:12 am","modified":"Mise \u00e0 jour le d\u00e9cembre 3, 2024 8:38 am"},"featured_img_caption":"","featured_img":"https:\/\/www.campingtropical.com\/wp-content\/uploads\/2023\/04\/camping-tropical-spiaggia-privata-banner-2-1568x784.jpg","series_order":"","_links":{"self":[{"href":"https:\/\/www.campingtropical.com\/fr\/wp-json\/wp\/v2\/pages\/2710","targetHints":{"allow":["GET"]}}],"collection":[{"href":"https:\/\/www.campingtropical.com\/fr\/wp-json\/wp\/v2\/pages"}],"about":[{"href":"https:\/\/www.campingtropical.com\/fr\/wp-json\/wp\/v2\/types\/page"}],"author":[{"embeddable":true,"href":"https:\/\/www.campingtropical.com\/fr\/wp-json\/wp\/v2\/users\/6"}],"replies":[{"embeddable":true,"href":"https:\/\/www.campingtropical.com\/fr\/wp-json\/wp\/v2\/comments?post=2710"}],"version-history":[{"count":9,"href":"https:\/\/www.campingtropical.com\/fr\/wp-json\/wp\/v2\/pages\/2710\/revisions"}],"predecessor-version":[{"id":3717,"href":"https:\/\/www.campingtropical.com\/fr\/wp-json\/wp\/v2\/pages\/2710\/revisions\/3717"}],"wp:featuredmedia":[{"embeddable":true,"href":"https:\/\/www.campingtropical.com\/fr\/wp-json\/wp\/v2\/media\/1959"}],"wp:attachment":[{"href":"https:\/\/www.campingtropical.com\/fr\/wp-json\/wp\/v2\/media?parent=2710"}],"curies":[{"name":"wp","href":"https:\/\/api.w.org\/{rel}","templated":true}]}}