{"id":2736,"date":"2023-05-24T08:29:00","date_gmt":"2023-05-24T06:29:00","guid":{"rendered":"https:\/\/www.campingtropical.com\/nasza-historia\/"},"modified":"2023-05-24T08:29:05","modified_gmt":"2023-05-24T06:29:05","slug":"nasza-historia","status":"publish","type":"page","link":"https:\/\/www.campingtropical.com\/pl\/nasza-historia\/","title":{"rendered":"Nasza historia"},"content":{"rendered":"<div  class=\"grids-section four-servces-boxes grids-is-advanced alignwide\" style=\"--_gs-gap-desktop:0px 0px;--_gs-m-desktop:0 0 0 0;--_gs-p-desktop:0 0 0 0;--_gs-bg-desktop:transparent none;--_gs-bg-xp-desktop:0px;--_gs-zi-desktop:auto;--_gs-d-desktop:block;--_gs-mw-desktop:calc(100% - 0 - 0);--_gs-gap-tablet:0px 0px;--_gs-m-tablet:0 0 0 0;--_gs-p-tablet:0 0 0 0;--_gs-bg-tablet:transparent none;--_gs-bg-xp-tablet:0px;--_gs-zi-tablet:auto;--_gs-d-tablet:block;--_gs-mw-tablet:calc(100% - 0 - 0);--_gs-gap-mobile:0px 0px;--_gs-m-mobile:0 0 0 0;--_gs-p-mobile:0 0 0 0;--_gs-bg-mobile:transparent none;--_gs-bg-xp-mobile:0px;--_gs-zi-mobile:auto;--_gs-d-mobile:block;--_gs-mw-mobile:calc(100% - 0 - 0);--_gs-columns:12;--_gs-rows:6\"><div class=\"grids-s-w_i\">\n<div class=\"grids-area\" style=\"--_ga-column:1\/13;--_ga-row:1\/4;--_ga-m-desktop:0 0 0 0;--_ga-p-desktop:0 0 0 0;--_ga-bg-desktop:transparent none;--_ga-zi-desktop:auto;--_ga-d-desktop:flex;--_ga-mw-desktop:calc(100% - 0 - 0);--_ga-m-tablet:0 0 0 0;--_ga-p-tablet:0 0 0 0;--_ga-bg-tablet:transparent none;--_ga-zi-tablet:auto;--_ga-d-tablet:flex;--_ga-mw-tablet:calc(100% - 0 - 0);--_ga-m-mobile:0 0 0 0;--_ga-p-mobile:0 0 0 0;--_ga-bg-mobile:transparent none;--_ga-zi-mobile:auto;--_ga-d-mobile:flex;--_ga-mw-mobile:calc(100% - 0 - 0)\">\n\n<h1 class=\"wp-block-heading has-text-align-center has-text-color advgb-dyn-d8c7bf18\" style=\"color:#06485b\">Historia Camping Tropical\n        <\/h1>\n\n\n\n<h2 class=\"wp-block-heading has-text-align-center advgb-dyn-fda2bb87\">Wczoraj, Ezio i Rossana\n        <\/h2>\n\n\n\n<h4 class=\"wp-block-heading has-text-align-center\">To oni dali wszystkiemu pocz\u0105tek\n        <\/h4>\n\n\n\n<p class=\"has-text-align-center\">Camping Tropical narodzi\u0142 si\u0119 w <strong>1995 roku<\/strong> <strong>z marze\u0144 Ezia i Rossany<\/strong> i od pocz\u0105tku by\u0142 rozwijany z rodzinn\u0105 pasj\u0105 i po\u015bwi\u0119ceniem. \n        <\/p>\n\n\n\n<p class=\"has-text-align-center\"><strong>Spokojne i przytulne miejsce<\/strong> letnich wakacji w Sottomarinie zacz\u0119\u0142o szybko si\u0119 rozwija\u0107.\n         Go\u015bcie byli przyci\u0105gani przez <strong>rodzinn\u0105 atmosfer\u0119 i naturalne pi\u0119kno tej okolicy<\/strong>.\n        <\/p>\n\n\n\n<p class=\"has-text-align-center\">W kolejnych latach <strong>kemping rozwin\u0105\u0142 si\u0119 coraz bardziej<\/strong>, z kolejnymi miejscami zakwaterowania i udogodnieniami, kt\u00f3re zawsze sz\u0142y z duchem czasu.\n         Rodzina ci\u0105gle inwestowa\u0142a w <strong>utrzymanie i poszerzenie<\/strong> kempingu, oferuj\u0105c zawsze <strong>kolejne us\u0142ugi i wygody<\/strong> by sprawi\u0107, \u017ce wakacje b\u0119d\u0105 tak komfortowe, jak tylko si\u0119 da.\n        <\/p>\n\n<\/div>\n<\/div><\/div><div  class=\"grids-section grids-is-advanced alignwide\" style=\"--_gs-gap-desktop:0px 0px;--_gs-m-desktop:-90px 0 30px 0;--_gs-p-desktop:0 0 0 0;--_gs-bg-desktop:transparent none;--_gs-bg-xp-desktop:0px;--_gs-zi-desktop:auto;--_gs-d-desktop:block;--_gs-mw-desktop:calc(100% - 0 - 0);--_gs-gap-tablet:0px 0px;--_gs-m-tablet:-90px 0 30px 0;--_gs-p-tablet:0 0 0 0;--_gs-bg-tablet:transparent none;--_gs-bg-xp-tablet:0px;--_gs-zi-tablet:auto;--_gs-d-tablet:block;--_gs-mw-tablet:calc(100% - 0 - 0);--_gs-gap-mobile:0px 0px;--_gs-m-mobile:0px 0 0px 0;--_gs-p-mobile:0 0 0 0;--_gs-bg-mobile:transparent none;--_gs-bg-xp-mobile:0px;--_gs-zi-mobile:auto;--_gs-d-mobile:none;--_gs-mw-mobile:calc(100% - 0 - 0);--_gs-columns:12;--_gs-rows:6\"><div class=\"grids-s-w_i\">\n<div class=\"grids-area\" style=\"--_ga-column:1\/13;--_ga-row:1\/7;--_ga-m-desktop:0 0 0 0;--_ga-p-desktop:0 0 0 0;--_ga-bg-desktop:transparent none;--_ga-zi-desktop:auto;--_ga-d-desktop:flex;--_ga-mw-desktop:calc(100% - 0 - 0);--_ga-m-tablet:0 0 0 0;--_ga-p-tablet:0 0 0 0;--_ga-bg-tablet:transparent none;--_ga-zi-tablet:auto;--_ga-d-tablet:flex;--_ga-mw-tablet:calc(100% - 0 - 0);--_ga-m-mobile:0 0 0 0;--_ga-p-mobile:0 0 0 0;--_ga-bg-mobile:transparent none;--_ga-zi-mobile:auto;--_ga-d-mobile:flex;--_ga-mw-mobile:calc(100% - 0 - 0)\">\n\n<h2 class=\"wp-block-heading has-text-align-center palm-before palm-after has-text-color advgb-dyn-219e2e61\" style=\"color:#004f6c\">Camping Tropical dzi\u015b\n        <\/h2>\n\n\n\n<p class=\"has-text-align-center\">Ci\u0105g\u0142a uwaga skierowana ku ulepszeniom\n        <\/p>\n\n<\/div>\n<\/div><\/div><div  class=\"grids-section image-wave-row grids-is-advanced alignfull\" style=\"--_gs-gap-desktop:0px 0px;--_gs-m-desktop:0 0 0 0;--_gs-p-desktop:0 0 0 0;--_gs-bg-desktop:transparent none;--_gs-bg-xp-desktop:0px;--_gs-zi-desktop:auto;--_gs-d-desktop:block;--_gs-mw-desktop:calc(100% - 0 - 0);--_gs-gap-tablet:0px 0px;--_gs-m-tablet:0 0 0 0;--_gs-p-tablet:0 0 0 0;--_gs-bg-tablet:transparent none;--_gs-bg-xp-tablet:0px;--_gs-zi-tablet:auto;--_gs-d-tablet:block;--_gs-mw-tablet:calc(100% - 0 - 0);--_gs-gap-mobile:0px 0px;--_gs-m-mobile:0 0 0 0;--_gs-p-mobile:0 0 0 0;--_gs-bg-mobile:transparent none;--_gs-bg-xp-mobile:0px;--_gs-zi-mobile:auto;--_gs-d-mobile:block;--_gs-mw-mobile:calc(100% - 0 - 0);--_gs-columns:12;--_gs-rows:6\"><div class=\"grids-s-w_i\">\n<div class=\"grids-area column-text\" style=\"--_ga-column:7\/13;--_ga-row:1\/7;--_ga-m-desktop:0 0 0 0;--_ga-p-desktop:0 0 0 0;--_ga-bg-desktop:transparent url(https:\/\/www.campingtropical.com\/wp-content\/uploads\/2023\/03\/onda-singola-azzurro.png) no-repeat 50% 100%  \/ contain;--_ga-zi-desktop:auto;--_ga-d-desktop:flex;--_ga-mw-desktop:calc(100% - 0 - 0);--_ga-m-tablet:0 0 0 0;--_ga-p-tablet:0 0 0 0;--_ga-bg-tablet:transparent url(https:\/\/www.campingtropical.com\/wp-content\/uploads\/2023\/03\/onda-singola-azzurro.png) no-repeat 50% 100%  \/ contain;--_ga-zi-tablet:auto;--_ga-d-tablet:flex;--_ga-mw-tablet:calc(100% - 0 - 0);--_ga-m-mobile:0 0 0 0;--_ga-p-mobile:0 0 0 0;--_ga-bg-mobile:transparent url(https:\/\/www.campingtropical.com\/wp-content\/uploads\/2023\/03\/onda-singola-azzurro.png) no-repeat 50% 100%  \/ contain;--_ga-zi-mobile:auto;--_ga-d-mobile:flex;--_ga-mw-mobile:calc(100% - 0 - 0)\">\n\n<h2 class=\"wp-block-heading palm-before has-text-color advgb-dyn-9d134384\" style=\"color:#004f6c\">Nowoczesny i elegancki kemping\n        <\/h2>\n\n\n\n<h4 class=\"wp-block-heading advgb-dyn-a7b3b761\">Bezpo\u015bredni dost\u0119p do morza\n        <\/h4>\n\n\n\n<p>Dzi\u015b Camping Tropical jest <strong>nowoczesnym i eleganckim kempingiem<\/strong> z <strong>bezpo\u015brednim dost\u0119pem do morza <\/strong> i <strong>prywatn\u0105 pla\u017c\u0105<\/strong> oraz wyposa\u017conym w szeroki wachlarz <strong>us\u0142ug<\/strong>.\n        <\/p>\n\n\n\n<p>S\u0105 tu obszerne miejsca dla namiot\u00f3w i kamper\u00f3w, a do tego nowoczesne domki i luksusowe apartamenty wyposa\u017cone we wszelkie wygody.\n         Kemping posiada r\u00f3wnie\u017c <strong>poka\u017any plac zabaw<\/strong> dla dzieci, <strong>bar-restauracj\u0119<\/strong> i <strong>kiosk<\/strong> na pla\u017cy.\n        <\/p>\n\n<\/div>\n\n<div class=\"grids-area column-image\" style=\"--_ga-column:1\/7;--_ga-row:1\/7;--_ga-va:center;--_ga-m-desktop:0 0 0 0;--_ga-p-desktop:0 0 0 0;--_ga-bg-desktop:transparent url(https:\/\/www.campingtropical.com\/wp-content\/uploads\/2023\/04\/camping-tropical-giochi-spiaggia-01.jpg) no-repeat 50% 50%  \/ cover;--_ga-zi-desktop:auto;--_ga-d-desktop:flex;--_ga-mw-desktop:calc(100% - 0 - 0);--_ga-m-tablet:0 0 0 0;--_ga-p-tablet:0 0 0 0;--_ga-bg-tablet:transparent url(https:\/\/www.campingtropical.com\/wp-content\/uploads\/2023\/04\/camping-tropical-giochi-spiaggia-01.jpg) no-repeat 50% 50%  \/ cover;--_ga-zi-tablet:auto;--_ga-d-tablet:flex;--_ga-mw-tablet:calc(100% - 0 - 0);--_ga-m-mobile:0 0 0 0;--_ga-p-mobile:0 0 0 0;--_ga-bg-mobile:transparent url(https:\/\/www.campingtropical.com\/wp-content\/uploads\/2023\/04\/camping-tropical-giochi-spiaggia-01.jpg) no-repeat 50% 50%  \/ cover;--_ga-zi-mobile:auto;--_ga-d-mobile:flex;--_ga-mw-mobile:calc(100% - 0 - 0)\"><\/div>\n<\/div><\/div><div  class=\"grids-section image-wave-row grids-is-advanced alignfull\" style=\"--_gs-gap-desktop:0px 0px;--_gs-m-desktop:0 0 0 0;--_gs-p-desktop:0 0 0 0;--_gs-bg-desktop:transparent none;--_gs-bg-xp-desktop:0px;--_gs-zi-desktop:auto;--_gs-d-desktop:block;--_gs-mw-desktop:calc(100% - 0 - 0);--_gs-gap-tablet:0px 0px;--_gs-m-tablet:0 0 0 0;--_gs-p-tablet:0 0 0 0;--_gs-bg-tablet:transparent none;--_gs-bg-xp-tablet:0px;--_gs-zi-tablet:auto;--_gs-d-tablet:block;--_gs-mw-tablet:calc(100% - 0 - 0);--_gs-gap-mobile:0px 0px;--_gs-m-mobile:0 0 0 0;--_gs-p-mobile:0 0 0 0;--_gs-bg-mobile:transparent none;--_gs-bg-xp-mobile:0px;--_gs-zi-mobile:auto;--_gs-d-mobile:block;--_gs-mw-mobile:calc(100% - 0 - 0);--_gs-columns:12;--_gs-rows:6\"><div class=\"grids-s-w_i\">\n<div class=\"grids-area column-text\" style=\"--_ga-column:1\/7;--_ga-row:1\/7;--_ga-m-desktop:0 0 0 0;--_ga-p-desktop:0 0 0 0;--_ga-bg-desktop:transparent url(https:\/\/www.campingtropical.com\/wp-content\/uploads\/2023\/03\/onda-singola.png) no-repeat 50% 100%  \/ contain;--_ga-zi-desktop:auto;--_ga-d-desktop:flex;--_ga-mw-desktop:calc(100% - 0 - 0);--_ga-m-tablet:0 0 0 0;--_ga-p-tablet:0 0 0 0;--_ga-bg-tablet:transparent url(https:\/\/www.campingtropical.com\/wp-content\/uploads\/2023\/03\/onda-singola.png) no-repeat 50% 100%  \/ contain;--_ga-zi-tablet:auto;--_ga-d-tablet:flex;--_ga-mw-tablet:calc(100% - 0 - 0);--_ga-m-mobile:0 0 0 0;--_ga-p-mobile:0 0 0 0;--_ga-bg-mobile:transparent url(https:\/\/www.campingtropical.com\/wp-content\/uploads\/2023\/03\/onda-singola.png) no-repeat 50% 100%  \/ contain;--_ga-zi-mobile:auto;--_ga-d-mobile:flex;--_ga-mw-mobile:calc(100% - 0 - 0)\">\n\n<h2 class=\"wp-block-heading palm-before has-text-color advgb-dyn-049383d9\" style=\"color:#004f6c\">Ci\u0105g\u0142a uwaga skierowana ku ulepszeniom\n        <\/h2>\n\n\n\n<h4 class=\"wp-block-heading advgb-dyn-535d8c52\">Rodzinne po\u015bwi\u0119cenie\n        <\/h4>\n\n\n\n<p>Ci\u0105g\u0142a uwaga oddawana ulepszeniom i po\u015bwi\u0119cenie rodziny sprawi\u0142y, \u017ce Camping Tropical to <strong>doskona\u0142y kierunek dla rodzin i podr\u00f3\u017cnych w ka\u017cdym wieku<\/strong> S\u0142yn\u0105cy z <strong>go\u015bcinno\u015bci i uwagi po\u015bwi\u0119canej szczeg\u00f3\u0142om<\/strong> kemping mo\u017ce zapewni\u0107, \u017ce go\u015bcie b\u0119d\u0105 cieszy\u0107 si\u0119 niezapomnianymi wakacjami w\u015br\u00f3d pi\u0119kna weneckiej przyrody.\n        <\/p>\n\n<\/div>\n\n<div class=\"grids-area column-image\" style=\"--_ga-column:7\/13;--_ga-row:1\/7;--_ga-va:center;--_ga-m-desktop:0 0 0 0;--_ga-p-desktop:0 0 0 0;--_ga-bg-desktop:transparent url(https:\/\/www.campingtropical.com\/wp-content\/uploads\/2023\/04\/camping-tropical-sottomarina-famiglia.jpg) no-repeat 50% 50%  \/ cover;--_ga-zi-desktop:auto;--_ga-d-desktop:flex;--_ga-mw-desktop:calc(100% - 0 - 0);--_ga-m-tablet:0 0 0 0;--_ga-p-tablet:0 0 0 0;--_ga-bg-tablet:transparent url(https:\/\/www.campingtropical.com\/wp-content\/uploads\/2023\/04\/camping-tropical-sottomarina-famiglia.jpg) no-repeat 50% 50%  \/ cover;--_ga-zi-tablet:auto;--_ga-d-tablet:flex;--_ga-mw-tablet:calc(100% - 0 - 0);--_ga-m-mobile:0 0 0 0;--_ga-p-mobile:0 0 0 0;--_ga-bg-mobile:transparent url(https:\/\/www.campingtropical.com\/wp-content\/uploads\/2023\/04\/camping-tropical-sottomarina-famiglia.jpg) no-repeat 50% 50%  \/ cover;--_ga-zi-mobile:auto;--_ga-d-mobile:flex;--_ga-mw-mobile:calc(100% - 0 - 0)\"><\/div>\n<\/div><\/div>","protected":false},"excerpt":{"rendered":"","protected":false},"author":6,"featured_media":2068,"parent":0,"menu_order":0,"comment_status":"closed","ping_status":"closed","template":"","meta":{"_acf_changed":false,"_seopress_robots_primary_cat":"","_seopress_titles_title":" %%post_title%% %%sep%% %%sitetitle%%\n        ","_seopress_titles_desc":"Odkryj histori\u0119 Camping Tropical\n         Nowoczesny kemping wyposa\u017cony we wszelkie udogodnienia, posiadaj\u0105cy bezpo\u015bredni dost\u0119p do morza i wielk\u0105 prywatn\u0105 pla\u017c\u0119.\n        ","_seopress_robots_index":"","advgb_blocks_editor_width":"","advgb_blocks_columns_visual_guide":"","footnotes":""},"class_list":["post-2736","page","type-page","status-publish","has-post-thumbnail","hentry","entry"],"acf":[],"coauthors":[],"author_meta":{"author_link":"https:\/\/www.campingtropical.com\/pl\/author\/federica-o8y61tra\/","display_name":"federica.o8y61tra"},"relative_dates":{"created":"Posted 3 lata ago","modified":"Updated 3 lata ago"},"absolute_dates":{"created":"Posted on 24 maja, 2023","modified":"Updated on 24 maja, 2023"},"absolute_dates_time":{"created":"Posted on 24 maja, 2023 8:29 am","modified":"Updated on 24 maja, 2023 8:29 am"},"featured_img_caption":"","featured_img":"https:\/\/www.campingtropical.com\/wp-content\/uploads\/2023\/04\/camping-tropical-sottomarina-offerte-banner-1568x784.jpg","series_order":"","_links":{"self":[{"href":"https:\/\/www.campingtropical.com\/pl\/wp-json\/wp\/v2\/pages\/2736","targetHints":{"allow":["GET"]}}],"collection":[{"href":"https:\/\/www.campingtropical.com\/pl\/wp-json\/wp\/v2\/pages"}],"about":[{"href":"https:\/\/www.campingtropical.com\/pl\/wp-json\/wp\/v2\/types\/page"}],"author":[{"embeddable":true,"href":"https:\/\/www.campingtropical.com\/pl\/wp-json\/wp\/v2\/users\/6"}],"replies":[{"embeddable":true,"href":"https:\/\/www.campingtropical.com\/pl\/wp-json\/wp\/v2\/comments?post=2736"}],"version-history":[{"count":1,"href":"https:\/\/www.campingtropical.com\/pl\/wp-json\/wp\/v2\/pages\/2736\/revisions"}],"predecessor-version":[{"id":2738,"href":"https:\/\/www.campingtropical.com\/pl\/wp-json\/wp\/v2\/pages\/2736\/revisions\/2738"}],"wp:featuredmedia":[{"embeddable":true,"href":"https:\/\/www.campingtropical.com\/pl\/wp-json\/wp\/v2\/media\/2068"}],"wp:attachment":[{"href":"https:\/\/www.campingtropical.com\/pl\/wp-json\/wp\/v2\/media?parent=2736"}],"curies":[{"name":"wp","href":"https:\/\/api.w.org\/{rel}","templated":true}]}}