{"id":2764,"date":"2023-05-24T08:29:05","date_gmt":"2023-05-24T06:29:05","guid":{"rendered":"https:\/\/www.campingtropical.com\/eksploruj-okolice\/"},"modified":"2023-06-07T16:01:26","modified_gmt":"2023-06-07T14:01:26","slug":"eksploruj-okolice","status":"publish","type":"page","link":"https:\/\/www.campingtropical.com\/pl\/eksploruj-okolice\/","title":{"rendered":"Eksploruj okolice"},"content":{"rendered":"<div  class=\"grids-section four-servces-boxes grids-is-advanced alignwide\" style=\"--_gs-gap-desktop:0px 0px;--_gs-m-desktop:0 0 0 0;--_gs-p-desktop:0 0 0 0;--_gs-bg-desktop:transparent none;--_gs-bg-xp-desktop:0px;--_gs-zi-desktop:auto;--_gs-d-desktop:block;--_gs-mw-desktop:calc(100% - 0 - 0);--_gs-gap-tablet:0px 0px;--_gs-m-tablet:0 0 0 0;--_gs-p-tablet:0 0 0 0;--_gs-bg-tablet:transparent none;--_gs-bg-xp-tablet:0px;--_gs-zi-tablet:auto;--_gs-d-tablet:block;--_gs-mw-tablet:calc(100% - 0 - 0);--_gs-gap-mobile:0px 0px;--_gs-m-mobile:0 0 0 0;--_gs-p-mobile:0 0 0 0;--_gs-bg-mobile:transparent none;--_gs-bg-xp-mobile:0px;--_gs-zi-mobile:auto;--_gs-d-mobile:block;--_gs-mw-mobile:calc(100% - 0 - 0);--_gs-columns:12;--_gs-rows:6\"><div class=\"grids-s-w_i\">\n<div class=\"grids-area\" style=\"--_ga-column:1\/13;--_ga-row:1\/4;--_ga-m-desktop:0 0 0 0;--_ga-p-desktop:0 0 0 0;--_ga-bg-desktop:transparent none;--_ga-zi-desktop:auto;--_ga-d-desktop:flex;--_ga-mw-desktop:calc(100% - 0 - 0);--_ga-m-tablet:0 0 0 0;--_ga-p-tablet:0 0 0 0;--_ga-bg-tablet:transparent none;--_ga-zi-tablet:auto;--_ga-d-tablet:flex;--_ga-mw-tablet:calc(100% - 0 - 0);--_ga-m-mobile:0 0 0 0;--_ga-p-mobile:0 0 0 0;--_ga-bg-mobile:transparent none;--_ga-zi-mobile:auto;--_ga-d-mobile:flex;--_ga-mw-mobile:calc(100% - 0 - 0)\">\n\n<h1 class=\"wp-block-heading has-text-align-center has-text-color advgb-dyn-e32e3937\" style=\"color:#06485b\">Eksploruj Chioggi\u0119 i okoliczne tereny\n        <\/h1>\n\n\n\n<h2 class=\"wp-block-heading has-text-align-center advgb-dyn-e0236c31\">Strategiczne miejsce dla wycieczek\n        <\/h2>\n\n\n\n<p class=\"has-text-align-center\">Chioggia to jedno z<strong>najbardziej interesuj\u0105cych historycznych miasteczek regionu Wenecji<\/strong>, jak r\u00f3wnie\u017c miejsce, z kt\u00f3rego wyruszaj\u0105 liczne wycieczki.\n         <\/p>\n\n\n\n<p class=\"has-text-align-center\">Ta sekcja przeznaczona jest dla tych, kt\u00f3rzy pragn\u0105 <strong>odkrywa\u0107 miasto i jego okolice<\/strong>. Mo\u017cna tu uzyska\u0107 szczeg\u00f3\u0142owe i aktualne porady dotycz\u0105ce wydarze\u0144 i dost\u0119pnych aktywno\u015bci. \n         Znajdziecie tu informacje o tym, <strong>co warto zobaczy\u0107 i zrobi\u0107 w Chioggii<\/strong>, o <strong>wycieczkach i trasach<\/strong> turystycznych, o <strong>wyjazdach przyrodniczych<\/strong>, o<strong>aktywno\u015bciach sportowych<\/strong> oraz o <strong>inicjatywach kulturalnych<\/strong> maj\u0105cych miejsce w tej okolicy.\n        <\/p>\n\n<\/div>\n<\/div><\/div>\n\n<div  class=\"grids-section grids-is-advanced\" style=\"--_gs-gap-desktop:0px 0px;--_gs-m-desktop:-120px 0 70px 0;--_gs-p-desktop:0 0 0 0;--_gs-bg-desktop:transparent none;--_gs-bg-xp-desktop:0px;--_gs-zi-desktop:auto;--_gs-d-desktop:block;--_gs-mw-desktop:calc(100% - 0 - 0);--_gs-gap-tablet:0px 0px;--_gs-m-tablet:-120px 0 70px 0;--_gs-p-tablet:0 0 0 0;--_gs-bg-tablet:transparent none;--_gs-bg-xp-tablet:0px;--_gs-zi-tablet:auto;--_gs-d-tablet:block;--_gs-mw-tablet:calc(100% - 0 - 0);--_gs-gap-mobile:0px 0px;--_gs-m-mobile:0px 0 30px 0;--_gs-p-mobile:0 0 0 0;--_gs-bg-mobile:transparent none;--_gs-bg-xp-mobile:0px;--_gs-zi-mobile:auto;--_gs-d-mobile:block;--_gs-mw-mobile:calc(100% - 0 - 0);--_gs-columns:12;--_gs-rows:6\"><div class=\"grids-s-w_i\">\n<div class=\"grids-area\" style=\"--_ga-column:2\/12;--_ga-row:1\/2;--_ga-m-desktop:0 0 0 0;--_ga-p-desktop:0 0 0 0;--_ga-bg-desktop:transparent none;--_ga-zi-desktop:auto;--_ga-d-desktop:flex;--_ga-mw-desktop:calc(100% - 0 - 0);--_ga-m-tablet:0 0 0 0;--_ga-p-tablet:0 0 0 0;--_ga-bg-tablet:transparent none;--_ga-zi-tablet:auto;--_ga-d-tablet:flex;--_ga-mw-tablet:calc(100% - 0 - 0);--_ga-m-mobile:0 0 0 0;--_ga-p-mobile:0 0 0 0;--_ga-bg-mobile:transparent none;--_ga-zi-mobile:auto;--_ga-d-mobile:flex;--_ga-mw-mobile:calc(100% - 0 - 0)\">\n\n<div class=\"wp-block-buttons alignwide is-content-justification-center is-layout-flex wp-container-core-buttons-is-layout-16018d1d wp-block-buttons-is-layout-flex\">\n<div class=\"wp-block-button is-style-outline is-style-outline--2\"><a class=\"wp-block-button__link wp-element-button\" href=\"https:\/\/www.campingtropical.com\/pl\/wydarzenia\/\">WYDARZENIA<\/a><\/div>\n\n\n\n<div class=\"wp-block-button is-style-outline is-style-outline--3\"><a class=\"wp-block-button__link wp-element-button\" href=\"https:\/\/www.campingtropical.com\/pl\/wycieczki\/\">WYCIECZKI<\/a><\/div>\n\n\n\n<div class=\"wp-block-button is-style-outline is-style-outline--4\"><a class=\"wp-block-button__link wp-element-button\" href=\"https:\/\/www.campingtropical.com\/pl\/co-robic-w-chioggii\/\">CO ROBI\u0106 W CHIOGGIA<\/a><\/div>\n<\/div>\n\n<\/div>\n<\/div><\/div>","protected":false},"excerpt":{"rendered":"","protected":false},"author":6,"featured_media":2111,"parent":0,"menu_order":0,"comment_status":"closed","ping_status":"closed","template":"","meta":{"_acf_changed":false,"_seopress_robots_primary_cat":"","_seopress_titles_title":"Odkrywaj Chioggi\u0119 i jej okolice %%sep%% %%sitetitle%%\n        ","_seopress_titles_desc":"Chioggia to jedno z najbardziej interesuj\u0105cych historycznych miasteczek regionu Wenecji, jak r\u00f3wnie\u017c miejsce, z kt\u00f3rego wyruszaj\u0105 liczne wycieczki.\n         Odkryj, jakie!\n        ","_seopress_robots_index":"","advgb_blocks_editor_width":"","advgb_blocks_columns_visual_guide":"","footnotes":""},"class_list":["post-2764","page","type-page","status-publish","has-post-thumbnail","hentry","entry"],"acf":[],"coauthors":[],"author_meta":{"author_link":"https:\/\/www.campingtropical.com\/pl\/author\/federica-o8y61tra\/","display_name":"federica.o8y61tra"},"relative_dates":{"created":"Posted 3 lata ago","modified":"Updated 3 lata ago"},"absolute_dates":{"created":"Posted on 24 maja, 2023","modified":"Updated on 7 czerwca, 2023"},"absolute_dates_time":{"created":"Posted on 24 maja, 2023 8:29 am","modified":"Updated on 7 czerwca, 2023 4:01 pm"},"featured_img_caption":"","featured_img":"https:\/\/www.campingtropical.com\/wp-content\/uploads\/2023\/04\/camping-tropical-sottomarina-dintorni-1568x784.jpg","series_order":"","_links":{"self":[{"href":"https:\/\/www.campingtropical.com\/pl\/wp-json\/wp\/v2\/pages\/2764","targetHints":{"allow":["GET"]}}],"collection":[{"href":"https:\/\/www.campingtropical.com\/pl\/wp-json\/wp\/v2\/pages"}],"about":[{"href":"https:\/\/www.campingtropical.com\/pl\/wp-json\/wp\/v2\/types\/page"}],"author":[{"embeddable":true,"href":"https:\/\/www.campingtropical.com\/pl\/wp-json\/wp\/v2\/users\/6"}],"replies":[{"embeddable":true,"href":"https:\/\/www.campingtropical.com\/pl\/wp-json\/wp\/v2\/comments?post=2764"}],"version-history":[{"count":3,"href":"https:\/\/www.campingtropical.com\/pl\/wp-json\/wp\/v2\/pages\/2764\/revisions"}],"predecessor-version":[{"id":3054,"href":"https:\/\/www.campingtropical.com\/pl\/wp-json\/wp\/v2\/pages\/2764\/revisions\/3054"}],"wp:featuredmedia":[{"embeddable":true,"href":"https:\/\/www.campingtropical.com\/pl\/wp-json\/wp\/v2\/media\/2111"}],"wp:attachment":[{"href":"https:\/\/www.campingtropical.com\/pl\/wp-json\/wp\/v2\/media?parent=2764"}],"curies":[{"name":"wp","href":"https:\/\/api.w.org\/{rel}","templated":true}]}}