{"id":2795,"date":"2023-05-24T08:29:09","date_gmt":"2023-05-24T06:29:09","guid":{"rendered":"https:\/\/www.campingtropical.com\/regulamin\/"},"modified":"2024-12-03T08:39:09","modified_gmt":"2024-12-03T07:39:09","slug":"regulamin","status":"publish","type":"page","link":"https:\/\/www.campingtropical.com\/pl\/regulamin\/","title":{"rendered":"Regulamin"},"content":{"rendered":"<div  class=\"grids-section four-servces-boxes grids-is-advanced alignwide\" style=\"--_gs-gap-desktop:0px 0px;--_gs-m-desktop:0 0 0 0;--_gs-p-desktop:0 0 0 0;--_gs-bg-desktop:transparent none;--_gs-bg-xp-desktop:0px;--_gs-zi-desktop:auto;--_gs-d-desktop:block;--_gs-mw-desktop:calc(100% - 0 - 0);--_gs-gap-tablet:0px 0px;--_gs-m-tablet:0 0 0 0;--_gs-p-tablet:0 0 0 0;--_gs-bg-tablet:transparent none;--_gs-bg-xp-tablet:0px;--_gs-zi-tablet:auto;--_gs-d-tablet:block;--_gs-mw-tablet:calc(100% - 0 - 0);--_gs-gap-mobile:0px 0px;--_gs-m-mobile:0 0 0 0;--_gs-p-mobile:0 0 0 0;--_gs-bg-mobile:transparent none;--_gs-bg-xp-mobile:0px;--_gs-zi-mobile:auto;--_gs-d-mobile:block;--_gs-mw-mobile:calc(100% - 0 - 0);--_gs-columns:12;--_gs-rows:6\"><div class=\"grids-s-w_i\">\n<div class=\"grids-area\" style=\"--_ga-column:1\/13;--_ga-row:1\/4;--_ga-m-desktop:0 0 0 0;--_ga-p-desktop:0 0 0 0;--_ga-bg-desktop:transparent none;--_ga-zi-desktop:auto;--_ga-d-desktop:flex;--_ga-mw-desktop:calc(100% - 0 - 0);--_ga-m-tablet:0 0 0 0;--_ga-p-tablet:0 0 0 0;--_ga-bg-tablet:transparent none;--_ga-zi-tablet:auto;--_ga-d-tablet:flex;--_ga-mw-tablet:calc(100% - 0 - 0);--_ga-m-mobile:0 0 0 0;--_ga-p-mobile:0 0 0 0;--_ga-bg-mobile:transparent none;--_ga-zi-mobile:auto;--_ga-d-mobile:flex;--_ga-mw-mobile:calc(100% - 0 - 0)\">\n\n<h1 class=\"wp-block-heading has-text-align-center has-text-color\" style=\"color:#06485b\">Regulamin Camping Tropical\n        <\/h1>\n\n\n\n<h2 class=\"wp-block-heading has-text-align-center\">By pobyt by\u0142 bezpieczny i spokojny\n        <\/h2>\n\n\n\n<p class=\"has-text-align-center\">Dyrekcja zach\u0119ca Was do przeczytania niniejszych zasad, by zagwarantowa\u0107 spokojny pobyt.\n        <\/p>\n\n\n\n<p class=\"has-text-align-center\">Ten regulamin wr\u0119czany jest przy przyje\u017adzie i znajduje si\u0119 r\u00f3wnie\u017c przy wej\u015bciu do kompleksu recepcyjnego.\n         Samo wej\u015bcie do o\u015brodka oznacza zatem pe\u0142n\u0105 akceptacj\u0119 tego regulaminu.\n        <\/p>\n\n\n\n<ul class=\"wp-block-list\">\n<li><a href=\"#informazioni\">Og\u00f3lne informacje\n        <\/a><\/li>\n\n\n\n<li><a href=\"#accesso\">Dost\u0119p i codzienne wizyty\n        <\/a><\/li>\n\n\n\n<li><a href=\"#soggiorno\">Podczas pobytu\n        <\/a><\/li>\n\n\n\n<li><a href=\"#camping\">Camping\n        <\/a><\/li>\n\n\n\n<li><a href=\"#alloggi\">Zakwaterowanie\n        <\/a><\/li>\n\n\n\n<li><a href=\"#check-in\">Zameldowanie i wymeldowanie\n        <\/a><\/li>\n<\/ul>\n\n<\/div>\n<\/div><\/div>\n\n<div  id=\"informazioni\" class=\"grids-section grids-is-advanced alignwide\" style=\"--_gs-gap-desktop:0px 0px;--_gs-m-desktop:0 0 0 0;--_gs-p-desktop:0 0 0 0;--_gs-bg-desktop:transparent none;--_gs-bg-xp-desktop:0px;--_gs-zi-desktop:auto;--_gs-d-desktop:block;--_gs-mw-desktop:calc(100% - 0 - 0);--_gs-gap-tablet:0px 0px;--_gs-m-tablet:0 0 0 0;--_gs-p-tablet:0 0 0 0;--_gs-bg-tablet:transparent none;--_gs-bg-xp-tablet:0px;--_gs-zi-tablet:auto;--_gs-d-tablet:block;--_gs-mw-tablet:calc(100% - 0 - 0);--_gs-gap-mobile:0px 0px;--_gs-m-mobile:20px 0 0 0;--_gs-p-mobile:0 0 0 0;--_gs-bg-mobile:transparent none;--_gs-bg-xp-mobile:0px;--_gs-zi-mobile:auto;--_gs-d-mobile:block;--_gs-mw-mobile:calc(100% - 0 - 0);--_gs-columns:12;--_gs-rows:6\"><div class=\"grids-s-w_i\">\n<div class=\"grids-area\" style=\"--_ga-column:1\/13;--_ga-row:1\/7;--_ga-m-desktop:0 0 0 0;--_ga-p-desktop:0 0 0 0;--_ga-bg-desktop:transparent none;--_ga-zi-desktop:auto;--_ga-d-desktop:flex;--_ga-mw-desktop:calc(100% - 0 - 0);--_ga-m-tablet:0 0 0 0;--_ga-p-tablet:0 0 0 0;--_ga-bg-tablet:transparent none;--_ga-zi-tablet:auto;--_ga-d-tablet:flex;--_ga-mw-tablet:calc(100% - 0 - 0);--_ga-m-mobile:0 0 0 0;--_ga-p-mobile:0 0 0 0;--_ga-bg-mobile:transparent none;--_ga-zi-mobile:auto;--_ga-d-mobile:flex;--_ga-mw-mobile:calc(100% - 0 - 0)\">\n\n<h2 class=\"wp-block-heading has-text-align-center palm-before palm-after has-text-color\" style=\"color:#004f6c\">Og\u00f3lne informacje\n        <\/h2>\n\n\n\n<h3 class=\"wp-block-heading has-text-align-left\">Og\u00f3lne normy\n        <\/h3>\n\n\n\n<p>Surowo wzbronione jest wykopywanie do\u0142\u00f3w w ziemi, niszczenie ro\u015blin, palenie ognia poza grillem, zabawy pi\u0142k\u0105 lub inne gry, kt\u00f3re przeszkadzaj\u0105 innym; rozci\u0105ganie plandek zacieniaj\u0105cych, rozwieszanie sznurk\u00f3w na wysoko\u015bci cz\u0142owieka, instalowanie struktur, kt\u00f3re w opinii dyrekcji s\u0105 niebezpieczne lub niew\u0142a\u015bciwe, niszczenie wyposa\u017cenia lub manipulowanie przy nim.\n        <\/p>\n\n\n\n<p><strong>Zwierz\u0119ta<\/strong> s\u0105 dozwolone<strong>jedynie w tych miejscach na polu namiotowym, kt\u00f3re maj\u0105 maksymalny rozmiar<\/strong>.\n        <\/p>\n\n\n\n<h3 class=\"wp-block-heading\">Warunki rezerwacji\n        <\/h3>\n\n\n\n<p><strong>Rezerwacja jest potwierdzana po z\u0142o\u017ceniu kaucji w wysoko\u015bci 200 euro na tydzie\u0144 przelewem bankowym<\/strong>.\n         Rezerwacj\u0119 mo\u017cna uzna\u0107 za ostateczn\u0105 dopiero, gdy Dyrekcja prze\u015ble POTWIERDZENIE REZERWACJI.\n        <\/p>\n\n\n\n<h3 class=\"wp-block-heading\">P\u0142atno\u015b\u0107 przy przyje\u017adzie\n        <\/h3>\n\n\n\n<p>Akceptujemy wy\u0142\u0105cznie\n        <\/p>\n\n\n\n<ul class=\"wp-block-list\">\n<li>got\u00f3wk\u0119\n        <\/li>\n\n\n\n<li>karty kredytowe\n        <\/li>\n\n\n\n<li>karty p\u0142atnicze\n        <\/li>\n\n\n\n<li>przelewem bankowym na co najmniej 3 dni przed zameldowaniem.<\/li>\n<\/ul>\n\n\n\n<p><strong>Nie akceptujemy czek\u00f3w.\n        <\/strong><\/p>\n\n\n\n<p><strong>Godziny otwarcia kas<\/strong>: 8.00 &#8211; 12:30 i 13:30-20.00\n        <\/p>\n\n\n\n<h3 class=\"wp-block-heading\">Szkody\n        <\/h3>\n\n\n\n<p>Recepcja nie odpowiada za szkody wyrz\u0105dzone przez go\u015bci, z powodu si\u0142y wy\u017cszej, kl\u0119sk \u017cywio\u0142owych i innych przyczyn, kt\u00f3re nie zale\u017c\u0105 od zaniedba\u0144 personelu kempingu.\n         <br>Dyrekcja mo\u017ce usun\u0105\u0107 ka\u017cdego, kto nie przestrzega zasad niniejszego regulaminu.\n        <\/p>\n\n\n\n<h3 class=\"wp-block-heading\">Odwo\u0142ania \n        <\/h3>\n\n\n\n<ul class=\"wp-block-list\">\n<li>W okresie 30 dni do pocz\u0105tku pobytu zostanie zwr\u00f3cone 50 procent depozytu, minus prowizja 15 euro<\/li>\n\n\n\n<li>Po tym terminie nie jest przewidywany \u017caden zwrot.\n        <\/li>\n<\/ul>\n\n<\/div>\n<\/div><\/div>\n\n<div  id=\"accesso\" class=\"grids-section grids-is-advanced alignwide\" style=\"--_gs-gap-desktop:0px 0px;--_gs-m-desktop:0 0 0 0;--_gs-p-desktop:0 0 0 0;--_gs-bg-desktop:transparent none;--_gs-bg-xp-desktop:0px;--_gs-zi-desktop:auto;--_gs-d-desktop:block;--_gs-mw-desktop:calc(100% - 0 - 0);--_gs-gap-tablet:0px 0px;--_gs-m-tablet:0 0 0 0;--_gs-p-tablet:0 0 0 0;--_gs-bg-tablet:transparent none;--_gs-bg-xp-tablet:0px;--_gs-zi-tablet:auto;--_gs-d-tablet:block;--_gs-mw-tablet:calc(100% - 0 - 0);--_gs-gap-mobile:0px 0px;--_gs-m-mobile:0 0 0 0;--_gs-p-mobile:0 0 0 0;--_gs-bg-mobile:transparent none;--_gs-bg-xp-mobile:0px;--_gs-zi-mobile:auto;--_gs-d-mobile:block;--_gs-mw-mobile:calc(100% - 0 - 0);--_gs-columns:12;--_gs-rows:6\"><div class=\"grids-s-w_i\">\n<div class=\"grids-area\" style=\"--_ga-column:1\/13;--_ga-row:1\/7;--_ga-m-desktop:0 0 0 0;--_ga-p-desktop:0 0 0 0;--_ga-bg-desktop:transparent none;--_ga-zi-desktop:auto;--_ga-d-desktop:flex;--_ga-mw-desktop:calc(100% - 0 - 0);--_ga-m-tablet:0 0 0 0;--_ga-p-tablet:0 0 0 0;--_ga-bg-tablet:transparent none;--_ga-zi-tablet:auto;--_ga-d-tablet:flex;--_ga-mw-tablet:calc(100% - 0 - 0);--_ga-m-mobile:0 0 0 0;--_ga-p-mobile:0 0 0 0;--_ga-bg-mobile:transparent none;--_ga-zi-mobile:auto;--_ga-d-mobile:flex;--_ga-mw-mobile:calc(100% - 0 - 0)\">\n\n<div style=\"height:30px\" aria-hidden=\"true\" class=\"wp-block-spacer\"><\/div>\n\n\n\n<h2 class=\"wp-block-heading has-text-align-center palm-before palm-after has-text-color\" style=\"color:#004f6c\">Dost\u0119p i wizyty\n        <\/h2>\n\n\n\n<h3 class=\"wp-block-heading has-text-align-left\">Dost\u0119p\n        <\/h3>\n\n\n\n<p>Ktokolwiek i w jakimkolwiek celu wchodzi na kemping, musi uzyska\u0107 <strong>zgod\u0119 Dyrekcji<\/strong>.\n         W tym celu nale\u017cy wr\u0119czy\u0107 Dyrekcji dokument to\u017csamo\u015bci ka\u017cdej z os\u00f3b w celu rejestracji oraz nale\u017cy zg\u0142osi\u0107 ka\u017cd\u0105 zmian\u0119 w czasie i sposobie przebywania na terenie kempingu.\n        <\/p>\n\n\n\n<h3 class=\"wp-block-heading\">Wizyty\n        <\/h3>\n\n\n\n<p>Go\u015bcie mog\u0105 dosta\u0107 si\u0119 na kemping wy\u0142\u0105cznie uzyskawszy <strong>zgod\u0119 Dyrekcji<\/strong> Je\u015bli wizyta przed\u0142u\u017cy si\u0119 <strong>na ponad 30 minut<\/strong> nale\u017cy zap\u0142aci\u0107 <strong>kwot\u0119 za pobyt tak\u0105, jak w przypadku codziennego go\u015bcia<\/strong>.\n        <\/p>\n\n\n\n<p><strong>Godziny wizyt<\/strong>: 8.00 &#8211; 12:30 i 13:30-20.00\n        <\/p>\n\n\n\n<h3 class=\"wp-block-heading\">Go\u015bcie tymczasowi<\/h3>\n\n\n\n<ul class=\"wp-block-list\">\n<li>Tymczasowi go\u015bcie (osoby zakwaterowane na jedn\u0105 lub wi\u0119cej nocy przez w\u0142a\u015bcicieli jednostek zakwaterowania lub boisk) s\u0105 dozwoleni pod warunkiem, \u017ce ca\u0142kowita liczba nocuj\u0105cych go\u015bci nie przekracza maksymalnej dozwolonej liczby os\u00f3b dla danego typu jednostki zakwaterowania\/boiska.<\/li>\n\n\n\n<li>Przyjazd i wyjazd takich go\u015bci musi by\u0107 zg\u0142aszany w czasie rzeczywistym do recepcji, kt\u00f3ra dokona ich rejestracji i kontrasygnaty przez go\u015bcia.<\/li>\n\n\n\n<li>Zwiedzaj\u0105cy mog\u0105 wej\u015b\u0107 tylko w godzinach otwarcia kasy biletowej.<\/li>\n<\/ul>\n\n\n\n<h3 class=\"wp-block-heading\">Codzienni go\u015bcie<\/h3>\n\n\n\n<ul class=\"wp-block-list\">\n<li>Go\u015bcie jednodniowi s\u0105 przyjmowani, po uzyskaniu zgody kierownictwa, od 08:00 do 20:00. Pozosta\u0142\u0105 cz\u0119\u015b\u0107 op\u0142aty za pobyt nale\u017cy ui\u015bci\u0107 w godzinach pracy kasy.<\/li>\n\n\n\n<li>W obiektach zakwaterowania dla go\u015bci jednodniowych, niezale\u017cnie od wieku (od 08:00 do 20:00) 10,00 \u20ac za osob\u0119.<\/li>\n\n\n\n<li>Odwiedzaj\u0105cy przebywaj\u0105cy nie d\u0142u\u017cej ni\u017c 60 minut mog\u0105 wej\u015b\u0107 bezp\u0142atnie, ale musz\u0105 zdeponowa\u0107 wa\u017cny dokument to\u017csamo\u015bci, kt\u00f3ry zostanie zwr\u00f3cony przy wyj\u015bciu.<\/li>\n<\/ul>\n\n\n\n<h3 class=\"wp-block-heading\">Ruch pojazd\u00f3w\n        <\/h3>\n\n\n\n<p>Wszystkie pojazdy mog\u0105 by\u0107 u\u017cywane <strong>wy\u0142\u0105cznie do wje\u017cd\u017cania i wyje\u017cd\u017cania z kompleksu<\/strong>, podczas dozwolonych godzin, z umiarkowan\u0105 pr\u0119dko\u015bci\u0105 i musz\u0105 respektowa\u0107 obecne tu znaki.\n         Dodatkowo zabronione jest poruszanie si\u0119 dzieci na rowerach w czasie odpoczynku\n        <\/p>\n\n\n\n<p><strong>Czas odpoczynku, w kt\u00f3rym zabronione jest poruszanie si\u0119 rowerami przez dzieci<\/strong>: 13.00 &#8211; 15.00 i 23.00 &#8211; 07.30\n        <\/p>\n\n\n\n<h3 class=\"wp-block-heading\">Dzieci\n        <\/h3>\n\n\n\n<p>Doro\u015bli s\u0105 odpowiedzialni za zachowanie swoich dzieci, kt\u00f3rym powinni zawsze towarzyszy\u0107 w drodze do infrastruktury sanitarnej, na plac zabaw, na pla\u017c\u0119 oraz nad morze. Dyrekcja zrzeka si\u0119 wszelkiej odpowiedzialno\u015bci w tej kwestii.         <\/p>\n\n\n\n<h3 class=\"wp-block-heading\">PETS<\/h3>\n\n\n\n<ul class=\"wp-block-list\">\n<li>Kierownictwo obiektu zach\u0119ca Go\u015bci do zg\u0142aszania obecno\u015bci ps\u00f3w podczas zameldowania. Psy musz\u0105 spe\u0142nia\u0107 wymogi sanitarne, co nale\u017cy potwierdzi\u0107 stosown\u0105 dokumentacj\u0105. W naszych kwaterach nie wolno przebywa\u0107 z psami; mog\u0105 one przebywa\u0107 wy\u0142\u0105cznie na wyznaczonych dla nich stanowiskach.<\/li>\n\n\n\n<li>Dost\u0119p do pla\u017cy i przejazd w obr\u0119bie kempingu jest dozwolony wy\u0142\u0105cznie w dozwolonych obszarach oznaczonych odpowiednimi znakami. Wszystkie psy musz\u0105 by\u0107 trzymane na smyczy.<\/li>\n\n\n\n<li>W gestii w\u0142a\u015bciciela le\u017cy trzymanie ich w taki spos\u00f3b, aby nie przeszkadza\u0142y ani nie wyrz\u0105dza\u0142y szk\u00f3d innym go\u015bciom. Ze wzgl\u0119d\u00f3w higienicznych i bezpiecze\u0144stwa psy mog\u0105 by\u0107 myte wy\u0142\u0105cznie w wannach zapewnionych przez kemping.<\/li>\n\n\n\n<li>Inne zwierz\u0119ta s\u0105 dozwolone wy\u0142\u0105cznie wed\u0142ug uznania kierownictwa.<\/li>\n\n\n\n<li>Zarz\u0105d nie ponosi odpowiedzialno\u015bci za jakiekolwiek szkody wyrz\u0105dzone osobom i\/lub mieniu przez zwierz\u0119ta domowe.<\/li>\n<\/ul>\n\n<\/div>\n<\/div><\/div>\n\n<div  id=\"soggiorno\" class=\"grids-section grids-is-advanced alignwide\" style=\"--_gs-gap-desktop:0px 0px;--_gs-m-desktop:0 0 0 0;--_gs-p-desktop:0 0 0 0;--_gs-bg-desktop:transparent none;--_gs-bg-xp-desktop:0px;--_gs-zi-desktop:auto;--_gs-d-desktop:block;--_gs-mw-desktop:calc(100% - 0 - 0);--_gs-gap-tablet:0px 0px;--_gs-m-tablet:0 0 0 0;--_gs-p-tablet:0 0 0 0;--_gs-bg-tablet:transparent none;--_gs-bg-xp-tablet:0px;--_gs-zi-tablet:auto;--_gs-d-tablet:block;--_gs-mw-tablet:calc(100% - 0 - 0);--_gs-gap-mobile:0px 0px;--_gs-m-mobile:0 0 0 0;--_gs-p-mobile:0 0 0 0;--_gs-bg-mobile:transparent none;--_gs-bg-xp-mobile:0px;--_gs-zi-mobile:auto;--_gs-d-mobile:block;--_gs-mw-mobile:calc(100% - 0 - 0);--_gs-columns:12;--_gs-rows:6\"><div class=\"grids-s-w_i\">\n<div class=\"grids-area\" style=\"--_ga-column:1\/13;--_ga-row:1\/7;--_ga-m-desktop:0 0 0 0;--_ga-p-desktop:0 0 0 0;--_ga-bg-desktop:transparent none;--_ga-zi-desktop:auto;--_ga-d-desktop:flex;--_ga-mw-desktop:calc(100% - 0 - 0);--_ga-m-tablet:0 0 0 0;--_ga-p-tablet:0 0 0 0;--_ga-bg-tablet:transparent none;--_ga-zi-tablet:auto;--_ga-d-tablet:flex;--_ga-mw-tablet:calc(100% - 0 - 0);--_ga-m-mobile:0 0 0 0;--_ga-p-mobile:0 0 0 0;--_ga-bg-mobile:transparent none;--_ga-zi-mobile:auto;--_ga-d-mobile:flex;--_ga-mw-mobile:calc(100% - 0 - 0)\">\n\n<div style=\"height:30px\" aria-hidden=\"true\" class=\"wp-block-spacer\"><\/div>\n\n\n\n<h2 class=\"wp-block-heading has-text-align-center palm-before palm-after has-text-color\" style=\"color:#004f6c\">Podczas pobytu\n        <\/h2>\n\n\n\n<h3 class=\"wp-block-heading has-text-align-left\">Depozyt warto\u015bciowych przedmiot\u00f3w\n        <\/h3>\n\n\n\n<p>Go\u015b\u0107 jest zobowi\u0105zany pilnowa\u0107 swojej w\u0142asno\u015bci.\n         Dyrekcja nie odpowiada za ewentualne kradzie\u017ce przedmiot\u00f3w i d\u00f3br, kt\u00f3rych jej nie powierzono i kt\u00f3rych pilnowania nie zaakceptowa\u0142a. \n        <\/p>\n\n\n\n<h3 class=\"wp-block-heading\">Wiadomo\u015bci telefoniczne\n        <\/h3>\n\n\n\n<p>Komunikacja z go\u015b\u0107mi b\u0119dzie prowadzona przez g\u0142o\u015bnik w okre\u015blonych przedzia\u0142ach czasu\n         Komunikaty poza rozk\u0142adem godzinowym b\u0119d\u0105 rozpisane w Dyrekcji.\n        <\/p>\n\n<\/div>\n<\/div><\/div>\n\n<div  id=\"camping\" class=\"grids-section grids-is-advanced alignwide\" style=\"--_gs-gap-desktop:0px 0px;--_gs-m-desktop:0 0 0 0;--_gs-p-desktop:0 0 0 0;--_gs-bg-desktop:transparent none;--_gs-bg-xp-desktop:0px;--_gs-zi-desktop:auto;--_gs-d-desktop:block;--_gs-mw-desktop:calc(100% - 0 - 0);--_gs-gap-tablet:0px 0px;--_gs-m-tablet:0 0 0 0;--_gs-p-tablet:0 0 0 0;--_gs-bg-tablet:transparent none;--_gs-bg-xp-tablet:0px;--_gs-zi-tablet:auto;--_gs-d-tablet:block;--_gs-mw-tablet:calc(100% - 0 - 0);--_gs-gap-mobile:0px 0px;--_gs-m-mobile:0 0 0 0;--_gs-p-mobile:0 0 0 0;--_gs-bg-mobile:transparent none;--_gs-bg-xp-mobile:0px;--_gs-zi-mobile:auto;--_gs-d-mobile:block;--_gs-mw-mobile:calc(100% - 0 - 0);--_gs-columns:12;--_gs-rows:6\"><div class=\"grids-s-w_i\">\n<div class=\"grids-area\" style=\"--_ga-column:1\/13;--_ga-row:1\/7;--_ga-m-desktop:0 0 0 0;--_ga-p-desktop:0 0 0 0;--_ga-bg-desktop:transparent none;--_ga-zi-desktop:auto;--_ga-d-desktop:flex;--_ga-mw-desktop:calc(100% - 0 - 0);--_ga-m-tablet:0 0 0 0;--_ga-p-tablet:0 0 0 0;--_ga-bg-tablet:transparent none;--_ga-zi-tablet:auto;--_ga-d-tablet:flex;--_ga-mw-tablet:calc(100% - 0 - 0);--_ga-m-mobile:0 0 0 0;--_ga-p-mobile:0 0 0 0;--_ga-bg-mobile:transparent none;--_ga-zi-mobile:auto;--_ga-d-mobile:flex;--_ga-mw-mobile:calc(100% - 0 - 0)\">\n\n<div style=\"height:30px\" aria-hidden=\"true\" class=\"wp-block-spacer\"><\/div>\n\n\n\n<h2 class=\"wp-block-heading has-text-align-center palm-before palm-after has-text-color\" style=\"color:#004f6c\">Camping\n        <\/h2>\n\n\n\n<p>Op\u0142aty pobierane s\u0105 za dzie\u0144, niezale\u017cnie od godziny przyjazdu.\n         Dzie\u0144 wyjazdu r\u00f3wnie\u017c zostanie wliczony, je\u015bli wyjazd nast\u0105pi po godzinie 11:00.\n        <\/p>\n\n\n\n<h4 class=\"wp-block-heading\">Przydzielanie miejsca na polu namiotowym\n        <\/h4>\n\n\n\n<p>Miejsce zostanie przydzielone wed\u0142ug uznania w momencie przyjazdu i nie s\u0105 dozwolone zmiany bez zgody Dyrekcji.\n         Samoch\u00f3d musi zosta\u0107 zaparkowany na miejscu na polu namiotowym, obok namiotu, przyczepy lub w miejscu wyznaczonym przez dyrekcj\u0119\n        <\/p>\n\n<\/div>\n<\/div><\/div>\n\n<div  id=\"alloggi\" class=\"grids-section grids-is-advanced alignwide\" style=\"--_gs-gap-desktop:0px 0px;--_gs-m-desktop:0 0 0 0;--_gs-p-desktop:0 0 0 0;--_gs-bg-desktop:transparent none;--_gs-bg-xp-desktop:0px;--_gs-zi-desktop:auto;--_gs-d-desktop:block;--_gs-mw-desktop:calc(100% - 0 - 0);--_gs-gap-tablet:0px 0px;--_gs-m-tablet:0 0 0 0;--_gs-p-tablet:0 0 0 0;--_gs-bg-tablet:transparent none;--_gs-bg-xp-tablet:0px;--_gs-zi-tablet:auto;--_gs-d-tablet:block;--_gs-mw-tablet:calc(100% - 0 - 0);--_gs-gap-mobile:0px 0px;--_gs-m-mobile:0 0 0 0;--_gs-p-mobile:0 0 0 0;--_gs-bg-mobile:transparent none;--_gs-bg-xp-mobile:0px;--_gs-zi-mobile:auto;--_gs-d-mobile:block;--_gs-mw-mobile:calc(100% - 0 - 0);--_gs-columns:12;--_gs-rows:6\"><div class=\"grids-s-w_i\">\n<div class=\"grids-area\" style=\"--_ga-column:1\/13;--_ga-row:1\/7;--_ga-m-desktop:0 0 0 0;--_ga-p-desktop:0 0 0 0;--_ga-bg-desktop:transparent none;--_ga-zi-desktop:auto;--_ga-d-desktop:flex;--_ga-mw-desktop:calc(100% - 0 - 0);--_ga-m-tablet:0 0 0 0;--_ga-p-tablet:0 0 0 0;--_ga-bg-tablet:transparent none;--_ga-zi-tablet:auto;--_ga-d-tablet:flex;--_ga-mw-tablet:calc(100% - 0 - 0);--_ga-m-mobile:0 0 0 0;--_ga-p-mobile:0 0 0 0;--_ga-bg-mobile:transparent none;--_ga-zi-mobile:auto;--_ga-d-mobile:flex;--_ga-mw-mobile:calc(100% - 0 - 0)\">\n\n<div style=\"height:30px\" aria-hidden=\"true\" class=\"wp-block-spacer\"><\/div>\n\n\n\n<h2 class=\"wp-block-heading has-text-align-center palm-before palm-after has-text-color\" style=\"color:#004f6c\">Zakwaterowanie\n        <\/h2>\n\n\n\n<h3 class=\"wp-block-heading\">Kaucja\n        <\/h3>\n\n\n\n<p>W momencie przybycia zostanie pobrana <strong>kaucja w wysoko\u015bci 50 euro<\/strong>, kt\u00f3r\u0105 zwr\u00f3cimy w momencie wyjazdu, po skontrolowaniu miejsca zakwaterowania.\n        <\/p>\n\n\n\n<h3 class=\"wp-block-heading\">Co zawarte jest w cenie\n        <\/h3>\n\n\n\n<ul class=\"wp-block-list\">\n<li>W domu: lod\u00f3wka, zu\u017cycie wody, pr\u0105du i gazu, telewizor i miejsce na samoch\u00f3d\n         <\/li>\n\n\n\n<li>Na pla\u017cy: parasol i 2 \u0142\u00f3\u017cka pla\u017cowe na prywatnej pla\u017cy (us\u0142ugi pla\u017cowe z wyj\u0105tkiem okresu od 5 do 30 kwietnia i od 8 do 20 wrze\u015bnia ) dla pobyt\u00f3w kr\u00f3tszych ni\u017c 7 nocy<\/li>\n\n\n\n<li>W wiosce: plac zabaw dla dzieci\n         <\/li>\n<\/ul>\n\n\n\n<p>Liczba os\u00f3b wyznaczona dla jednej jednostki zakwaterowania to dozwolone maksimum\n         <\/p>\n\n\n\n<h3 class=\"wp-block-heading\">Dodatkowe koszty\n        <\/h3>\n\n\n\n<ul class=\"wp-block-list\">\n<li>Wypo\u017cyczenie prze\u015bcierade\u0142 na tydzie\u0144: 15,00 euro dwuosobowe i 15,00 euro pojedyncze;<\/li>\n\n\n\n<li>Ko\u0144cowe sprz\u0105tanie: 35 euro\n        <\/li>\n<\/ul>\n\n<\/div>\n<\/div><\/div>\n\n<div  id=\"check-in\" class=\"grids-section grids-is-advanced\" style=\"--_gs-gap-desktop:0px 0px;--_gs-m-desktop:0 0 0 0;--_gs-p-desktop:0 0 0 0;--_gs-bg-desktop:#ccdce2 none;--_gs-bg-xp-desktop:0px;--_gs-zi-desktop:auto;--_gs-d-desktop:block;--_gs-mw-desktop:calc(100% - 0 - 0);--_gs-gap-tablet:0px 0px;--_gs-m-tablet:0 0 0 0;--_gs-p-tablet:0 0 0 0;--_gs-bg-tablet:#ccdce2 none;--_gs-bg-xp-tablet:0px;--_gs-zi-tablet:auto;--_gs-d-tablet:block;--_gs-mw-tablet:calc(100% - 0 - 0);--_gs-gap-mobile:0px 0px;--_gs-m-mobile:0 0 0 0;--_gs-p-mobile:0 0 0 0;--_gs-bg-mobile:#ccdce2 none;--_gs-bg-xp-mobile:0px;--_gs-zi-mobile:auto;--_gs-d-mobile:block;--_gs-mw-mobile:calc(100% - 0 - 0);--_gs-columns:12;--_gs-rows:6\"><div class=\"grids-s-w_i\">\n<div class=\"grids-area\" style=\"--_ga-column:1\/13;--_ga-row:1\/2;--_ga-m-desktop:0 0 0 0;--_ga-p-desktop:0 0 0 0;--_ga-bg-desktop:transparent none;--_ga-zi-desktop:auto;--_ga-d-desktop:flex;--_ga-mw-desktop:calc(100% - 0 - 0);--_ga-m-tablet:0 0 0 0;--_ga-p-tablet:0 0 0 0;--_ga-bg-tablet:transparent none;--_ga-zi-tablet:auto;--_ga-d-tablet:flex;--_ga-mw-tablet:calc(100% - 0 - 0);--_ga-m-mobile:0 0 0 0;--_ga-p-mobile:0 0 0 0;--_ga-bg-mobile:transparent none;--_ga-zi-mobile:auto;--_ga-d-mobile:flex;--_ga-mw-mobile:calc(100% - 0 - 0)\">\n<div  class=\"grids-section grids-is-advanced\" style=\"--_gs-gap-desktop:0px 0px;--_gs-m-desktop:0 0 0 0;--_gs-p-desktop:30px 0 0 0;--_gs-bg-desktop:transparent none;--_gs-bg-xp-desktop:0px;--_gs-zi-desktop:auto;--_gs-d-desktop:block;--_gs-mw-desktop:calc(100% - 0 - 0);--_gs-gap-tablet:0px 0px;--_gs-m-tablet:0 0 0 0;--_gs-p-tablet:30px 0 0 0;--_gs-bg-tablet:transparent none;--_gs-bg-xp-tablet:0px;--_gs-zi-tablet:auto;--_gs-d-tablet:block;--_gs-mw-tablet:calc(100% - 0 - 0);--_gs-gap-mobile:0px 0px;--_gs-m-mobile:0 0 0 0;--_gs-p-mobile:30px 0 0 0;--_gs-bg-mobile:transparent none;--_gs-bg-xp-mobile:0px;--_gs-zi-mobile:auto;--_gs-d-mobile:block;--_gs-mw-mobile:calc(100% - 0 - 0);--_gs-columns:12;--_gs-rows:6\"><div class=\"grids-s-w_i\">\n<div class=\"grids-area\" style=\"--_ga-column:2\/12;--_ga-row:1\/2;--_ga-m-desktop:0 0 0 0;--_ga-p-desktop:0 0 0 0;--_ga-bg-desktop:transparent none;--_ga-zi-desktop:auto;--_ga-d-desktop:flex;--_ga-mw-desktop:calc(100% - 0 - 0);--_ga-m-tablet:0 0 0 0;--_ga-p-tablet:0 0 0 0;--_ga-bg-tablet:transparent none;--_ga-zi-tablet:auto;--_ga-d-tablet:flex;--_ga-mw-tablet:calc(100% - 0 - 0);--_ga-m-mobile:0 0 0 0;--_ga-p-mobile:0 0 0 0;--_ga-bg-mobile:transparent none;--_ga-zi-mobile:auto;--_ga-d-mobile:flex;--_ga-mw-mobile:calc(100% - 0 - 0)\">\n\n<h2 class=\"wp-block-heading has-text-align-center\">Zameldowanie i wymeldowanie\n        <\/h2>\n\n<\/div>\n\n<div class=\"grids-area\" style=\"--_ga-column:2\/7;--_ga-row:2\/3;--_ga-m-desktop:0 15px 0 0;--_ga-p-desktop:20px 20px 20px 20px;--_ga-bg-desktop:transparent none;--_ga-zi-desktop:auto;--_ga-d-desktop:flex;--_ga-mw-desktop:calc(100% - 0 - 15px);--_ga-m-tablet:0 15px 0 0;--_ga-p-tablet:20px 20px 20px 20px;--_ga-bg-tablet:transparent none;--_ga-zi-tablet:auto;--_ga-d-tablet:flex;--_ga-mw-tablet:calc(100% - 0 - 15px);--_ga-m-mobile:0 0px 0 0;--_ga-p-mobile:20px 20px 20px 20px;--_ga-bg-mobile:transparent none;--_ga-zi-mobile:auto;--_ga-d-mobile:flex;--_ga-mw-mobile:calc(100% - 0 - 0px)\">\n\n<p class=\"has-text-align-center\"><strong>Domy mobilne Amalfi, domki letniskowe B\u00fcrstner\n        <\/strong><br><strong>i Garden Villa\n        <\/strong><\/p>\n\n\n\n<p class=\"has-text-align-center\"><strong>Zameldowanie<\/strong>: sobota po 15:30\n        <br><strong>Wymeldowanie<\/strong>: sobota po 10:00\n        <\/p>\n\n<\/div>\n\n<div class=\"grids-area\" style=\"--_ga-column:7\/12;--_ga-row:2\/3;--_ga-m-desktop:0 0 0 15px;--_ga-p-desktop:20px 20px 20px 20px;--_ga-bg-desktop:transparent none;--_ga-zi-desktop:auto;--_ga-d-desktop:flex;--_ga-mw-desktop:calc(100% - 15px - 0);--_ga-m-tablet:0 0 0 15px;--_ga-p-tablet:20px 20px 20px 20px;--_ga-bg-tablet:transparent none;--_ga-zi-tablet:auto;--_ga-d-tablet:flex;--_ga-mw-tablet:calc(100% - 15px - 0);--_ga-m-mobile:0 0 0 0px;--_ga-p-mobile:20px 20px 20px 20px;--_ga-bg-mobile:transparent none;--_ga-zi-mobile:auto;--_ga-d-mobile:flex;--_ga-mw-mobile:calc(100% - 0px - 0)\">\n\n<p class=\"has-text-align-center\"><strong>Apartamenty, zakwaterowanie De Luxe i\n        <\/strong><br><strong>Villa De Luxe Spa\n        <\/strong><\/p>\n\n\n\n<p class=\"has-text-align-center\"><strong>Zameldowanie<\/strong>: pi\u0105tek po 15:30\n        <br><strong>Wymeldowanie<\/strong>: pi\u0105tek do 10:00\n        <\/p>\n\n<\/div>\n<\/div><\/div>\n<\/div>\n<\/div><\/div>","protected":false},"excerpt":{"rendered":"","protected":false},"author":6,"featured_media":1961,"parent":0,"menu_order":0,"comment_status":"closed","ping_status":"closed","template":"","meta":{"_acf_changed":false,"_seopress_robots_primary_cat":"","_seopress_titles_title":"%%post_title%% %%sep%% %%sitetitle%%\n        ","_seopress_titles_desc":"Przeczytaj regulamin Camping Tropical w Sottomarinie.\n        ","_seopress_robots_index":"","advgb_blocks_editor_width":"","advgb_blocks_columns_visual_guide":"","footnotes":""},"class_list":["post-2795","page","type-page","status-publish","has-post-thumbnail","hentry","entry"],"acf":[],"coauthors":[],"author_meta":{"author_link":"https:\/\/www.campingtropical.com\/pl\/author\/federica-o8y61tra\/","display_name":"federica.o8y61tra"},"relative_dates":{"created":"Posted 3 lata ago","modified":"Updated 1 rok ago"},"absolute_dates":{"created":"Posted on 24 maja, 2023","modified":"Updated on 3 grudnia, 2024"},"absolute_dates_time":{"created":"Posted on 24 maja, 2023 8:29 am","modified":"Updated on 3 grudnia, 2024 8:39 am"},"featured_img_caption":"","featured_img":"https:\/\/www.campingtropical.com\/wp-content\/uploads\/2023\/04\/camping-tropical-spiaggia-privata-banner-2-1568x784.jpg","series_order":"","_links":{"self":[{"href":"https:\/\/www.campingtropical.com\/pl\/wp-json\/wp\/v2\/pages\/2795","targetHints":{"allow":["GET"]}}],"collection":[{"href":"https:\/\/www.campingtropical.com\/pl\/wp-json\/wp\/v2\/pages"}],"about":[{"href":"https:\/\/www.campingtropical.com\/pl\/wp-json\/wp\/v2\/types\/page"}],"author":[{"embeddable":true,"href":"https:\/\/www.campingtropical.com\/pl\/wp-json\/wp\/v2\/users\/6"}],"replies":[{"embeddable":true,"href":"https:\/\/www.campingtropical.com\/pl\/wp-json\/wp\/v2\/comments?post=2795"}],"version-history":[{"count":8,"href":"https:\/\/www.campingtropical.com\/pl\/wp-json\/wp\/v2\/pages\/2795\/revisions"}],"predecessor-version":[{"id":3719,"href":"https:\/\/www.campingtropical.com\/pl\/wp-json\/wp\/v2\/pages\/2795\/revisions\/3719"}],"wp:featuredmedia":[{"embeddable":true,"href":"https:\/\/www.campingtropical.com\/pl\/wp-json\/wp\/v2\/media\/1961"}],"wp:attachment":[{"href":"https:\/\/www.campingtropical.com\/pl\/wp-json\/wp\/v2\/media?parent=2795"}],"curies":[{"name":"wp","href":"https:\/\/api.w.org\/{rel}","templated":true}]}}